{"id":9749,"date":"2016-02-04T17:50:06","date_gmt":"2016-02-04T16:50:06","guid":{"rendered":"http:\/\/klubmamgdynia.pl\/index.php\/produkt\/shnuggle-myjki-dla-dzieci-3szt-pink\/"},"modified":"2026-05-17T22:49:51","modified_gmt":"2026-05-17T20:49:51","slug":"shnuggle-myjki-dla-dzieci-3szt-pink","status":"publish","type":"product","link":"http:\/\/klubmamgdynia.pl\/index.php\/produkt\/shnuggle-myjki-dla-dzieci-3szt-pink\/","title":{"rendered":"Shnuggle &#8211; Myjki Dla Dzieci 3Szt. Pink"},"content":{"rendered":"<p>Shnuggle Myjki dla Dzieci 3szt PinkNumer kat. SHN-WC-PNKMyjki dla dzieci Schnuggle to zestaw 3 sztuk niezwykle mi\u0119kkich i delikatnych myjek. Mieszanka wiskozy bambusowej i bawe\u0142ny tworzy przyjemn\u0105 w dotyku tkanin\u0119 charakteryzuj\u0105c\u0105 si\u0119 w\u0142a\u015bciwo\u015bciami antybakteryjnymi oraz wyj\u0105tkow\u0105 ch\u0142onno\u015bci\u0105. Atutem wiskozy bambusowej jest to, \u017ce d\u0142ugo zachowuje swoje w\u0142a\u015bciwo\u015bci i estetyczny wygl\u0105d pomimo intensywnej eksploatacji. Wysoka jako\u015b\u0107 materia\u0142u sprawia, \u017ce myjki s\u0105 przyjazne dla wra\u017cliwie sk\u00f3ry dzieci i niemowl\u0105t, r\u00f3wnie\u017c tych z alergiami sk\u00f3rnymi. Myjki doskonale sprawdz\u0105 si\u0119 od pierwszych k\u0105pieli dziecka. Zestaw zawiera: 3 myjki w tym: 2 w kolorze r\u00f3\u017cowym, 1 w kolorze bia\u0142ymMateria\u0142:70% wiskoza bambusowa30% bawe\u0142na Wymiary: 25 cm x 25 cm Piel\u0119gnacja: Pra\u0107 w pralce w 30 stopniach Nie wybiela\u0107 Suszy\u0107 w suszarce w niskiej temperaturzePrasowa\u0107 w niskiej temperaturze<\/p>\n<h2>Shnuggle &#8211; Myjki Dla Dzieci 3Szt. Pink Shnuggle<\/h2>\n<p>kolorowanka do druku super zings, opowie\u015bci z narni test, prezent na urodziny dla nastolatk\u00f3w, test znaki drogowe, minecraft szablony do druku, \u015bmieszne zagadki dla dzieci, fajne zagadki dla dzieci, zaproszenie na urodziny dziecka do druku, platformy edukacyjne, piosenki na dobranoc tekst, kolorowanki dla dziewczynek 10 lat, gdy strumyk p\u0142ynie z wolna<\/p>\n<p>yyyyy<\/p>\n<p>&nbsp;<\/p>\n","protected":false},"excerpt":{"rendered":"<p>Shnuggle Myjki dla Dzieci 3szt PinkNumer kat. SHN-WC-PNKMyjki dla dzieci Schnuggle to zestaw 3 sztuk niezwykle mi\u0119kkich i delikatnych myjek. Mieszanka wiskozy bambusowej i bawe\u0142ny tworzy przyjemn\u0105 w dotyku tkanin\u0119 charakteryzuj\u0105c\u0105 si\u0119 w\u0142a\u015bciwo\u015bciami antybakteryjnymi oraz wyj\u0105tkow\u0105 ch\u0142onno\u015bci\u0105. Atutem wiskozy bambusowej jest to, \u017ce d\u0142ugo zachowuje swoje w\u0142a\u015bciwo\u015bci i estetyczny wygl\u0105d pomimo intensywnej eksploatacji. Wysoka jako\u015b\u0107 [&hellip;]<\/p>\n","protected":false},"featured_media":9750,"comment_status":"closed","ping_status":"open","template":"","meta":[],"product_cat":[30,1370],"product_tag":[781,667,632],"class_list":["post-9749","product","type-product","status-publish","has-post-thumbnail","hentry","product_cat-reczniki-i-okrycia-kapielowe","product_cat-shnuggle","product_tag-cytaty-o-wychowaniu-dzieci","product_tag-kolorowanka-lol","product_tag-warszawa-atrakcje-dla-mlodziezy"],"_links":{"self":[{"href":"http:\/\/klubmamgdynia.pl\/index.php\/wp-json\/wp\/v2\/product\/9749","targetHints":{"allow":["GET"]}}],"collection":[{"href":"http:\/\/klubmamgdynia.pl\/index.php\/wp-json\/wp\/v2\/product"}],"about":[{"href":"http:\/\/klubmamgdynia.pl\/index.php\/wp-json\/wp\/v2\/types\/product"}],"replies":[{"embeddable":true,"href":"http:\/\/klubmamgdynia.pl\/index.php\/wp-json\/wp\/v2\/comments?post=9749"}],"wp:featuredmedia":[{"embeddable":true,"href":"http:\/\/klubmamgdynia.pl\/index.php\/wp-json\/wp\/v2\/media\/9750"}],"wp:attachment":[{"href":"http:\/\/klubmamgdynia.pl\/index.php\/wp-json\/wp\/v2\/media?parent=9749"}],"wp:term":[{"taxonomy":"product_cat","embeddable":true,"href":"http:\/\/klubmamgdynia.pl\/index.php\/wp-json\/wp\/v2\/product_cat?post=9749"},{"taxonomy":"product_tag","embeddable":true,"href":"http:\/\/klubmamgdynia.pl\/index.php\/wp-json\/wp\/v2\/product_tag?post=9749"}],"curies":[{"name":"wp","href":"https:\/\/api.w.org\/{rel}","templated":true}]}}