{"id":9751,"date":"2014-11-17T07:35:26","date_gmt":"2014-11-17T06:35:26","guid":{"rendered":"http:\/\/klubmamgdynia.pl\/index.php\/produkt\/3-sprouts-kosz-na-bielizne-mis-polarny-3slhpb\/"},"modified":"2026-05-17T22:38:08","modified_gmt":"2026-05-17T20:38:08","slug":"3-sprouts-kosz-na-bielizne-mis-polarny-3slhpb","status":"publish","type":"product","link":"http:\/\/klubmamgdynia.pl\/index.php\/produkt\/3-sprouts-kosz-na-bielizne-mis-polarny-3slhpb\/","title":{"rendered":"3 sprouts Kosz na bielizn\u0119 &#8211; Mi\u015b Polarny (3SLHPB)"},"content":{"rendered":"<p>Kosz na pranie 3 Sprouts Produkt jest innowacyjny w swej formie. Nazw\u0105 sugeruje sprytny pojemnik na brudne ubranka niemowlaka, kt\u00f3re rzeczywi\u015bcie warto trzyma\u0107 w innym miejscu ni\u017c doros\u0142ych. Dwa, du\u017ce za\u0142amane uchwyty tworz\u0105 \u0142atwy dost\u0119p do ubranek. Pojemnik, jest jednak wykorzystywany w na kilka innych sposob\u00f3w. W pokoju dzieci\u0119cym s\u0142u\u017cy jako stabilny pojemnik na zabawki. Kosz mo\u017cna chwyci\u0107 za du\u017ce uszy i zabra\u0107 go na piknik. Zmieszcz\u0105 si\u0119 w nim nie tylko smako\u0142yki ale i kocyk czy inne piknikowe przybory. Du\u017c\u0105 zalet\u0105 pojemnika jest mo\u017cliwo\u015b\u0107 z\u0142o\u017cenia go do ma\u0142ych rozmiar\u00f3w, oraz praktyczne, \u015bliskie wype\u0142nienie wewn\u0105trz pozwalaj\u0105ce na \u0142atwe utrzymanie w czysto\u015bci. Unikatowy design zaprojektowany w Kanadzie.Wymiary:- wysoko\u015b\u0107: 49 cm- szeroko\u015b\u0107: 55 cm- g\u0142\u0119boko\u015b\u0107: 27 cmMateria\u0142y:- 100 % poliester- wype\u0142nienie: 100% spienionego polipropylenu 3 Sprouts to kanadyjska marka istniej\u0105ca od 2007 roku, specjalizuj\u0105ca si\u0119 w wysokiej jako\u015bci produktach dla dzieci. Wszystkie produkty 3 Sprouts charakteryzuj\u0105 si\u0119 wyj\u0105tkowym designem i podbijaj\u0105 serca rodzic\u00f3w i dzieci na ca\u0142ym \u015bwiecie.<\/p>\n<h2>3 sprouts Kosz na bielizn\u0119 &#8211; Mi\u015b Polarny (3SLHPB) 3 Sprouts<\/h2>\n<p>tabliczka mno\u017cenia zadania do druku, miasto dzieci pl, \u015bmieszne zagadki, pomys\u0142 na prezent dla nastolatk\u00f3w, prezent dla rocznego ch\u0142opca, zaj\u0105czek z jajka ugotowanego, pole dyniowe pozna\u0144, poczytaj mi wiersz, aurora imi\u0119, bajka o emocjach, julian znaczenie imienia<\/p>\n<p>yyyyy<\/p>\n<p>&nbsp;<\/p>\n","protected":false},"excerpt":{"rendered":"<p>Kosz na pranie 3 Sprouts Produkt jest innowacyjny w swej formie. Nazw\u0105 sugeruje sprytny pojemnik na brudne ubranka niemowlaka, kt\u00f3re rzeczywi\u015bcie warto trzyma\u0107 w innym miejscu ni\u017c doros\u0142ych. Dwa, du\u017ce za\u0142amane uchwyty tworz\u0105 \u0142atwy dost\u0119p do ubranek. Pojemnik, jest jednak wykorzystywany w na kilka innych sposob\u00f3w. W pokoju dzieci\u0119cym s\u0142u\u017cy jako stabilny pojemnik na zabawki. [&hellip;]<\/p>\n","protected":false},"featured_media":9752,"comment_status":"closed","ping_status":"open","template":"","meta":[],"product_cat":[1004,1845],"product_tag":[670,729,799,793],"class_list":["post-9751","product","type-product","status-publish","has-post-thumbnail","hentry","product_cat-3-sprouts","product_cat-pozostale-wyposazenie-pokoju-dzieciecego","product_tag-irma","product_tag-madre-bajki-dla-dzieci-do-czytania","product_tag-zagadka-logiczna","product_tag-zagadki-smieszne-podchwytliwe"],"_links":{"self":[{"href":"http:\/\/klubmamgdynia.pl\/index.php\/wp-json\/wp\/v2\/product\/9751","targetHints":{"allow":["GET"]}}],"collection":[{"href":"http:\/\/klubmamgdynia.pl\/index.php\/wp-json\/wp\/v2\/product"}],"about":[{"href":"http:\/\/klubmamgdynia.pl\/index.php\/wp-json\/wp\/v2\/types\/product"}],"replies":[{"embeddable":true,"href":"http:\/\/klubmamgdynia.pl\/index.php\/wp-json\/wp\/v2\/comments?post=9751"}],"wp:featuredmedia":[{"embeddable":true,"href":"http:\/\/klubmamgdynia.pl\/index.php\/wp-json\/wp\/v2\/media\/9752"}],"wp:attachment":[{"href":"http:\/\/klubmamgdynia.pl\/index.php\/wp-json\/wp\/v2\/media?parent=9751"}],"wp:term":[{"taxonomy":"product_cat","embeddable":true,"href":"http:\/\/klubmamgdynia.pl\/index.php\/wp-json\/wp\/v2\/product_cat?post=9751"},{"taxonomy":"product_tag","embeddable":true,"href":"http:\/\/klubmamgdynia.pl\/index.php\/wp-json\/wp\/v2\/product_tag?post=9751"}],"curies":[{"name":"wp","href":"https:\/\/api.w.org\/{rel}","templated":true}]}}