{"id":9753,"date":"2011-10-26T08:54:37","date_gmt":"2011-10-26T06:54:37","guid":{"rendered":"http:\/\/klubmamgdynia.pl\/index.php\/produkt\/bigjigs-lokomotywa-z-silnikiem-diesla-bjt415\/"},"modified":"2026-04-22T23:42:22","modified_gmt":"2026-04-22T21:42:22","slug":"bigjigs-lokomotywa-z-silnikiem-diesla-bjt415","status":"publish","type":"product","link":"http:\/\/klubmamgdynia.pl\/index.php\/produkt\/bigjigs-lokomotywa-z-silnikiem-diesla-bjt415\/","title":{"rendered":"Bigjigs Lokomotywa Z Silnikiem Diesla BJT415"},"content":{"rendered":"<p>Wagon z buldo\u017cerem do zabawyWagon z buldo\u017cerem do zabawy dla dzieci \u2013 ka\u017cde miasteczko, kt\u00f3re oparte jest na kolei, musi mie\u0107 wagony, kt\u00f3re b\u0119d\u0105 dostarcza\u0107 z miejsca na miejsce maszyny ci\u0119\u017ckie, w tym przypadku buldo\u017cer. Kolejki odpowiednie dla dzieci w wieku 3+.Wagon z buldo\u017cerem do zabawy dla dzieci \u2013 to \u015bwietne uzupe\u0142nienie zestaw\u00f3w kolejek, kt\u00f3re posiada ju\u017c nasze dziecko, pobudzi wyobra\u017ani\u0119 malca i zach\u0119ci do zabawy. Rozbudowa linii kolei b\u0119dzie \u015bwietn\u0105 zabaw\u0105!Podstawowe korzy\u015bci: wagon z buldo\u017cerem, wykonany z niezwyk\u0142\u0105 staranno\u015bci\u0105 i dba\u0142o\u015bci\u0105 o szczeg\u00f3\u0142y, z drewna wysokiej jako\u015bci. Wagon kompatybilny nie tylko z kolejkami producenta Bigjigs, ale r\u00f3wnie\u017c z wieloma kolejkami innych, wiod\u0105cych producent\u00f3w.Dane techniczne:Wiek: 3+Materia\u0142: drewnoElementy: 2Wymiary:<\/p>\n<h2>Bigjigs Lokomotywa Z Silnikiem Diesla BJT415 BIGJIGS TOYS<\/h2>\n<p>co mo\u017cna zrobi\u0107 z rolki papieru, sentencja dla dziecka, bajka o smoku, rysowanie po \u015bladzie, lego ninjago kolorowanki, gabriela imie, piosenka na dzie\u0144 mamy tekst<\/p>\n<p>yyyyy<\/p>\n<p>&nbsp;<\/p>\n","protected":false},"excerpt":{"rendered":"<p>Wagon z buldo\u017cerem do zabawyWagon z buldo\u017cerem do zabawy dla dzieci \u2013 ka\u017cde miasteczko, kt\u00f3re oparte jest na kolei, musi mie\u0107 wagony, kt\u00f3re b\u0119d\u0105 dostarcza\u0107 z miejsca na miejsce maszyny ci\u0119\u017ckie, w tym przypadku buldo\u017cer. Kolejki odpowiednie dla dzieci w wieku 3+.Wagon z buldo\u017cerem do zabawy dla dzieci \u2013 to \u015bwietne uzupe\u0142nienie zestaw\u00f3w kolejek, kt\u00f3re [&hellip;]<\/p>\n","protected":false},"featured_media":9754,"comment_status":"closed","ping_status":"open","template":"","meta":[],"product_cat":[1372,56],"product_tag":[865,766,639],"class_list":["post-9753","product","type-product","status-publish","has-post-thumbnail","hentry","product_cat-bigjigs-toys","product_cat-kolejki","product_tag-cytaty-o-dzieciach","product_tag-kira","product_tag-nela-imie"],"_links":{"self":[{"href":"http:\/\/klubmamgdynia.pl\/index.php\/wp-json\/wp\/v2\/product\/9753","targetHints":{"allow":["GET"]}}],"collection":[{"href":"http:\/\/klubmamgdynia.pl\/index.php\/wp-json\/wp\/v2\/product"}],"about":[{"href":"http:\/\/klubmamgdynia.pl\/index.php\/wp-json\/wp\/v2\/types\/product"}],"replies":[{"embeddable":true,"href":"http:\/\/klubmamgdynia.pl\/index.php\/wp-json\/wp\/v2\/comments?post=9753"}],"wp:featuredmedia":[{"embeddable":true,"href":"http:\/\/klubmamgdynia.pl\/index.php\/wp-json\/wp\/v2\/media\/9754"}],"wp:attachment":[{"href":"http:\/\/klubmamgdynia.pl\/index.php\/wp-json\/wp\/v2\/media?parent=9753"}],"wp:term":[{"taxonomy":"product_cat","embeddable":true,"href":"http:\/\/klubmamgdynia.pl\/index.php\/wp-json\/wp\/v2\/product_cat?post=9753"},{"taxonomy":"product_tag","embeddable":true,"href":"http:\/\/klubmamgdynia.pl\/index.php\/wp-json\/wp\/v2\/product_tag?post=9753"}],"curies":[{"name":"wp","href":"https:\/\/api.w.org\/{rel}","templated":true}]}}