{"id":9757,"date":"2014-06-01T00:43:53","date_gmt":"2014-05-31T22:43:53","guid":{"rendered":"http:\/\/klubmamgdynia.pl\/index.php\/produkt\/selsey-skrzynia-na-zabawki-jolsh\/"},"modified":"2026-05-17T22:24:41","modified_gmt":"2026-05-17T20:24:41","slug":"selsey-skrzynia-na-zabawki-jolsh","status":"publish","type":"product","link":"http:\/\/klubmamgdynia.pl\/index.php\/produkt\/selsey-skrzynia-na-zabawki-jolsh\/","title":{"rendered":"Selsey Skrzynia na zabawki Jolsh"},"content":{"rendered":"<p>Rozgl\u0105dasz si\u0119 za meblami, kt\u00f3re wprowadz\u0105 do wn\u0119trza przytulny klimat i romantyczny charakter? Zatem zwr\u00f3\u0107 uwag\u0119 na kolekcj\u0119 Jolsh, kt\u00f3ra z pewno\u015bci\u0105 wpasuje si\u0119 w Twoje gusta! Wielofunkcyjna skrzynia Jolsh u\u0142atwi Ci organizacj\u0119 przestrzeni i utrzymanie porz\u0105dku w pokoju Twojego dziecka. Mebel jest na tyle nowoczesny, \u017ce mo\u017ce s\u0142u\u017cy\u0107 jako pojemnik na zabawki czy ubrania, ale te\u017c stolik lub siedzisko. Delikatne wybarwienie w kolorze alpejskiej bieli i pudrowego r\u00f3\u017cu fenomenalnie sprawdzi si\u0119 we wn\u0119trzu dziewcz\u0119cym. To zestawienie kolor\u00f3w \u015bwietnie wsp\u00f3\u0142gra z neutralnymi dodatkami, na przyk\u0142ad szaro\u015bciami. Pojemne wn\u0119trze skrzyni pozwoli ukry\u0107 po\u015bciel lub inne przedmioty Twojego dziecka, a \u0142atwy system otwierania i zamykania klapy zadba o jego bezpiecze\u0144stwo podczas u\u017cytkowania mebla. Pu\u015b\u0107 wodze wyobra\u017ani i zmieniaj aran\u017cacj\u0119, zgodnie z potrzebami Twojej pociechy! Szczeg\u00f3\u0142y produktu: skrzyni\u0119 wykonano z p\u0142yty wi\u00f3rowej laminowanej o grubo\u015bci 16 mm i 18 mm oraz p\u0142yty MDF, obrze\u017ca mebla<\/p>\n<h2>Selsey Skrzynia na zabawki Jolsh Selsey<\/h2>\n<p>prezent dla dziecka na roczek, zaproszenie na urodziny do druku pdf, bajki dla dzieci za darmo, lol kolorowanki, kolorowanka europa, przyja\u017a\u0144, ma\u0142y ksi\u0105\u017c\u0119 &#8211; test z odpowiedziami<\/p>\n<p>yyyyy<\/p>\n<p>&nbsp;<\/p>\n","protected":false},"excerpt":{"rendered":"<p>Rozgl\u0105dasz si\u0119 za meblami, kt\u00f3re wprowadz\u0105 do wn\u0119trza przytulny klimat i romantyczny charakter? Zatem zwr\u00f3\u0107 uwag\u0119 na kolekcj\u0119 Jolsh, kt\u00f3ra z pewno\u015bci\u0105 wpasuje si\u0119 w Twoje gusta! Wielofunkcyjna skrzynia Jolsh u\u0142atwi Ci organizacj\u0119 przestrzeni i utrzymanie porz\u0105dku w pokoju Twojego dziecka. Mebel jest na tyle nowoczesny, \u017ce mo\u017ce s\u0142u\u017cy\u0107 jako pojemnik na zabawki czy ubrania, [&hellip;]<\/p>\n","protected":false},"featured_media":9758,"comment_status":"closed","ping_status":"open","template":"","meta":[],"product_cat":[1846,990],"product_tag":[871,685,599,804,679],"class_list":["post-9757","product","type-product","status-publish","has-post-thumbnail","hentry","product_cat-selsey","product_cat-skrzynie-i-pojemniki-na-zabawki","product_tag-bajka-o-smoku-wawelskim","product_tag-cytaty-o-rodzinie","product_tag-prezent-dla-nastolatkow-2021","product_tag-ryz-z-owocami","product_tag-zabawki-na-roczek-dla-dziewczynki"],"_links":{"self":[{"href":"http:\/\/klubmamgdynia.pl\/index.php\/wp-json\/wp\/v2\/product\/9757","targetHints":{"allow":["GET"]}}],"collection":[{"href":"http:\/\/klubmamgdynia.pl\/index.php\/wp-json\/wp\/v2\/product"}],"about":[{"href":"http:\/\/klubmamgdynia.pl\/index.php\/wp-json\/wp\/v2\/types\/product"}],"replies":[{"embeddable":true,"href":"http:\/\/klubmamgdynia.pl\/index.php\/wp-json\/wp\/v2\/comments?post=9757"}],"wp:featuredmedia":[{"embeddable":true,"href":"http:\/\/klubmamgdynia.pl\/index.php\/wp-json\/wp\/v2\/media\/9758"}],"wp:attachment":[{"href":"http:\/\/klubmamgdynia.pl\/index.php\/wp-json\/wp\/v2\/media?parent=9757"}],"wp:term":[{"taxonomy":"product_cat","embeddable":true,"href":"http:\/\/klubmamgdynia.pl\/index.php\/wp-json\/wp\/v2\/product_cat?post=9757"},{"taxonomy":"product_tag","embeddable":true,"href":"http:\/\/klubmamgdynia.pl\/index.php\/wp-json\/wp\/v2\/product_tag?post=9757"}],"curies":[{"name":"wp","href":"https:\/\/api.w.org\/{rel}","templated":true}]}}