{"id":9759,"date":"2011-11-24T16:40:25","date_gmt":"2011-11-24T15:40:25","guid":{"rendered":"http:\/\/klubmamgdynia.pl\/index.php\/produkt\/kik-wozek-z-popcornem-i-slodyczami-dzwieki-55el-5903039721838\/"},"modified":"2026-05-17T22:57:45","modified_gmt":"2026-05-17T20:57:45","slug":"kik-wozek-z-popcornem-i-slodyczami-dzwieki-55el-5903039721838","status":"publish","type":"product","link":"http:\/\/klubmamgdynia.pl\/index.php\/produkt\/kik-wozek-z-popcornem-i-slodyczami-dzwieki-55el-5903039721838\/","title":{"rendered":"Kik W\u00f3zek Z Popcornem I S\u0142odyczami Dzwi\u0119ki 55El. (5903039721838)"},"content":{"rendered":"<p>W\u00f3zek z popcornem i s\u0142odyczami dzwi\u0119ki 55el.KX5935W\u00d3ZEK Z POPCORNEM + AKCESORIADu\u017cy, uroczy zestaw zabawek, kt\u00f3ry z miejsca skradnie serce Twojego dziecka!Dzieci uwielbiaj\u0105 wciela\u0107 si\u0119 w role doros\u0142ych. W po\u0142\u0105czeniu w \u0142akociami daje to s\u0142odk\u0105 zabaw\u0119!W zestawie mobilny sklepik serwuj\u0105cy popcorn i inne smako\u0142yki wszystkim lalkom i misiom. Sklepik dzi\u0119ki ruchomym k\u00f3\u0142kom mo\u017cna przewie\u017a\u0107 w inne miejsce. W\u00f3zek zosta\u0142 wyposa\u017cony we wszystkie akcesoria potrzebne do nak\u0142adania popcornu w tym kubeczki i szczypce.Sklepik z popcornem gra weso\u0142\u0105 melodyjk\u0119 i \u015bwiecizapraszaj\u0105c ma\u0142ych klient\u00f3w na wspania\u0142e przysmaki.Zdejmuj\u0105c blat w\u00f3zka zyskasz schowek na wszystkie akcesoria lub inne skarby swojej pociechy.Mn\u00f3stwo mo\u017cliwo\u015bci zabawy!Mo\u017cesz mie\u0107 pewno\u015b\u0107, \u017ceta zabawka zajmie Twoje dziecko na d\u0142ugie godziny. W\u00f3zek z popcornem to propozycja nieko\u0144cz\u0105cej si\u0119 zabawy wspieraj\u0105cej prawid\u0142owy rozw\u00f3j Twojej pociechy.Poprzez zabaw\u0119 dziecko b\u0119dzie rozwija\u0107 zdolno\u015bci namulane, pobudzi kreatywno\u015b\u0107 oraz umiej\u0119tno\u015b\u0107 logicznego my\u015blenia.Plastikowe monety i papierowe pieni\u0105\u017cki pozwol\u0105 dziecku pozna\u0107 warto\u015b\u0107 pieni\u0105dza, a przy tym b\u0119d\u0105 doskona\u0142ym wst\u0119pem do nauki liczenia.\u017bywa nasycona kolorystyka przyci\u0105gnie uwag\u0119 dziecka i zach\u0119ci do zabawy.Zawarto\u015b\u0107 zestawu:W\u00f3zek do samodzielnego monta\u017cu4 lizakipucharek na lody\u0142u\u017ceczka2 cukierkipude\u0142eczko cisatekczekoladkaszczypcemonetypieni\u0105dze papierowe2 sokiZasialnie: 3x bateria AA 1,5v (brak w zestawie)Wymiary:w\u00f3zek:32cm x 21cm x 37cmwysoko\u015b\u0107 prowadnika w\u00f3zka od pod\u0142o\u017ca: ok. 20cmopakowanie:27cm x 35cm x 14cmZapakowany w estetyczne,kartonowe opakowanie, doskona\u0142e na prezent.<\/p>\n<h2>Kik W\u00f3zek Z Popcornem I S\u0142odyczami Dzwi\u0119ki 55El. (5903039721838) Kik<\/h2>\n<p>flagi pa\u0144stw quiz, iwo imi\u0119, adrian imie, warszawa dla dzieci, prezenty na urodziny dla nastolatk\u00f3w, kolorowanka ksi\u0119\u017cniczka, prezent na pierwsze urodziny, atrakcje dla dzieci wroclaw, myszka minnie kolorowanka, pole dyniowe pozna\u0144, bajka dla niemowlaka, gaja imi\u0119, oryginalny prezent na roczek dla dziewczynki, cytaty o mi\u0142o\u015bci do dziecka, wroc\u0142aw i okolice atrakcje, el\u017cbieta imie<\/p>\n<p>yyyyy<\/p>\n<p>&nbsp;<\/p>\n","protected":false},"excerpt":{"rendered":"<p>W\u00f3zek z popcornem i s\u0142odyczami dzwi\u0119ki 55el.KX5935W\u00d3ZEK Z POPCORNEM + AKCESORIADu\u017cy, uroczy zestaw zabawek, kt\u00f3ry z miejsca skradnie serce Twojego dziecka!Dzieci uwielbiaj\u0105 wciela\u0107 si\u0119 w role doros\u0142ych. W po\u0142\u0105czeniu w \u0142akociami daje to s\u0142odk\u0105 zabaw\u0119!W zestawie mobilny sklepik serwuj\u0105cy popcorn i inne smako\u0142yki wszystkim lalkom i misiom. Sklepik dzi\u0119ki ruchomym k\u00f3\u0142kom mo\u017cna przewie\u017a\u0107 w inne [&hellip;]<\/p>\n","protected":false},"featured_media":9760,"comment_status":"closed","ping_status":"open","template":"","meta":[],"product_cat":[165,155],"product_tag":[723,599,756],"class_list":["post-9759","product","type-product","status-publish","has-post-thumbnail","hentry","product_cat-kik","product_cat-zabawki-muzyczne","product_tag-krotkie-bajki-do-czytania-na-dobranoc","product_tag-prezent-dla-nastolatkow-2021","product_tag-zaproszenie-na-urodziny-do-druku"],"_links":{"self":[{"href":"http:\/\/klubmamgdynia.pl\/index.php\/wp-json\/wp\/v2\/product\/9759","targetHints":{"allow":["GET"]}}],"collection":[{"href":"http:\/\/klubmamgdynia.pl\/index.php\/wp-json\/wp\/v2\/product"}],"about":[{"href":"http:\/\/klubmamgdynia.pl\/index.php\/wp-json\/wp\/v2\/types\/product"}],"replies":[{"embeddable":true,"href":"http:\/\/klubmamgdynia.pl\/index.php\/wp-json\/wp\/v2\/comments?post=9759"}],"wp:featuredmedia":[{"embeddable":true,"href":"http:\/\/klubmamgdynia.pl\/index.php\/wp-json\/wp\/v2\/media\/9760"}],"wp:attachment":[{"href":"http:\/\/klubmamgdynia.pl\/index.php\/wp-json\/wp\/v2\/media?parent=9759"}],"wp:term":[{"taxonomy":"product_cat","embeddable":true,"href":"http:\/\/klubmamgdynia.pl\/index.php\/wp-json\/wp\/v2\/product_cat?post=9759"},{"taxonomy":"product_tag","embeddable":true,"href":"http:\/\/klubmamgdynia.pl\/index.php\/wp-json\/wp\/v2\/product_tag?post=9759"}],"curies":[{"name":"wp","href":"https:\/\/api.w.org\/{rel}","templated":true}]}}