{"id":9761,"date":"2024-01-11T00:34:31","date_gmt":"2024-01-10T23:34:31","guid":{"rendered":"http:\/\/klubmamgdynia.pl\/?post_type=product&#038;p=9761"},"modified":"2026-04-29T04:23:25","modified_gmt":"2026-04-29T02:23:25","slug":"goki-bebenek-dinozaur","status":"publish","type":"product","link":"http:\/\/klubmamgdynia.pl\/index.php\/produkt\/goki-bebenek-dinozaur\/","title":{"rendered":"Goki B\u0119benek Dinozaur"},"content":{"rendered":"<p>W mgnieniu oka b\u0119benek jest za\u0142o\u017cony i gotowy do zabawy. \u0106wiczy poczucie rytmu i zdolno\u015bci motoryczne. NAZWA B\u0118BENEK DINOZAUR PRODUCENT GOKI WIEK 3+ EAN 4013594618823 Znajd\u017a podobne wed\u0142ug klucza: GOKI B\u0118BENEK (408081)<\/p>\n<h2>Goki B\u0119benek Dinozaur Goki<\/h2>\n<p>quizy ortograficzne trudne, jagna, malowanie past\u0105 do z\u0119b\u00f3w, wiersz na dobranoc dla dzieci, sentencje o rodzinie, piesek do kolorowania, kolorowanki andrzejki do wydruku, \u015bwinka peppa kolorowanka, kartk\u00f3wki z zegara<\/p>\n<p>yyyyy<\/p>\n<p>&nbsp;<\/p>\n","protected":false},"excerpt":{"rendered":"<p>W mgnieniu oka b\u0119benek jest za\u0142o\u017cony i gotowy do zabawy. \u0106wiczy poczucie rytmu i zdolno\u015bci motoryczne. NAZWA B\u0118BENEK DINOZAUR PRODUCENT GOKI WIEK 3+ EAN 4013594618823 Znajd\u017a podobne wed\u0142ug klucza: GOKI B\u0118BENEK (408081) Goki B\u0119benek Dinozaur Goki quizy ortograficzne trudne, jagna, malowanie past\u0105 do z\u0119b\u00f3w, wiersz na dobranoc dla dzieci, sentencje o rodzinie, piesek do kolorowania, [&hellip;]<\/p>\n","protected":false},"featured_media":9762,"comment_status":"closed","ping_status":"open","template":"","meta":[],"product_cat":[227,155],"product_tag":[735,627,762,649,634],"class_list":["post-9761","product","type-product","status-publish","has-post-thumbnail","hentry","product_cat-goki","product_cat-zabawki-muzyczne","product_tag-prezent-na-roczek-dziewczynka","product_tag-quiz-dzieci-z-bullerbyn","product_tag-trudne-zagadki-dla-dzieci","product_tag-zagadki-dla-nastolatkow","product_tag-zagadki-wielkanocne-dla-dzieci"],"_links":{"self":[{"href":"http:\/\/klubmamgdynia.pl\/index.php\/wp-json\/wp\/v2\/product\/9761","targetHints":{"allow":["GET"]}}],"collection":[{"href":"http:\/\/klubmamgdynia.pl\/index.php\/wp-json\/wp\/v2\/product"}],"about":[{"href":"http:\/\/klubmamgdynia.pl\/index.php\/wp-json\/wp\/v2\/types\/product"}],"replies":[{"embeddable":true,"href":"http:\/\/klubmamgdynia.pl\/index.php\/wp-json\/wp\/v2\/comments?post=9761"}],"wp:featuredmedia":[{"embeddable":true,"href":"http:\/\/klubmamgdynia.pl\/index.php\/wp-json\/wp\/v2\/media\/9762"}],"wp:attachment":[{"href":"http:\/\/klubmamgdynia.pl\/index.php\/wp-json\/wp\/v2\/media?parent=9761"}],"wp:term":[{"taxonomy":"product_cat","embeddable":true,"href":"http:\/\/klubmamgdynia.pl\/index.php\/wp-json\/wp\/v2\/product_cat?post=9761"},{"taxonomy":"product_tag","embeddable":true,"href":"http:\/\/klubmamgdynia.pl\/index.php\/wp-json\/wp\/v2\/product_tag?post=9761"}],"curies":[{"name":"wp","href":"https:\/\/api.w.org\/{rel}","templated":true}]}}