{"id":9763,"date":"2014-01-01T15:31:50","date_gmt":"2014-01-01T14:31:50","guid":{"rendered":"http:\/\/klubmamgdynia.pl\/index.php\/produkt\/fenton-mikrofon-karaoke-bialy-z-oswietleniem-rgb-kmd55w\/"},"modified":"2026-05-17T22:46:21","modified_gmt":"2026-05-17T20:46:21","slug":"fenton-mikrofon-karaoke-bialy-z-oswietleniem-rgb-kmd55w","status":"publish","type":"product","link":"http:\/\/klubmamgdynia.pl\/index.php\/produkt\/fenton-mikrofon-karaoke-bialy-z-oswietleniem-rgb-kmd55w\/","title":{"rendered":"Fenton Mikrofon Karaoke Bia\u0142y Z O\u015bwietleniem Rgb Kmd55W"},"content":{"rendered":"<p>Popraw Sw\u00f3j wyst\u0119pDzi\u0119ki mikrofonowi Fenton KMD Tw\u00f3j wystep stanie si\u0119 niezapomnianym prze\u017cyciem. Mikrofon ma wbudowane efekty \u015bwietlne w wielu kolorach, kt\u00f3re zmieniaj\u0105 si\u0119 losowo lub w zale\u017cno\u015bci od rytmu muzyki. W\u0142\u00f3\u017c 3 do\u0142\u0105czone baterie AAA do mikrofonu, pod\u0142\u0105cz go i mo\u017cesz \u015bpiewa\u0107. Mikrofonu u\u017cywa\u0107 mo\u017cesz do wyst\u0119p\u00f3w wokalnych, ale tak\u017ce do karaoke.Informacje og\u00f3lneDynamiczny mikrofon do karaoke i do u\u017cytku domowegoLosowe lub sterowane muzyk\u0105 zmieniaj\u0105ce kolor \u015bwiat\u0142a LEDZawiera 3-metrowy kabel ze standardowym z\u0142\u0105czem jack 6,3 mmKompatybilny ze wszystkimi systemami muzycznymi i karaokeO\u015bwietlenie LED dzia\u0142a na baterie (3x AAA, w zestawie)Dane technicznePasmo przenoszenia 50 Hz &#8211; 11 000 HzWymiary (d\u0142. X szer. X wys.) 50 x 305 x 50 mmWaga (kg) 0,2W \u015bwietle reflektor\u00f3wMikrofon Fenton KMD posiada wbudowane efekty \u015bwietlne w wielu kolorach, co daje niesamowity efekt wizualny podczas wyst\u0119pu.Urozmaicenie dla Twojego programu karaokeNadaj swoim wyst\u0119pom unikalny charakter, u\u017cywaj\u0105c kolorowych \u015bwiate\u0142 wbudowanych w mikrofonie.Ta\u0144cz do muzykiChcesz podkre\u015bli\u0107 sw\u00f3j wokalno<\/p>\n<h2>Fenton Mikrofon Karaoke Bia\u0142y Z O\u015bwietleniem Rgb Kmd55W <\/h2>\n<p>esmeralda, kolorowanka kotka, motto dla nauczyciela, tr\u00f3jmiasto atrakcje dla dzieci, pytania do lektury asiunia, kwiaty polne nazwy, kuba imi\u0119<\/p>\n<p>yyyyy<\/p>\n<p>&nbsp;<\/p>\n","protected":false},"excerpt":{"rendered":"<p>Popraw Sw\u00f3j wyst\u0119pDzi\u0119ki mikrofonowi Fenton KMD Tw\u00f3j wystep stanie si\u0119 niezapomnianym prze\u017cyciem. Mikrofon ma wbudowane efekty \u015bwietlne w wielu kolorach, kt\u00f3re zmieniaj\u0105 si\u0119 losowo lub w zale\u017cno\u015bci od rytmu muzyki. W\u0142\u00f3\u017c 3 do\u0142\u0105czone baterie AAA do mikrofonu, pod\u0142\u0105cz go i mo\u017cesz \u015bpiewa\u0107. Mikrofonu u\u017cywa\u0107 mo\u017cesz do wyst\u0119p\u00f3w wokalnych, ale tak\u017ce do karaoke.Informacje og\u00f3lneDynamiczny mikrofon do [&hellip;]<\/p>\n","protected":false},"featured_media":9764,"comment_status":"closed","ping_status":"open","template":"","meta":[],"product_cat":[155],"product_tag":[640,604,634,796],"class_list":["post-9763","product","type-product","status-publish","has-post-thumbnail","hentry","product_cat-zabawki-muzyczne","product_tag-prezent-dla-rocznej-dziewczynki","product_tag-zagadki-trudne","product_tag-zagadki-wielkanocne-dla-dzieci","product_tag-zagatki"],"_links":{"self":[{"href":"http:\/\/klubmamgdynia.pl\/index.php\/wp-json\/wp\/v2\/product\/9763","targetHints":{"allow":["GET"]}}],"collection":[{"href":"http:\/\/klubmamgdynia.pl\/index.php\/wp-json\/wp\/v2\/product"}],"about":[{"href":"http:\/\/klubmamgdynia.pl\/index.php\/wp-json\/wp\/v2\/types\/product"}],"replies":[{"embeddable":true,"href":"http:\/\/klubmamgdynia.pl\/index.php\/wp-json\/wp\/v2\/comments?post=9763"}],"wp:featuredmedia":[{"embeddable":true,"href":"http:\/\/klubmamgdynia.pl\/index.php\/wp-json\/wp\/v2\/media\/9764"}],"wp:attachment":[{"href":"http:\/\/klubmamgdynia.pl\/index.php\/wp-json\/wp\/v2\/media?parent=9763"}],"wp:term":[{"taxonomy":"product_cat","embeddable":true,"href":"http:\/\/klubmamgdynia.pl\/index.php\/wp-json\/wp\/v2\/product_cat?post=9763"},{"taxonomy":"product_tag","embeddable":true,"href":"http:\/\/klubmamgdynia.pl\/index.php\/wp-json\/wp\/v2\/product_tag?post=9763"}],"curies":[{"name":"wp","href":"https:\/\/api.w.org\/{rel}","templated":true}]}}