{"id":9767,"date":"2013-05-24T13:06:09","date_gmt":"2013-05-24T11:06:09","guid":{"rendered":"http:\/\/klubmamgdynia.pl\/index.php\/produkt\/schleich-lemur-14828\/"},"modified":"2026-04-19T02:25:14","modified_gmt":"2026-04-19T00:25:14","slug":"schleich-lemur-14828","status":"publish","type":"product","link":"http:\/\/klubmamgdynia.pl\/index.php\/produkt\/schleich-lemur-14828\/","title":{"rendered":"Schleich Lemur 14828"},"content":{"rendered":"<p>Lemur kattaLemury to ma\u0142e ma\u0142py o d\u0142ugich, czarno-bia\u0142ych, skr\u0119conych ogonach. S\u0105 pogodne, \u017cyj\u0105 w ma\u0142ych grupach i lubi\u0105 si\u0119 przytula\u0107. W nocy \u015bpi\u0105 na drzewach, a w ci\u0105gu dnia szukaj\u0105 owoc\u00f3w i li\u015bci. Przyw\u00f3dc\u0105 grupy zawsze jest samica. Jest to mo\u017cliwe tylko u hien i surykatek.CiekawostkaWalcz\u0105ce ze sob\u0105 lemury katta wydzielaj\u0105 przykr\u0105 wo\u0144. Osobnik, kt\u00f3ry wydzieli bardziej nieprzyjemny zapach, wygrywa.Wyst\u0119powanieAfrykaChcesz stworzy\u0107 w zaciszu swojego pokoju w\u0142asne zoo? Teraz dzi\u0119ki serii figurek Schleich jest to mo\u017cliwe.Mali mi\u0142o\u015bnicy zwierz\u0105t mog\u0105 stworzy\u0107 w\u0142asne ogrody zoologiczne, w kt\u00f3rych umieszcz\u0105 okazy zwierz\u0105t z ca\u0142ego \u015bwiata.Figurka: LEMUR KATTA (Schleich 14827)Rozmiar: 2,4 x 6,5 x 7,6 cmSeria: Wild Life<\/p>\n<h2>Schleich Lemur 14828 Schleich<\/h2>\n<p>ba\u015bniowe imiona \u017ce\u0144skie, zagadki matematyczne logiczne, testy z lektury opowie\u015bci z narnii lew czarownica i stara szafa, bajki na dobranoc do czytania, prezent dla trzynastolatki, zagadki wielkanocne dla doros\u0142ych, flagi pa\u0144stw quiz, prezent na roczek od babci, kolorowanki zwierz\u0119ta, kolorowanki dla dzieci do druku, uk\u0142ad s\u0142oneczny kolorowanka, otto, dobre \u017carty na prima aprilis, rzadkie imiona dla dziewczynek, kolorowanki dla ch\u0142opc\u00f3w, dzie\u0144 pluszowego misia napis, platformy edukacyjne dla dzieci, zagadki z odpowiedziami \u015bmieszne, domki nad morzem z atrakcjami dla dzieci<\/p>\n<p>yyyyy<\/p>\n<p>&nbsp;<\/p>\n","protected":false},"excerpt":{"rendered":"<p>Lemur kattaLemury to ma\u0142e ma\u0142py o d\u0142ugich, czarno-bia\u0142ych, skr\u0119conych ogonach. S\u0105 pogodne, \u017cyj\u0105 w ma\u0142ych grupach i lubi\u0105 si\u0119 przytula\u0107. W nocy \u015bpi\u0105 na drzewach, a w ci\u0105gu dnia szukaj\u0105 owoc\u00f3w i li\u015bci. Przyw\u00f3dc\u0105 grupy zawsze jest samica. Jest to mo\u017cliwe tylko u hien i surykatek.CiekawostkaWalcz\u0105ce ze sob\u0105 lemury katta wydzielaj\u0105 przykr\u0105 wo\u0144. Osobnik, kt\u00f3ry [&hellip;]<\/p>\n","protected":false},"featured_media":9768,"comment_status":"closed","ping_status":"open","template":"","meta":[],"product_cat":[95,952],"product_tag":[603,832,859,637,646],"class_list":["post-9767","product","type-product","status-publish","has-post-thumbnail","hentry","product_cat-figurki-makiety-i-zestawy","product_cat-schleich","product_tag-bajki-do-czytania","product_tag-desery-dla-dzieci","product_tag-dobranoc-pchly-na-noc","product_tag-niech-zyja-wakacje-tekst","product_tag-prezent-na-pierwsze-urodziny"],"_links":{"self":[{"href":"http:\/\/klubmamgdynia.pl\/index.php\/wp-json\/wp\/v2\/product\/9767","targetHints":{"allow":["GET"]}}],"collection":[{"href":"http:\/\/klubmamgdynia.pl\/index.php\/wp-json\/wp\/v2\/product"}],"about":[{"href":"http:\/\/klubmamgdynia.pl\/index.php\/wp-json\/wp\/v2\/types\/product"}],"replies":[{"embeddable":true,"href":"http:\/\/klubmamgdynia.pl\/index.php\/wp-json\/wp\/v2\/comments?post=9767"}],"wp:featuredmedia":[{"embeddable":true,"href":"http:\/\/klubmamgdynia.pl\/index.php\/wp-json\/wp\/v2\/media\/9768"}],"wp:attachment":[{"href":"http:\/\/klubmamgdynia.pl\/index.php\/wp-json\/wp\/v2\/media?parent=9767"}],"wp:term":[{"taxonomy":"product_cat","embeddable":true,"href":"http:\/\/klubmamgdynia.pl\/index.php\/wp-json\/wp\/v2\/product_cat?post=9767"},{"taxonomy":"product_tag","embeddable":true,"href":"http:\/\/klubmamgdynia.pl\/index.php\/wp-json\/wp\/v2\/product_tag?post=9767"}],"curies":[{"name":"wp","href":"https:\/\/api.w.org\/{rel}","templated":true}]}}