{"id":9769,"date":"2014-01-22T17:32:43","date_gmt":"2014-01-22T16:32:43","guid":{"rendered":"http:\/\/klubmamgdynia.pl\/index.php\/produkt\/iso-trade-kule-wiszace-lampki-choinkowe-kurtyna-108-led\/"},"modified":"2026-04-17T04:18:41","modified_gmt":"2026-04-17T02:18:41","slug":"iso-trade-kule-wiszace-lampki-choinkowe-kurtyna-108-led","status":"publish","type":"product","link":"http:\/\/klubmamgdynia.pl\/index.php\/produkt\/iso-trade-kule-wiszace-lampki-choinkowe-kurtyna-108-led\/","title":{"rendered":"Iso Trade Kule Wisz\u0105ce Lampki Choinkowe Kurtyna 108 LED"},"content":{"rendered":"<p>Iso Trade Kule Wisz\u0105ce Lampki Choinkowe Kurtyna 108 LED                            <\/p>\n<p>LAMPKI KULE LEDOWE \u2013 to wyj\u0105tkowe o\u015bwietlenie kurtynowe posiada a\u017c 8 r\u00f3\u017cnych tryb\u00f3w \u015bwiecenia, co tworzy wyj\u0105tkow\u0105 i niepowtarzaln\u0105 dekoracj\u0119 ka\u017cdego wn\u0119trza, a nawet ogrodu. Posiadaj\u0105 r\u00f3\u017cne sekwencje, kt\u00f3re mo\u017cna prze\u0142\u0105cza\u0107 za pomoc\u0105 do\u0142\u0105czonego do zestawu sterownika. Lampki zasilane s\u0105 za pomoc\u0105 pr\u0105du z sieci energetycznej, dzi\u0119ki czemu nie musisz martwi\u0107 si\u0119 o ci\u0105g\u0142\u0105 wymian\u0119 baterii.POSIADAJ\u0104 TRANSFORMATOR \u2013 jednym z najwi\u0119kszych atut\u00f3w lampek jest r\u00f3wnie\u017c to, \u017ce posiadaj\u0105 one transformator zmieniaj\u0105cy napi\u0119cie pr\u0105du z 230V na 31V, dzi\u0119ki czemu mo\u017cesz zostawi\u0107 je w\u0142\u0105czone i wyj\u015b\u0107 z domu. Nie musisz martwi\u0107 si\u0119, \u017ce doprowadz\u0105 do po\u017caru.108 LAMPEK LED &#8211; dzi\u0119ki temu, \u017ce lampki s\u0105 LED-owe pobieraj\u0105 znacznie mniej energii ni\u017c tradycyjne \u017ar\u00f3d\u0142a \u015bwiat\u0142a, bo \u015bwiec\u0105c nie emituj\u0105 ciep\u0142a. Cechuje je r\u00f3wnie\u017c d\u0142ugi czas pracy od 15 000 h do nawet 35 000 h. Ozdoba posiada 108 diod LED, kt\u00f3re rozja\u015bni\u0105 nawet najciemniejsze wn\u0119trze i sprawi\u0105, \u017ce stanie si\u0119 przytulne i klimatyczne.WODOODPORNE &#8211; ozdoba posiada klas\u0119 wodoodporno\u015bci IP44 co znaczy, \u017ce zabezpieczona zosta\u0142a przed wnikaniem cia\u0142 obcych o \u015brednicy powy\u017cej 1 mm oraz przed tryskaniem wody z ka\u017cdej strony. Doskonale sprawdzi si\u0119 zar\u00f3wno w mieszkaniu jak i na ogrodzie, o\u015bwietlaj\u0105c np. drzwi wej\u015bciowe lub ogr\u00f3d.SPECYFIKACJA:Ilo\u015b\u0107 tryb\u00f3w: 8;rodzaj o\u015bwietlenia; LED;barwa \u015bwiat\u0142a: multikolor;ilo\u015b\u0107 diod: 108;klasa wodoodporno\u015bci: IP44;sterownik: tak;zasilanie: sie\u0107 energetyczna;moc: 3,6W;napi\u0119cie: 230V \/ 31V;d\u0142ugo\u015b\u0107 ca\u0142kowita: 515 cm;d\u0142ugo\u015b\u0107 sopla: 100 cm;waga: 0,65 kg;waga w opakowaniu: 0,72 kLampki sprawdz\u0105 si\u0119 nie tylko jako ozdoba na \u015awi\u0119ta np. choinkowa, to r\u00f3wnie\u017c \u015bwietny spos\u00f3b na dekoracj\u0119 mieszkania oraz klimatyczne t\u0142o do zdj\u0119\u0107. Wyka\u017c si\u0119 kreatywno\u015bci\u0105 i wykorzystaj je przy tworzeniu ciekawych fotografii i selfie, kt\u00f3re pokocha \u015bwiat. Prezentuj\u0105 si\u0119 wyj\u0105tkowo w ka\u017cdym miejscu, w kt\u00f3rym je umie\u015bcimy dodaj\u0105c pomieszczeniu niesamowitego klimatu i charakteru np. wieszaj\u0105c je na oknie.<\/p>\n<h2>Iso Trade Kule Wisz\u0105ce Lampki Choinkowe Kurtyna 108 LED Iso Trade<\/h2>\n<p>malowanki \u015bwi\u0105teczne, gloria imi\u0119, rezolutna dziewczynka z wiersza tuwima, imi\u0119 miriam, \u015bmieszne zagadki logiczne, pomys\u0142 na laurk\u0119, zadania dla dzieci z ukrainy<\/p>\n<p>yyyyy<\/p>\n<p>&nbsp;<\/p>\n","protected":false},"excerpt":{"rendered":"<p>Iso Trade Kule Wisz\u0105ce Lampki Choinkowe Kurtyna 108 LED LAMPKI KULE LEDOWE \u2013 to wyj\u0105tkowe o\u015bwietlenie kurtynowe posiada a\u017c 8 r\u00f3\u017cnych tryb\u00f3w \u015bwiecenia, co tworzy wyj\u0105tkow\u0105 i niepowtarzaln\u0105 dekoracj\u0119 ka\u017cdego wn\u0119trza, a nawet ogrodu. Posiadaj\u0105 r\u00f3\u017cne sekwencje, kt\u00f3re mo\u017cna prze\u0142\u0105cza\u0107 za pomoc\u0105 do\u0142\u0105czonego do zestawu sterownika. Lampki zasilane s\u0105 za pomoc\u0105 pr\u0105du z sieci energetycznej, [&hellip;]<\/p>\n","protected":false},"featured_media":9770,"comment_status":"closed","ping_status":"open","template":"","meta":[],"product_cat":[296,406],"product_tag":[838,776,655,616,653,633,733],"class_list":["post-9769","product","type-product","status-publish","has-post-thumbnail","hentry","product_cat-iso-trade","product_cat-lampki-i-ozdoby-swietlne","product_tag-bajki-dla-dzieci-na-dobranoc","product_tag-dobrej-nocy","product_tag-najlepsze-zagadki","product_tag-test-mikolajek-25-pytan","product_tag-warszawa-dla-dzieci","product_tag-zagadki-z-odpowiedziami","product_tag-zarty-na-prima-aprilis"],"_links":{"self":[{"href":"http:\/\/klubmamgdynia.pl\/index.php\/wp-json\/wp\/v2\/product\/9769","targetHints":{"allow":["GET"]}}],"collection":[{"href":"http:\/\/klubmamgdynia.pl\/index.php\/wp-json\/wp\/v2\/product"}],"about":[{"href":"http:\/\/klubmamgdynia.pl\/index.php\/wp-json\/wp\/v2\/types\/product"}],"replies":[{"embeddable":true,"href":"http:\/\/klubmamgdynia.pl\/index.php\/wp-json\/wp\/v2\/comments?post=9769"}],"wp:featuredmedia":[{"embeddable":true,"href":"http:\/\/klubmamgdynia.pl\/index.php\/wp-json\/wp\/v2\/media\/9770"}],"wp:attachment":[{"href":"http:\/\/klubmamgdynia.pl\/index.php\/wp-json\/wp\/v2\/media?parent=9769"}],"wp:term":[{"taxonomy":"product_cat","embeddable":true,"href":"http:\/\/klubmamgdynia.pl\/index.php\/wp-json\/wp\/v2\/product_cat?post=9769"},{"taxonomy":"product_tag","embeddable":true,"href":"http:\/\/klubmamgdynia.pl\/index.php\/wp-json\/wp\/v2\/product_tag?post=9769"}],"curies":[{"name":"wp","href":"https:\/\/api.w.org\/{rel}","templated":true}]}}