{"id":9771,"date":"2020-03-19T13:35:48","date_gmt":"2020-03-19T12:35:48","guid":{"rendered":"http:\/\/klubmamgdynia.pl\/index.php\/produkt\/ses-zabawki-do-kapieli-zwierzeta-z-safari-14-szt\/"},"modified":"2026-04-06T21:16:27","modified_gmt":"2026-04-06T19:16:27","slug":"ses-zabawki-do-kapieli-zwierzeta-z-safari-14-szt","status":"publish","type":"product","link":"http:\/\/klubmamgdynia.pl\/index.php\/produkt\/ses-zabawki-do-kapieli-zwierzeta-z-safari-14-szt\/","title":{"rendered":"SES zabawki do k\u0105pieli zwierz\u0119ta z Safari , 14 szt."},"content":{"rendered":"<p>Dzieci uwielbiaj\u0105 k\u0105pa\u0107 si\u0119 w wannie. Wyrusz na safari i stw\u00f3rz w\u0142asn\u0105 histori\u0119 z zabawkami k\u0105pielowymi SES. Piankowe zwierz\u0105tka mo\u017cna \u0142atwo przyklei\u0107 do mokrej powierzchni i r\u00f3wnie \u0142atwo zdj\u0105\u0107.<\/p>\n<h2>SES zabawki do k\u0105pieli zwierz\u0119ta z Safari , 14 szt. Ses<\/h2>\n<p>zabawy na dworze dla 10 latk\u00f3w, szlaczki literopodobne, cicha noc po angielsku tekst, kot rysunek dla dzieci, logiczne zagadki dla dzieci, everest psi patrol, liwia imi\u0119, po\u0142\u0105cz kropki, imie nadia<\/p>\n<p>yyyyy<\/p>\n<p>&nbsp;<\/p>\n","protected":false},"excerpt":{"rendered":"<p>Dzieci uwielbiaj\u0105 k\u0105pa\u0107 si\u0119 w wannie. Wyrusz na safari i stw\u00f3rz w\u0142asn\u0105 histori\u0119 z zabawkami k\u0105pielowymi SES. Piankowe zwierz\u0105tka mo\u017cna \u0142atwo przyklei\u0107 do mokrej powierzchni i r\u00f3wnie \u0142atwo zdj\u0105\u0107. SES zabawki do k\u0105pieli zwierz\u0119ta z Safari , 14 szt. Ses zabawy na dworze dla 10 latk\u00f3w, szlaczki literopodobne, cicha noc po angielsku tekst, kot rysunek [&hellip;]<\/p>\n","protected":false},"featured_media":9772,"comment_status":"closed","ping_status":"open","template":"","meta":[],"product_cat":[357,1498],"product_tag":[780,638,632],"class_list":["post-9771","product","type-product","status-publish","has-post-thumbnail","hentry","product_cat-ses","product_cat-zabawki-do-kapieli","product_tag-krecik-bajka","product_tag-miastodzieci","product_tag-warszawa-atrakcje-dla-mlodziezy"],"_links":{"self":[{"href":"http:\/\/klubmamgdynia.pl\/index.php\/wp-json\/wp\/v2\/product\/9771","targetHints":{"allow":["GET"]}}],"collection":[{"href":"http:\/\/klubmamgdynia.pl\/index.php\/wp-json\/wp\/v2\/product"}],"about":[{"href":"http:\/\/klubmamgdynia.pl\/index.php\/wp-json\/wp\/v2\/types\/product"}],"replies":[{"embeddable":true,"href":"http:\/\/klubmamgdynia.pl\/index.php\/wp-json\/wp\/v2\/comments?post=9771"}],"wp:featuredmedia":[{"embeddable":true,"href":"http:\/\/klubmamgdynia.pl\/index.php\/wp-json\/wp\/v2\/media\/9772"}],"wp:attachment":[{"href":"http:\/\/klubmamgdynia.pl\/index.php\/wp-json\/wp\/v2\/media?parent=9771"}],"wp:term":[{"taxonomy":"product_cat","embeddable":true,"href":"http:\/\/klubmamgdynia.pl\/index.php\/wp-json\/wp\/v2\/product_cat?post=9771"},{"taxonomy":"product_tag","embeddable":true,"href":"http:\/\/klubmamgdynia.pl\/index.php\/wp-json\/wp\/v2\/product_tag?post=9771"}],"curies":[{"name":"wp","href":"https:\/\/api.w.org\/{rel}","templated":true}]}}