{"id":9773,"date":"2016-07-15T12:09:28","date_gmt":"2016-07-15T10:09:28","guid":{"rendered":"http:\/\/klubmamgdynia.pl\/index.php\/produkt\/epoch-aquabeads-swiat-wrozek-koraliki-gwiazdki-31766\/"},"modified":"2026-04-26T07:29:43","modified_gmt":"2026-04-26T05:29:43","slug":"epoch-aquabeads-swiat-wrozek-koraliki-gwiazdki-31766","status":"publish","type":"product","link":"http:\/\/klubmamgdynia.pl\/index.php\/produkt\/epoch-aquabeads-swiat-wrozek-koraliki-gwiazdki-31766\/","title":{"rendered":"Epoch Aquabeads \u015awiat Wr\u00f3\u017cek. Koraliki Gwiazdki 31766"},"content":{"rendered":"<p>Zaczarowany \u015bwiat wr\u00f3\u017cek AquabeadsGotowy do zabawy zestaw \u015awiat Wr\u00f3\u017cek Aquabeads zawiera ponad 820 barwnych koralik\u00f3w w 16 kolorach i r\u00f3\u017cnych kszta\u0142tach oraz unikalne akcesoria, dzi\u0119ki kt\u00f3rym mo\u017cna tworzy\u0107 w\u0142asn\u0105, magiczn\u0105 bi\u017cuteri\u0119: tiar\u0119, bransoletk\u0119, broszk\u0119, pier\u015bcionki i inne ozdoby. Koralikowe kreacje mo\u017cna u\u017cywa\u0107 jak prawdzi\u0105 bi\u017cuteri\u0119 lub wyeksponowa\u0107 na magicznym stojaczku Aquabeads (nowo\u015b\u0107 2021).ponad 800 kolorowych koralik\u00f3wmagiczny stojaczek Aquabeads, podk\u0142adka do uk\u0142adania, spryskiwacz, szablony oraz akcesoria do tworzenia bi\u017cuteriiAquabeads \u0142\u0105cz\u0105 si\u0119 w magiczny spos\u00f3b po spryskaniu wod\u0105. Bez potrzeby u\u017cycia kleju, \u017celazka ani gor\u0105caAquabeads polecamy dla dzieci od 4 roku \u017cycia                            <\/p>\n<p>Koraliki Aquabeads s\u0105 z nami od 2004 rokuZabawne koraliki Aquabeads zapewni\u0105 doskona\u0142\u0105 zabaw\u0119 najbardziej wymagaj\u0105cym tw\u00f3rcom. Aquabeads \u0142\u0105cz\u0105 si\u0119 w magiczny spos\u00f3b, kiedy spryskamy je wod\u0105. Nie potrzebujemy kleju, \u017celazka ani \u017ar\u00f3d\u0142a gor\u0105ca. Zabawa Aquabeads jest niezwykle prosta: uk\u0142adasz, spryskujesz, odwracasz i gotowe!Zabawa z koralikami Aquabeads:wspomaga rozw\u00f3j umiej\u0119tno\u015bci motorycznychrozwija umiej\u0119tno\u015b\u0107 skupienia uwagi i koncentracji\u00a0pobudza wyobra\u017ani\u0119rozwija kreatywno\u015b\u0107<\/p>\n<p>Zestaw startowy Aquabeads                            <\/p>\n<p>Tiara, bransoletki, broszki, pier\u015bcionki i inne ozdoby, kt\u00f3re mo\u017cna u\u017cywa\u0107 jak prawdzi\u0105 bi\u017cuteri\u0119                            <\/p>\n<p>Czarodziejskie pier\u015bcionki dla prawdziwej ksi\u0119\u017cniczki                            <\/p>\n<p>Pi\u0119kna broszka w kszta\u0142cie motyla                            <\/p>\n<p>Magiczny stojaczek Aquabeads pozwoli wyeksponowa\u0107 kreacje w ka\u017cdym miejscu w domu                            <\/p>\n<p>Aquabeads krok po kroku:                            <\/p>\n<p>Zestaw Zaczarowany \u015awiat Aquabeads                            <\/p>\n<p>Ba\u015bniowe kreacje Aquabeads                            <\/p>\n<p>Magiczny stojaczek Aquabeads                            <\/p>\n<p>UK\u0141ADASZ!Wybierz szablon z motywem, kt\u00f3ry chcesz u\u0142o\u017cy\u0107 i wsu\u0144 go pod podk\u0142adk\u0119 do uk\u0142adania. Szablon mo\u017cna umie\u015bci\u0107 tylko na jeden spos\u00f3b, wi\u0119c upewnij si\u0119, \u017ce jest idealnie dopasowany do podk\u0142adki. To by\u0142o bardzo proste zadanie. Teraz u\u0142\u00f3\u017c koraliki na podk\u0142adce w taki spos\u00f3b, jak podpowiada szablon. Koraliki mo\u017cesz uk\u0142ada\u0107 palcami, ale znacznie wygodniejszy jest aplikator koralik\u00f3w do\u0142\u0105czony do wi\u0119kszo\u015bci zestaw\u00f3w Aquabeads.Dodatkowe szablony, motywy i inspiracje znajdziesz na www.aquabeadsart.comSPRYSKUJESZ!Gdy dzie\u0142o jest gotowe, spryskaj je wod\u0105. Do tego celu u\u017cyj spryskiwacza Aquabeads. Upewnij si\u0119, czy wszystkie koraliki zosta\u0142y spryskane, poniewa\u017c bez wody, nie po\u0142\u0105cz\u0105 si\u0119 ze sob\u0105.ODWRACASZ!Je\u017celi posiadasz podk\u0142adk\u0119 do uk\u0142adania z systemem FLIP TRAY, przykryj dzie\u0142o podstawk\u0105 do suszenia, a nast\u0119pnie obr\u00f3\u0107 razem z podk\u0142adk\u0105 do uk\u0142adania. Teraz powoli obr\u00f3\u0107 podk\u0142adk\u0119 do uk\u0142adania do poprzedniej pozycji. Twoja kreacja spokojnie schnie na podstawce do suszenia, a ty mo\u017cesz tworzy\u0107 dalej. Je\u017celi twoja podk\u0142adka do uk\u0142adania nie jest wyposa\u017cona w system FLIP TRAY, zaczekaj, a\u017c kreacja wyschnie. Wtedy mo\u017cesz j\u0105 zdj\u0105\u0107 i tworzy\u0107 nast\u0119pn\u0105.GOTOWE!Po kr\u00f3tkim czasie koraliki po\u0142\u0105cz\u0105 si\u0119 ze sob\u0105. Wtedy mo\u017cesz od\u0142o\u017cy\u0107 swoj\u0105 kreacj\u0119 na g\u0142adk\u0105 powierzchni\u0119, \u017ceby mog\u0142a dobrze wyschn\u0105\u0107. Pami\u0119taj, aby wytrze\u0107 nadmiar wody z obu podk\u0142adek, zanim zaczniesz tworzy\u0107 kolejne kreacje.                            <\/p>\n<p>Bez prasowania, wysokiej temperatury i kleju                            <\/p>\n<p>Oryginalne koraliki Aquabeads!                            <\/p>\n<p>Pedagogiczne zalety koralik\u00f3w Aquabeads                            <\/p>\n<p>Dzieci\u00a0 mog\u0105 samodzielnie i bezpiecznie tworzy\u0107 wyj\u0105tkowe dzia\u0142a bez konieczno\u015bci opieki osoby doros\u0142ej, poniewa\u017c koraliki Aquabeads w magiczny spos\u00f3b \u0142\u0105cz\u0105 si\u0119 ze sob\u0105 po spryskaniu wod\u0105. Nie potrzebuj\u0105 kleju, \u017celazka ani innego \u017ar\u00f3d\u0142a gor\u0105ca.<\/p>\n<h2>Epoch Aquabeads \u015awiat Wr\u00f3\u017cek. Koraliki Gwiazdki 31766 Epoch<\/h2>\n<p>co kupi\u0107 nastolatce na \u015bwi\u0119ta, cicha noc po angielsku tekst, zaproszenie na urodziny dziecka tekst do druku, gad\u017cety dla m\u0142odzie\u017cy 2020, zagadki dla sze\u015bciolatk\u00f3w, na roczek, walentynka dla syna, felix net i nika oraz gang niewidzialnych ludzi test z odpowiedziami, ninjago kolorowanka, wiosenne zagadki, kundel bury tekst, jak narysowa\u0107 oko, jak narysowa\u0107, quiz o samochodach, pu\u0142tusk atrakcje dla dzieci, filmy disneya, kolorowanka antystresowa, bal halloween dla dzieci 2021, kolorowanka kotki do druku, sara<\/p>\n<p>yyyyy<\/p>\n<p>&nbsp;<\/p>\n","protected":false},"excerpt":{"rendered":"<p>Zaczarowany \u015bwiat wr\u00f3\u017cek AquabeadsGotowy do zabawy zestaw \u015awiat Wr\u00f3\u017cek Aquabeads zawiera ponad 820 barwnych koralik\u00f3w w 16 kolorach i r\u00f3\u017cnych kszta\u0142tach oraz unikalne akcesoria, dzi\u0119ki kt\u00f3rym mo\u017cna tworzy\u0107 w\u0142asn\u0105, magiczn\u0105 bi\u017cuteri\u0119: tiar\u0119, bransoletk\u0119, broszk\u0119, pier\u015bcionki i inne ozdoby. Koralikowe kreacje mo\u017cna u\u017cywa\u0107 jak prawdzi\u0105 bi\u017cuteri\u0119 lub wyeksponowa\u0107 na magicznym stojaczku Aquabeads (nowo\u015b\u0107 2021).ponad 800 kolorowych [&hellip;]<\/p>\n","protected":false},"featured_media":9774,"comment_status":"closed","ping_status":"open","template":"","meta":[],"product_cat":[263,21],"product_tag":[825,822,873],"class_list":["post-9773","product","type-product","status-publish","has-post-thumbnail","hentry","product_cat-epoch","product_cat-zabawki-plastyczne","product_tag-bajka-na-dobranoc-do-czytania","product_tag-wierszyki-o-wakacjach-krotkie","product_tag-zagadki-z-odpowiedziami-dla-dzieci"],"_links":{"self":[{"href":"http:\/\/klubmamgdynia.pl\/index.php\/wp-json\/wp\/v2\/product\/9773","targetHints":{"allow":["GET"]}}],"collection":[{"href":"http:\/\/klubmamgdynia.pl\/index.php\/wp-json\/wp\/v2\/product"}],"about":[{"href":"http:\/\/klubmamgdynia.pl\/index.php\/wp-json\/wp\/v2\/types\/product"}],"replies":[{"embeddable":true,"href":"http:\/\/klubmamgdynia.pl\/index.php\/wp-json\/wp\/v2\/comments?post=9773"}],"wp:featuredmedia":[{"embeddable":true,"href":"http:\/\/klubmamgdynia.pl\/index.php\/wp-json\/wp\/v2\/media\/9774"}],"wp:attachment":[{"href":"http:\/\/klubmamgdynia.pl\/index.php\/wp-json\/wp\/v2\/media?parent=9773"}],"wp:term":[{"taxonomy":"product_cat","embeddable":true,"href":"http:\/\/klubmamgdynia.pl\/index.php\/wp-json\/wp\/v2\/product_cat?post=9773"},{"taxonomy":"product_tag","embeddable":true,"href":"http:\/\/klubmamgdynia.pl\/index.php\/wp-json\/wp\/v2\/product_tag?post=9773"}],"curies":[{"name":"wp","href":"https:\/\/api.w.org\/{rel}","templated":true}]}}