{"id":9775,"date":"2015-08-09T09:04:11","date_gmt":"2015-08-09T07:04:11","guid":{"rendered":"http:\/\/klubmamgdynia.pl\/index.php\/produkt\/cada-klocki-techniczne-wozek-widlowy-pilot-za1065klocki\/"},"modified":"2026-04-30T06:47:27","modified_gmt":"2026-04-30T04:47:27","slug":"cada-klocki-techniczne-wozek-widlowy-pilot-za1065klocki","status":"publish","type":"product","link":"http:\/\/klubmamgdynia.pl\/index.php\/produkt\/cada-klocki-techniczne-wozek-widlowy-pilot-za1065klocki\/","title":{"rendered":"Cada Klocki Techniczne W\u00f3zek Wid\u0142owy Pilot Za1065Klocki"},"content":{"rendered":"<p>Klocki techniczne w\u00f3zek wid\u0142owy pilot ZA1065Konstrukcyjne klocki techniczne to propozycja dla wszystkich dzieci lubi\u0105cych u\u017cywa\u0107 swojej wyobra\u017ani do tworzenia budowli przestrzennych.Solidne wykonanie i \u017cywa kolorystyka przyci\u0105gaj\u0105 uwag\u0119 nawet najbardziej wymagaj\u0105cych mi\u0142o\u015bnik\u00f3w klock\u00f3w.Opisywany zestaw to propozycja dla niezwykle wymagaj\u0105cych, m\u0142odych konstruktor\u00f3w.Rewelacyjny wieloelementowy zestaw pozwoli ka\u017cdemu dziecku zbudowa\u0107 niesamowite budowle i konstrukcje. Potrzebna jest tylko ch\u0119\u0107, zapa\u0142 i wyobra\u017ania bez ogranicze\u0144.Zestaw 1403 W\u00d3ZEK WID\u0141OWY element\u00f3w:Zestaw ten pozwala na zbudowanie 4 sugerowanych konstrukcji:- w\u00f3zek wid\u0142owy- motor- teleskopowy chwytak\/szczypce- pojazd z armatk\u0105Zestaw zawiera 292 element\u00f3w- klocki- silniczek- 4 gumowe opony- kabel \u0142\u0105cz\u0105cy pilot z silnikiem- instrukcja obrazkowaDo zabawy wymagane jest u\u017cycie baterii 2 x 1,5V AA (brak w zestawie).Ka\u017cdy z pojazd\u00f3w zosta\u0142 wyposa\u017cony w ruchome elementy, kt\u00f3re uatrakcyjniaj\u0105 zabaw\u0119 oraz gumowe nak\u0142adki na ko\u0142a, kt\u00f3re znakomicie imituj\u0105 prawdziwe opony.Silniczek wytwarza efekty \u015bwietlne podczas pracy \u015bwiec\u0105c \u015bwiat\u0142em niebieskim lub zielonym.Klocki s\u0105 doskona\u0142ym sposobem na wsp\u00f3ln\u0105 zabaw\u0119 w gronie najbli\u017cszych. Dzi\u0119ki takim zabawom, dzieci mog\u0105 sp\u0119dzi\u0107 wi\u0119cej czasu w\u015br\u00f3d r\u00f3wie\u015bnik\u00f3w lub z rodzicami jednocze\u015bnie nabywaj\u0105c nowych umiej\u0119tno\u015bci.Zestaw zapakowany w oryginalne, plastikowe opakowanie idealnie nadaj\u0105ce si\u0119 na prezent.Sklep Jokomisiada oferuje najwi\u0119kszy wyb\u00f3r kreatywnych klock\u00f3w do zabawy. Zapraszamy!certyfikat: CEwiek: 3 +wymiar opakowania: 40 x 30 x 7cmwaga: 0,78 kgp\u0142e\u0107: ch\u0142opiecbaterie: 2 x 1,5V AA (brak w zestawie).Kod producenta: 3051619232730<\/p>\n<h2>Cada Klocki Techniczne W\u00f3zek Wid\u0142owy Pilot Za1065Klocki Cada<\/h2>\n<p>samolot kolorowanka, zagadki dla 8 latka, znajd\u017a r\u00f3\u017cnice do druku, bajka do czytania, ry\u017c z owocami, zadania logiczne, kolorowanka ze zdj\u0119cia, buziak gify na dobranoc smieszne, samolot kolorowanka, leon imi\u0119, rodzina sentencja, rodzina sentencja, wzruszaj\u0105c\u0105 piosenka dla taty, zagadki o wio\u015bnie dla dzieci, flagi do druku, jazda konna dla dzieci, ignacy znaczenie imienia<\/p>\n<p>yyyyy<\/p>\n<p>&nbsp;<\/p>\n","protected":false},"excerpt":{"rendered":"<p>Klocki techniczne w\u00f3zek wid\u0142owy pilot ZA1065Konstrukcyjne klocki techniczne to propozycja dla wszystkich dzieci lubi\u0105cych u\u017cywa\u0107 swojej wyobra\u017ani do tworzenia budowli przestrzennych.Solidne wykonanie i \u017cywa kolorystyka przyci\u0105gaj\u0105 uwag\u0119 nawet najbardziej wymagaj\u0105cych mi\u0142o\u015bnik\u00f3w klock\u00f3w.Opisywany zestaw to propozycja dla niezwykle wymagaj\u0105cych, m\u0142odych konstruktor\u00f3w.Rewelacyjny wieloelementowy zestaw pozwoli ka\u017cdemu dziecku zbudowa\u0107 niesamowite budowle i konstrukcje. Potrzebna jest tylko ch\u0119\u0107, zapa\u0142 [&hellip;]<\/p>\n","protected":false},"featured_media":9776,"comment_status":"closed","ping_status":"open","template":"","meta":[],"product_cat":[460,113],"product_tag":[790,795,577],"class_list":["post-9775","product","type-product","status-publish","has-post-thumbnail","hentry","product_cat-cada","product_cat-klocki","product_tag-gry-planszowe-dla-nastolatkow","product_tag-mini-zoo-warszawa","product_tag-znaki-drogowe-test"],"_links":{"self":[{"href":"http:\/\/klubmamgdynia.pl\/index.php\/wp-json\/wp\/v2\/product\/9775","targetHints":{"allow":["GET"]}}],"collection":[{"href":"http:\/\/klubmamgdynia.pl\/index.php\/wp-json\/wp\/v2\/product"}],"about":[{"href":"http:\/\/klubmamgdynia.pl\/index.php\/wp-json\/wp\/v2\/types\/product"}],"replies":[{"embeddable":true,"href":"http:\/\/klubmamgdynia.pl\/index.php\/wp-json\/wp\/v2\/comments?post=9775"}],"wp:featuredmedia":[{"embeddable":true,"href":"http:\/\/klubmamgdynia.pl\/index.php\/wp-json\/wp\/v2\/media\/9776"}],"wp:attachment":[{"href":"http:\/\/klubmamgdynia.pl\/index.php\/wp-json\/wp\/v2\/media?parent=9775"}],"wp:term":[{"taxonomy":"product_cat","embeddable":true,"href":"http:\/\/klubmamgdynia.pl\/index.php\/wp-json\/wp\/v2\/product_cat?post=9775"},{"taxonomy":"product_tag","embeddable":true,"href":"http:\/\/klubmamgdynia.pl\/index.php\/wp-json\/wp\/v2\/product_tag?post=9775"}],"curies":[{"name":"wp","href":"https:\/\/api.w.org\/{rel}","templated":true}]}}