{"id":9777,"date":"2021-11-01T23:29:53","date_gmt":"2021-11-01T22:29:53","guid":{"rendered":"http:\/\/klubmamgdynia.pl\/index.php\/produkt\/playmobil-70501-country-starter-pack-stadnina-koni\/"},"modified":"2026-05-17T22:37:44","modified_gmt":"2026-05-17T20:37:44","slug":"playmobil-70501-country-starter-pack-stadnina-koni","status":"publish","type":"product","link":"http:\/\/klubmamgdynia.pl\/index.php\/produkt\/playmobil-70501-country-starter-pack-stadnina-koni\/","title":{"rendered":"Playmobil 70501 Country Starter Pack Stadnina Koni"},"content":{"rendered":"<p>Playmobil Country 70501 &#8211; Starter Pack &#8211; Stadnina koni Zestawy klock\u00f3w Playmobil dla trzyletnich dzieci zosta\u0142y zaprojektowane w oparciu o nieco wi\u0119ksze elementy i prostsze do z\u0142o\u017cenia konstrukcje. Zestaw Stadnina koni z serii Country to \u015bwietny pomys\u0142 na prezent dla dzieciak\u00f3w, kt\u00f3re uwielbiaj\u0105 zwierz\u0105tka oraz opiek\u0119 nad nimi \u2013 jeste\u015b gotowy, by zaj\u0105\u0107 si\u0119 klacz\u0105 i ma\u0142ym \u017arebakiem? Opakowanie skrywa 41 klock\u00f3w, z jakich do z\u0142o\u017cenia jest niewielka zagroda z czerwonym dachem, wewn\u0105trz kt\u00f3rej mog\u0105 przebywa\u0107 tytu\u0142owe zwierzaki. Opiek\u0119 nad ko\u0144mi sprawuje mama farmerka, kt\u00f3rej towarzyszy urocza c\u00f3reczka \u2013 obydwie uwielbiaj\u0105 sp\u0119dza\u0107 czas na wsp\u00f3lnej pracy i oporz\u0105dzaniu swoich zwierz\u0105tek. Do ich dyspozycji pozostaje kosz z marchewk\u0105, siano, wiaderko, taczki, grabki, latarenka oraz chor\u0105giewka z oznaczeniem stajni. Pupile uwielbiaj\u0105 smako\u0142yki, na kt\u00f3re codziennie czekaj\u0105, wi\u0119c nie ma co zwleka\u0107 i trzeba jak najszybciej wzi\u0105\u0107 si\u0119 do pracy. Zestaw Stadnina koni z serii Playmobil Country to idealna baza do rozpocz\u0119cia zabawy popularnymi klockami, ale te\u017c \u015bwietne uzupe\u0142nienie pozosta\u0142ych propozycji z tej samej linii. Zestaw przeznaczony jest dla dzieci powy\u017cej 3. roku \u017cycia. Klocki Playmobil &#8211; Stadnina koni &#8211; informacje dodatkowe: Producent: Playmobil \/ Brandst\u00e4tter Group Seria: Country Numer katalogowy: 70501 Wiek dziecka: + 3 lata Ilo\u015b\u0107 element\u00f3w: 41 Wymiary opakowania: 19 cm x 25 cm x 9 cm<\/p>\n<h2>Playmobil 70501 Country Starter Pack Stadnina Koni Playmobil<\/h2>\n<p>jak narysowa\u0107 \u017cab\u0119, quizy dla dzieci z bajek, nauka polskiego dla dzieci z ukrainy, pomysly na prezent na roczek, origami dla dzieci, zagadka o wio\u015bnie, ry\u017c z owocami, najlepsze place zabaw warszawa, kotek kolorowanka do druku, kolorowanka do druku lol, co na roczek dla dziewczynki, dzie\u0144 dziecka dla nastolatk\u00f3w, krecik bajka, bajki do czytania dla ch\u0142opc\u00f3w, mira imie, zabawki na roczek dla dziewczynki, paj\u0105czek na rowerze test<\/p>\n<p>yyyyy<\/p>\n<p>&nbsp;<\/p>\n","protected":false},"excerpt":{"rendered":"<p>Playmobil Country 70501 &#8211; Starter Pack &#8211; Stadnina koni Zestawy klock\u00f3w Playmobil dla trzyletnich dzieci zosta\u0142y zaprojektowane w oparciu o nieco wi\u0119ksze elementy i prostsze do z\u0142o\u017cenia konstrukcje. Zestaw Stadnina koni z serii Country to \u015bwietny pomys\u0142 na prezent dla dzieciak\u00f3w, kt\u00f3re uwielbiaj\u0105 zwierz\u0105tka oraz opiek\u0119 nad nimi \u2013 jeste\u015b gotowy, by zaj\u0105\u0107 si\u0119 klacz\u0105 [&hellip;]<\/p>\n","protected":false},"featured_media":9778,"comment_status":"closed","ping_status":"open","template":"","meta":[],"product_cat":[113,466],"product_tag":[864,584,742,764],"class_list":["post-9777","product","type-product","status-publish","has-post-thumbnail","hentry","product_cat-klocki","product_cat-playmobil","product_tag-basen-warszawa","product_tag-liwia","product_tag-piosenki-dla-dzieci-tekst","product_tag-prezenty-na-roczek-dla-dziewczynki"],"_links":{"self":[{"href":"http:\/\/klubmamgdynia.pl\/index.php\/wp-json\/wp\/v2\/product\/9777","targetHints":{"allow":["GET"]}}],"collection":[{"href":"http:\/\/klubmamgdynia.pl\/index.php\/wp-json\/wp\/v2\/product"}],"about":[{"href":"http:\/\/klubmamgdynia.pl\/index.php\/wp-json\/wp\/v2\/types\/product"}],"replies":[{"embeddable":true,"href":"http:\/\/klubmamgdynia.pl\/index.php\/wp-json\/wp\/v2\/comments?post=9777"}],"wp:featuredmedia":[{"embeddable":true,"href":"http:\/\/klubmamgdynia.pl\/index.php\/wp-json\/wp\/v2\/media\/9778"}],"wp:attachment":[{"href":"http:\/\/klubmamgdynia.pl\/index.php\/wp-json\/wp\/v2\/media?parent=9777"}],"wp:term":[{"taxonomy":"product_cat","embeddable":true,"href":"http:\/\/klubmamgdynia.pl\/index.php\/wp-json\/wp\/v2\/product_cat?post=9777"},{"taxonomy":"product_tag","embeddable":true,"href":"http:\/\/klubmamgdynia.pl\/index.php\/wp-json\/wp\/v2\/product_tag?post=9777"}],"curies":[{"name":"wp","href":"https:\/\/api.w.org\/{rel}","templated":true}]}}