{"id":9779,"date":"2014-06-03T13:57:08","date_gmt":"2014-06-03T11:57:08","guid":{"rendered":"http:\/\/klubmamgdynia.pl\/index.php\/produkt\/flexi-giant-l-professional-10m-czarny\/"},"modified":"2026-04-22T21:55:40","modified_gmt":"2026-04-22T19:55:40","slug":"flexi-giant-l-professional-10m-czarny","status":"publish","type":"product","link":"http:\/\/klubmamgdynia.pl\/index.php\/produkt\/flexi-giant-l-professional-10m-czarny\/","title":{"rendered":"Flexi Giant L Professional 10m Czarny"},"content":{"rendered":"<p>Flexi Giant L Professional 10m Czarny                            <\/p>\n<p>Smycz ta\u015bmowa dla ps\u00f3w &lt; 50 kg\u00a0d\u0142ugo\u015b\u0107 do 10 m, stabilny, mi\u0119kki uchwyt, dla du\u017cych, silnych ps\u00f3w, funkcja blokady i automatycznego zwijania, z karabi\u0144czykiem, wykonana z tworzywa sztucznegoZe smycz\u0105 automatyczn\u0105 flexi Giant Professional dasz swojemu psu 10 metr\u00f3w wolno\u015bci, a w razie potrzeby szybko b\u0119dzie z powrotem pod Twoj\u0105 kontrol\u0105, je\u015bli tylko naci\u015bniesz guzik.Smycz nadaje si\u0119 dla du\u017cych i silnych ps\u00f3w do 50 kg wagi i jest idealna na spacer w otwartej przestrzeni. Dzi\u0119ki stabilnemu uchwytowi z tworzywa smycz dobrze le\u017cy w d\u0142oni.Smycz automatyczna flexi Giant Professional jest idealnym rozwi\u0105zaniem za ka\u017cdym razem, kiedy musisz prowadzi\u0107 psa na smyczy, a jednocze\u015bnie chcesz zagwarantowa\u0107 mu swobod\u0119 ruchu do 10 metr\u00f3w.Smycz rozwija si\u0119 automatycznie, dzi\u0119ki czemu pies mo\u017ce porusza\u0107 si\u0119 bardzo swobodnie, a smycz nie ci\u0105gnie si\u0119 po ziemi. Dzi\u0119ki przyciskowi hamuj\u0105cemu nie stracisz kontroli nad Twoim psem.                            <\/p>\n<p>Smycz automatyczna flexi Giant Professional &#8211; 10 m w skr\u00f3cie:10 metrowa smycz automatyczna dla du\u017cych i silnych ps\u00f3w do 50 kgZ d\u0142ug\u0105, \u017c\u00f3\u0142t\u0105 smycz\u0105 dla wi\u0119kszej swobody ruchu i bezpiecze\u0144stwa: neonowa smycz jest widoczna z daleka, a przy tym bardzo modnaZ szlufk\u0105 bezpiecze\u0144stwa: gdyby obro\u017ca si\u0119 zerwa\u0142a, szlufka powstrzymuje zwini\u0119cie si\u0119 smyczyWysokiej jako\u015bci wyko\u0144czenie: jako\u015b\u0107 Premium gwarantuje, \u017ce wszelkie u\u017cyte elementy s\u0105 wykonane ze stabilnego i wytrzyma\u0142ego materia\u0142u, a haczyki s\u0105 dodatkowo chromowaneWytrzyma\u0142a smycz i kompaktowa obudowaStabilny i zarazem mi\u0119kki uchwytChromowany karabi\u0144czykBlokada, zwolnienie blokady i automatyczne zwijanie smyczy na przyciskWyprodukowana w Niemczech: r\u0119cznie wyprodukowana w Niemczech, uwielbiana na ca\u0142ym \u015bwiecie                            <\/p>\n<p>Kolor:- Obudowa: czarna- Uchwyt: szary- Nadruk i smycz: \u017c\u00f3\u0142teWymiary Giant Professional \u2013 10 m:- 10-metrowa smycz automatyczna- Dla du\u017cych i silnych ps\u00f3w do 50 kg- Waga: ok. 860 gDo 10 metr\u00f3w wolno\u015bciDla ps\u00f3w do maksymalnie 50 kg wagiSmycz automatycznaStabilny uchwytWytrzyma\u0142y 10. metrowy pasChromowany haczykWaga: ok. 860 g<\/p>\n<h2>Flexi Giant L Professional 10m Czarny Flexi<\/h2>\n<p>ewelina, quiz o hobbicie, cytaty dla dzieci, podchwytliwe zagadki z odpowiedziami, quiz o koniach, tekst kolysanek, cytat o przyja\u017ani, harry potter kolorowanka, test z opowie\u015bci z narnii, zagadki na inteligencj\u0119 z odpowiedziami, quiz bajki<\/p>\n<p>yyyyy<\/p>\n<p>&nbsp;<\/p>\n","protected":false},"excerpt":{"rendered":"<p>Flexi Giant L Professional 10m Czarny Smycz ta\u015bmowa dla ps\u00f3w &lt; 50 kg\u00a0d\u0142ugo\u015b\u0107 do 10 m, stabilny, mi\u0119kki uchwyt, dla du\u017cych, silnych ps\u00f3w, funkcja blokady i automatycznego zwijania, z karabi\u0144czykiem, wykonana z tworzywa sztucznegoZe smycz\u0105 automatyczn\u0105 flexi Giant Professional dasz swojemu psu 10 metr\u00f3w wolno\u015bci, a w razie potrzeby szybko b\u0119dzie z powrotem pod Twoj\u0105 [&hellip;]<\/p>\n","protected":false},"featured_media":9780,"comment_status":"closed","ping_status":"open","template":"","meta":[],"product_cat":[909,910],"product_tag":[829,594,602,713],"class_list":["post-9779","product","type-product","status-publish","has-post-thumbnail","hentry","product_cat-flexi","product_cat-smycze-dla-psow","product_tag-bajki-do-czytania-na-dobranoc","product_tag-podchwytliwe-zagadki-dla-dzieci","product_tag-quiz-o-zwierzetach-domowych","product_tag-zagadki-logiczne-z-odpowiedziami"],"_links":{"self":[{"href":"http:\/\/klubmamgdynia.pl\/index.php\/wp-json\/wp\/v2\/product\/9779","targetHints":{"allow":["GET"]}}],"collection":[{"href":"http:\/\/klubmamgdynia.pl\/index.php\/wp-json\/wp\/v2\/product"}],"about":[{"href":"http:\/\/klubmamgdynia.pl\/index.php\/wp-json\/wp\/v2\/types\/product"}],"replies":[{"embeddable":true,"href":"http:\/\/klubmamgdynia.pl\/index.php\/wp-json\/wp\/v2\/comments?post=9779"}],"wp:featuredmedia":[{"embeddable":true,"href":"http:\/\/klubmamgdynia.pl\/index.php\/wp-json\/wp\/v2\/media\/9780"}],"wp:attachment":[{"href":"http:\/\/klubmamgdynia.pl\/index.php\/wp-json\/wp\/v2\/media?parent=9779"}],"wp:term":[{"taxonomy":"product_cat","embeddable":true,"href":"http:\/\/klubmamgdynia.pl\/index.php\/wp-json\/wp\/v2\/product_cat?post=9779"},{"taxonomy":"product_tag","embeddable":true,"href":"http:\/\/klubmamgdynia.pl\/index.php\/wp-json\/wp\/v2\/product_tag?post=9779"}],"curies":[{"name":"wp","href":"https:\/\/api.w.org\/{rel}","templated":true}]}}