{"id":978,"date":"2011-07-12T22:07:06","date_gmt":"2011-07-12T20:07:06","guid":{"rendered":"http:\/\/klubmamgdynia.pl\/index.php\/produkt\/zuru-niespodzianek-5-dino-strike-swiecace-w-ciemnosci\/"},"modified":"2026-05-17T22:29:19","modified_gmt":"2026-05-17T20:29:19","slug":"zuru-niespodzianek-5-dino-strike-swiecace-w-ciemnosci","status":"publish","type":"product","link":"http:\/\/klubmamgdynia.pl\/index.php\/produkt\/zuru-niespodzianek-5-dino-strike-swiecace-w-ciemnosci\/","title":{"rendered":"Zuru Niespodzianek 5! Dino Strike \u015awiec\u0105ce W Ciemno\u015bci"},"content":{"rendered":"<p>Dino Strike \u2013 \u015bwiec\u0105ce w ciemno\u015bci!!!Ka\u017cda kula zawiera 5 r\u00f3\u017cnych niespodzianek- figurki i komponenty do zbudowania w\u0142asnego dinozaura- figurki wraz z akcesoriami: nakryciem g\u0142owy, zbroj\u0105, plecakiem oraz broni\u0105- akcesoria mo\u017cna dowolnie wymienia\u0107- w kolekcji 13 dinozaur\u00f3w, w tym unikalny z\u0142otyKochani, pomagamy \ud83d\ude42<\/p>\n<h2>Zuru Niespodzianek 5! Dino Strike \u015awiec\u0105ce W Ciemno\u015bci Zuru<\/h2>\n<p>zagadki dla dzieci z odpowiedziami, ma\u0142y ksi\u0105\u017ce cytaty, test miko\u0142ajek 25 pyta\u0144, opis do zdj\u0119cia dziecka na fb, kontynenty dla dzieci do druku, quiz flagi, opis o rodzinie, milan imi\u0119, bajka terapeutyczna o z\u0142o\u015bci pdf, prima aprilis zarty<\/p>\n<p>yyyyy<\/p>\n<p>&nbsp;<\/p>\n","protected":false},"excerpt":{"rendered":"<p>Dino Strike \u2013 \u015bwiec\u0105ce w ciemno\u015bci!!!Ka\u017cda kula zawiera 5 r\u00f3\u017cnych niespodzianek- figurki i komponenty do zbudowania w\u0142asnego dinozaura- figurki wraz z akcesoriami: nakryciem g\u0142owy, zbroj\u0105, plecakiem oraz broni\u0105- akcesoria mo\u017cna dowolnie wymienia\u0107- w kolekcji 13 dinozaur\u00f3w, w tym unikalny z\u0142otyKochani, pomagamy \ud83d\ude42 Zuru Niespodzianek 5! Dino Strike \u015awiec\u0105ce W Ciemno\u015bci Zuru zagadki dla dzieci z [&hellip;]<\/p>\n","protected":false},"featured_media":979,"comment_status":"closed","ping_status":"open","template":"","meta":[],"product_cat":[95,324],"product_tag":[765,650,758,583,697,824,767],"class_list":["post-978","product","type-product","status-publish","has-post-thumbnail","hentry","product_cat-figurki-makiety-i-zestawy","product_cat-zuru","product_tag-atrakcje-dla-dzieci-warszawa","product_tag-choinka-z-bibuly","product_tag-julian","product_tag-kolysanki-dla-dzieci-tekst","product_tag-krotkie-bajki-do-czytania","product_tag-warszawa-atrakcje-dla-dzieci","product_tag-zaproszenia-urodzinowe-do-druku"],"_links":{"self":[{"href":"http:\/\/klubmamgdynia.pl\/index.php\/wp-json\/wp\/v2\/product\/978","targetHints":{"allow":["GET"]}}],"collection":[{"href":"http:\/\/klubmamgdynia.pl\/index.php\/wp-json\/wp\/v2\/product"}],"about":[{"href":"http:\/\/klubmamgdynia.pl\/index.php\/wp-json\/wp\/v2\/types\/product"}],"replies":[{"embeddable":true,"href":"http:\/\/klubmamgdynia.pl\/index.php\/wp-json\/wp\/v2\/comments?post=978"}],"wp:featuredmedia":[{"embeddable":true,"href":"http:\/\/klubmamgdynia.pl\/index.php\/wp-json\/wp\/v2\/media\/979"}],"wp:attachment":[{"href":"http:\/\/klubmamgdynia.pl\/index.php\/wp-json\/wp\/v2\/media?parent=978"}],"wp:term":[{"taxonomy":"product_cat","embeddable":true,"href":"http:\/\/klubmamgdynia.pl\/index.php\/wp-json\/wp\/v2\/product_cat?post=978"},{"taxonomy":"product_tag","embeddable":true,"href":"http:\/\/klubmamgdynia.pl\/index.php\/wp-json\/wp\/v2\/product_tag?post=978"}],"curies":[{"name":"wp","href":"https:\/\/api.w.org\/{rel}","templated":true}]}}