{"id":9785,"date":"2011-07-22T02:00:58","date_gmt":"2011-07-22T00:00:58","guid":{"rendered":"http:\/\/klubmamgdynia.pl\/index.php\/produkt\/magformers-zestaw-kraina-mojej-farmy\/"},"modified":"2026-04-05T22:29:28","modified_gmt":"2026-04-05T20:29:28","slug":"magformers-zestaw-kraina-mojej-farmy","status":"publish","type":"product","link":"http:\/\/klubmamgdynia.pl\/index.php\/produkt\/magformers-zestaw-kraina-mojej-farmy\/","title":{"rendered":"Magformers Zestaw Kraina Mojej Farmy"},"content":{"rendered":"<p>Szczeg\u00f3\u0142y produktu: Wiek: od 36 miesi\u0119cy Dzi\u0119ki temu zestawowi do zabawy Magformers farma zawita do dzieci\u0119cych pokoi! Dzi\u0119ki 48 r\u00f3\u017cnym elementom Magformers mo\u017cna zbudowa\u0107 wiele r\u00f3\u017cnych modeli, od traktor\u00f3w, przez r\u00f3\u017cne zwierz\u0119ta, a\u017c po budynki gospodarcze &#8211; wiele pomys\u0142\u00f3w znajduje si\u0119 w do\u0142\u0105czonej ksi\u0105\u017ceczce z pomys\u0142ami, ale jak zawsze w przypadku Magformers jest to tylko punkt wyj\u015bcia do kreatywnej zabawy konstrukcyjnej, w kt\u00f3rej mali fani farmy rozwijaj\u0105 r\u00f3wnie\u017c wiele w\u0142asnych pomys\u0142\u00f3w! Doskona\u0142a, tematyczna kompilacja r\u00f3\u017cnych element\u00f3w Magformers . Wymiary i waga: Wymiary po z\u0142o\u017ceniu (d\u0142ugo\u015b\u0107 x szeroko\u015b\u0107 x wysoko\u015b\u0107): 28 x 7,5 x 24 cm Waga: 0,64 kg Materia\u0142 i piel\u0119gnacja: Materia\u0142: plastik z magnesem neodymowym W zestawie: MAGFORMERS \u00ae Zestaw Kraina Mojej Farmy Ostrze\u017cenie i wskaz\u00f3wki dotycz\u0105ce bezpiecze\u0144stwa: Ostrze\u017cenie: nie nadaje si\u0119 dla dzieci poni\u017cej 3 lat. Ten produkt zawiera ma\u0142y magnes. Po\u0142kni\u0119te magnesy mog\u0105 przyci\u0105ga\u0107 si\u0119 w jelitach i powodowa\u0107 powa\u017cne obra\u017cenia. W przypadku po\u0142kni\u0119cia magnesu (magnes\u00f3w) nale\u017cy natychmiast skonsultowa\u0107 si\u0119 z lekarzem.<\/p>\n<h2>Magformers Zestaw Kraina Mojej Farmy Magformers<\/h2>\n<p>test z lektury spos\u00f3b na alcybiadesa, kawa\u0142y na prima aprilis dla rodzic\u00f3w, bajki terapeutyczne o emocjach pdf, prezent dla rocznej dziewczynki, bajki dla noworodka, kolorowanki samochody, co na roczek dla dziewczynki, prezent dla 7 latka, nietypowe imiona damskie, gry planszowe dla nastolatk\u00f3w, miriam imi\u0119, lol surprise kolorowanka<\/p>\n<p>yyyyy<\/p>\n<p>&nbsp;<\/p>\n","protected":false},"excerpt":{"rendered":"<p>Szczeg\u00f3\u0142y produktu: Wiek: od 36 miesi\u0119cy Dzi\u0119ki temu zestawowi do zabawy Magformers farma zawita do dzieci\u0119cych pokoi! Dzi\u0119ki 48 r\u00f3\u017cnym elementom Magformers mo\u017cna zbudowa\u0107 wiele r\u00f3\u017cnych modeli, od traktor\u00f3w, przez r\u00f3\u017cne zwierz\u0119ta, a\u017c po budynki gospodarcze &#8211; wiele pomys\u0142\u00f3w znajduje si\u0119 w do\u0142\u0105czonej ksi\u0105\u017ceczce z pomys\u0142ami, ale jak zawsze w przypadku Magformers jest to tylko [&hellip;]<\/p>\n","protected":false},"featured_media":9786,"comment_status":"closed","ping_status":"open","template":"","meta":[],"product_cat":[1749,537],"product_tag":[801,596,806],"class_list":["post-9785","product","type-product","status-publish","has-post-thumbnail","hentry","product_cat-magformers","product_cat-pozostale-zabawki-edukacyjne","product_tag-bajki-terapeutyczne-o-emocjach","product_tag-pomysly-na-prima-aprilis","product_tag-prezent-dla-dziecka-na-roczek"],"_links":{"self":[{"href":"http:\/\/klubmamgdynia.pl\/index.php\/wp-json\/wp\/v2\/product\/9785","targetHints":{"allow":["GET"]}}],"collection":[{"href":"http:\/\/klubmamgdynia.pl\/index.php\/wp-json\/wp\/v2\/product"}],"about":[{"href":"http:\/\/klubmamgdynia.pl\/index.php\/wp-json\/wp\/v2\/types\/product"}],"replies":[{"embeddable":true,"href":"http:\/\/klubmamgdynia.pl\/index.php\/wp-json\/wp\/v2\/comments?post=9785"}],"wp:featuredmedia":[{"embeddable":true,"href":"http:\/\/klubmamgdynia.pl\/index.php\/wp-json\/wp\/v2\/media\/9786"}],"wp:attachment":[{"href":"http:\/\/klubmamgdynia.pl\/index.php\/wp-json\/wp\/v2\/media?parent=9785"}],"wp:term":[{"taxonomy":"product_cat","embeddable":true,"href":"http:\/\/klubmamgdynia.pl\/index.php\/wp-json\/wp\/v2\/product_cat?post=9785"},{"taxonomy":"product_tag","embeddable":true,"href":"http:\/\/klubmamgdynia.pl\/index.php\/wp-json\/wp\/v2\/product_tag?post=9785"}],"curies":[{"name":"wp","href":"https:\/\/api.w.org\/{rel}","templated":true}]}}