{"id":9787,"date":"2016-09-10T18:57:00","date_gmt":"2016-09-10T16:57:00","guid":{"rendered":"http:\/\/klubmamgdynia.pl\/index.php\/produkt\/playmobil-70988-pokoj-nastolatka\/"},"modified":"2026-05-17T23:16:44","modified_gmt":"2026-05-17T21:16:44","slug":"playmobil-70988-pokoj-nastolatka","status":"publish","type":"product","link":"http:\/\/klubmamgdynia.pl\/index.php\/produkt\/playmobil-70988-pokoj-nastolatka\/","title":{"rendered":"Playmobil 70988 Pok\u00f3j Nastolatka"},"content":{"rendered":"<p>City Life to ciesz\u0105ca si\u0119 nies\u0142abn\u0105c\u0105 popularno\u015bci\u0105 w\u015br\u00f3d dzieci seria zestaw\u00f3w Playmobil o tematyce zwi\u0105zanej z codziennym \u017cyciem w mie\u015bcie. Ogromna paleta zestaw\u00f3w odzwierciedla miejsca, budynki, ich wyposa\u017cenie oraz otaczaj\u0105c\u0105 je przyrod\u0119 daj\u0105c nieograniczone mo\u017cliwo\u015bci zabawy i tworzenia w\u0142asnych historii wraz z r\u00f3\u017cnorodn\u0105 kolekcj\u0105 figurek zwierz\u0105t i postaci Playmobil. A takie tematy jak: szko\u0142a, przedszkole, ogr\u00f3d zoologiczny, weso\u0142e miasteczko czy szalone zakupy z pewno\u015bci\u0105 wzbudz\u0105 zachwyt i wywo\u0142aj\u0105 u\u015bmiech na dzieci\u0119cych twarzach.Playmobil 70988 Pok\u00f3j nastolatka. Po prostu wspaniale jest mie\u0107 w\u0142asny pok\u00f3j. Pok\u00f3j nastolatka deluxe oferuje wszystko, czego dusza nastolatka zapragnie. Zw\u0142aszcza \u0142\u00f3\u017cko w kszta\u0142cie domu z wygodnymi poduszkami zach\u0119ca do przytulania si\u0119 i snu. Czytaj i ucz si\u0119 przy nowym biurku. Po odrobieniu pracy domowej nadszed\u0142 czas, aby pos\u0142ucha\u0107 muzyki lub porozmawia\u0107 z najlepszym przyjacielem. Tylko w tym pokoju mo\u017cna czu\u0107 si\u0119 dobrze. Zestaw zawiera figurk\u0119 dziewczynki, biurko z krzes\u0142em, wie\u017c\u0119 stereo, \u0142\u00f3\u017cko, globus, flet, d\u0142ugopisy, p\u00f3\u0142ki i wiele innych uroczych dodatk\u00f3w. Dzi\u0119ki do\u0142\u0105czonym kartonowym \u015bcianom tapetowym mo\u017cna upi\u0119kszy\u0107 \u015bcian\u0119 pokoju. U\u017cyj kodu QR w instrukcji monta\u017cu, aby uzyska\u0107 wi\u0119cej szablon\u00f3w tapet do projektowania, drukowania i dekorowania.Charakterystyka produktu: W zestawie \u0142\u00f3\u017cko, biurko, saksofon i wiele ciekawych dodatk\u00f3w.  W zestawie z tapet\u0105 do dekoracji Zestaw przeznaczony jest dla dzieci od 4 roku \u017cycia Wszystkie elementy zosta\u0142y wykonane z wysokiej jako\u015bci plastiku z podwy\u017cszon\u0105 odporno\u015bci\u0105 na \u015bcieranie nadruk\u00f3wFigurki: 1 dziewczynkaAkcesoria: 1 tapeta, 2 p\u00f3\u0142ki, 1 kula ziemska, 1 saksofon, 1 stojak na saksofon, 1 kaktus, 1 p\u00f3\u0142ka na telewizor, 1 wie\u017ca stereo, 1 biurko, 1 tablet, 1 krzes\u0142o biurowe, 1 puszka, 1 komputer, 2 pude\u0142ka, 1 pude\u0142ko na lunch , 3 ksi\u0105\u017cki, 1 dywan, 1 koszyk\u00f3wka, 1 arkusz kropek kleju, 2 bochenki chleba, 6-cz\u0119\u015bciowy zestaw d\u0142ugopis\u00f3w, 2 bransoletki, 1 walkman, 1 plecak, 1 budzik, 1 nap\u00f3j, 1 mikrofon, 1 \u0142\u00f3\u017cko, 1 poduszka , 1 koc<\/p>\n<h2>Playmobil 70988 Pok\u00f3j Nastolatka Playmobil<\/h2>\n<p>jak narysowa\u0107 cz\u0142owieka, znaczenie imienia alan, fajne zagadki, pisanie po \u015bladzie do druku pdf, pomys\u0142 na prima aprilis, \u017carty na prima aprilis dla mamy, zagadki wiosenne dla dzieci, ahmed, atrakcje dla nastolatk\u00f3w, Keyword, nowe quizy do rozwi\u0105zania, dzie\u0144 nauczyciela teksty, zabawki na roczek<\/p>\n<p>yyyyy<\/p>\n<p>&nbsp;<\/p>\n","protected":false},"excerpt":{"rendered":"<p>City Life to ciesz\u0105ca si\u0119 nies\u0142abn\u0105c\u0105 popularno\u015bci\u0105 w\u015br\u00f3d dzieci seria zestaw\u00f3w Playmobil o tematyce zwi\u0105zanej z codziennym \u017cyciem w mie\u015bcie. Ogromna paleta zestaw\u00f3w odzwierciedla miejsca, budynki, ich wyposa\u017cenie oraz otaczaj\u0105c\u0105 je przyrod\u0119 daj\u0105c nieograniczone mo\u017cliwo\u015bci zabawy i tworzenia w\u0142asnych historii wraz z r\u00f3\u017cnorodn\u0105 kolekcj\u0105 figurek zwierz\u0105t i postaci Playmobil. A takie tematy jak: szko\u0142a, przedszkole, [&hellip;]<\/p>\n","protected":false},"featured_media":9788,"comment_status":"closed","ping_status":"open","template":"","meta":[],"product_cat":[113,466],"product_tag":[666,660,747,637],"class_list":["post-9787","product","type-product","status-publish","has-post-thumbnail","hentry","product_cat-klocki","product_cat-playmobil","product_tag-afrykanskie-imiona","product_tag-bianka","product_tag-malowanki-do-druku","product_tag-niech-zyja-wakacje-tekst"],"_links":{"self":[{"href":"http:\/\/klubmamgdynia.pl\/index.php\/wp-json\/wp\/v2\/product\/9787","targetHints":{"allow":["GET"]}}],"collection":[{"href":"http:\/\/klubmamgdynia.pl\/index.php\/wp-json\/wp\/v2\/product"}],"about":[{"href":"http:\/\/klubmamgdynia.pl\/index.php\/wp-json\/wp\/v2\/types\/product"}],"replies":[{"embeddable":true,"href":"http:\/\/klubmamgdynia.pl\/index.php\/wp-json\/wp\/v2\/comments?post=9787"}],"wp:featuredmedia":[{"embeddable":true,"href":"http:\/\/klubmamgdynia.pl\/index.php\/wp-json\/wp\/v2\/media\/9788"}],"wp:attachment":[{"href":"http:\/\/klubmamgdynia.pl\/index.php\/wp-json\/wp\/v2\/media?parent=9787"}],"wp:term":[{"taxonomy":"product_cat","embeddable":true,"href":"http:\/\/klubmamgdynia.pl\/index.php\/wp-json\/wp\/v2\/product_cat?post=9787"},{"taxonomy":"product_tag","embeddable":true,"href":"http:\/\/klubmamgdynia.pl\/index.php\/wp-json\/wp\/v2\/product_tag?post=9787"}],"curies":[{"name":"wp","href":"https:\/\/api.w.org\/{rel}","templated":true}]}}