{"id":9791,"date":"2016-01-25T21:04:10","date_gmt":"2016-01-25T20:04:10","guid":{"rendered":"http:\/\/klubmamgdynia.pl\/index.php\/produkt\/lego-pojemnik-klocek-brick-4-ciemnoszary-40031754\/"},"modified":"2026-05-17T22:00:21","modified_gmt":"2026-05-17T20:00:21","slug":"lego-pojemnik-klocek-brick-4-ciemnoszary-40031754","status":"publish","type":"product","link":"http:\/\/klubmamgdynia.pl\/index.php\/produkt\/lego-pojemnik-klocek-brick-4-ciemnoszary-40031754\/","title":{"rendered":"LEGO Pojemnik Klocek Brick 4 Ciemnoszary 40031754"},"content":{"rendered":"<p>Du\u017cy kwadratowy pojemnik w kszta\u0142cie klasycznego klocka LEGO\u00ae w radosny spos\u00f3b pomaga uporz\u0105dkowa\u0107 dzieci\u0119cy pok\u00f3j.Do pojemnika mo\u017cna chowa\u0107 przybory szkolne, zabawki, klocki LEGO\u00ae i inne skarby, o kt\u00f3rych wiedz\u0105 tylko dzieci. A rodzic najmniejszego fana LEGO\u00ae z przyjemno\u015bci\u0105 wykorzysta pojemnik do schowania kosmetyk\u00f3w, akcesori\u00f3w do piel\u0119gnacji, w tym nawet pieluch i chusteczek nawil\u017conych dla niemowl\u0105t.Pojemniki LEGO\u00ae mo\u017cna swobodnie ze sob\u0105 \u0142\u0105czy\u0107, dost\u0119pne s\u0105 w r\u00f3\u017cnych rozmiarach oraz w wielu kolorach.- Pojemnik ma kszta\u0142t klasycznego klocka LEGO\u00ae- \u0141\u0105czy si\u0119 z innymi pojemnikami z tej kategorii i umo\u017cliwia tworzenie jeszcze wi\u0119kszych konstrukcji- Dost\u0119pny w wielu kolorach- Z jego pomoc\u0105 pok\u00f3j dziecka b\u0119dzie uporz\u0105dkowany- Idealny do gromadzenia w nim mniejszych zabawek, w tym klock\u00f3w LEGO\u00ae- Produkt sprzedawany bez klock\u00f3w LEGO\u00ae ani innych akcesori\u00f3w- Materia\u0142: wykonano z polipropylenu. Producent nie stosuje BPA, ftalan\u00f3w ani PCW- Wyprodukowano w Unii EuropejskiejZ tym pojemnikiem nie ma \u017cart\u00f3w. Ukryje w sobie prawie ka\u017cdy skarb dziecka!Produkt nie zawiera klock\u00f3w.<\/p>\n<h2>LEGO Pojemnik Klocek Brick 4 Ciemnoszary 40031754 LEGO<\/h2>\n<p>na roczek dla dziewczynki, kolorowanki dla dzieci do druku, prezent na roczek dla chrze\u015bniaka, prezent dla dziewczynki 7 lat, atrakcje dla nastolatk\u00f3w warszawa, przek\u0105ski na urodziny dziecka, dziwne zagadki, kolorowanka kotek do druku, aron, alan imi\u0119, opis do zdj\u0119cia dziecka, zaproszenie na urodziny dziecka tekst do druku, co na roczek dla ch\u0142opca, sk\u0142adniki do pizzy kolorowanka, piesek kolorowanka<\/p>\n<p>yyyyy<\/p>\n<p>&nbsp;<\/p>\n","protected":false},"excerpt":{"rendered":"<p>Du\u017cy kwadratowy pojemnik w kszta\u0142cie klasycznego klocka LEGO\u00ae w radosny spos\u00f3b pomaga uporz\u0105dkowa\u0107 dzieci\u0119cy pok\u00f3j.Do pojemnika mo\u017cna chowa\u0107 przybory szkolne, zabawki, klocki LEGO\u00ae i inne skarby, o kt\u00f3rych wiedz\u0105 tylko dzieci. A rodzic najmniejszego fana LEGO\u00ae z przyjemno\u015bci\u0105 wykorzysta pojemnik do schowania kosmetyk\u00f3w, akcesori\u00f3w do piel\u0119gnacji, w tym nawet pieluch i chusteczek nawil\u017conych dla niemowl\u0105t.Pojemniki [&hellip;]<\/p>\n","protected":false},"featured_media":9792,"comment_status":"closed","ping_status":"open","template":"","meta":[],"product_cat":[540,990],"product_tag":[662,676,706,770],"class_list":["post-9791","product","type-product","status-publish","has-post-thumbnail","hentry","product_cat-lego","product_cat-skrzynie-i-pojemniki-na-zabawki","product_tag-bajki-na-dobranoc","product_tag-bursztynek","product_tag-imie-kuba","product_tag-samolot-z-papieru"],"_links":{"self":[{"href":"http:\/\/klubmamgdynia.pl\/index.php\/wp-json\/wp\/v2\/product\/9791","targetHints":{"allow":["GET"]}}],"collection":[{"href":"http:\/\/klubmamgdynia.pl\/index.php\/wp-json\/wp\/v2\/product"}],"about":[{"href":"http:\/\/klubmamgdynia.pl\/index.php\/wp-json\/wp\/v2\/types\/product"}],"replies":[{"embeddable":true,"href":"http:\/\/klubmamgdynia.pl\/index.php\/wp-json\/wp\/v2\/comments?post=9791"}],"wp:featuredmedia":[{"embeddable":true,"href":"http:\/\/klubmamgdynia.pl\/index.php\/wp-json\/wp\/v2\/media\/9792"}],"wp:attachment":[{"href":"http:\/\/klubmamgdynia.pl\/index.php\/wp-json\/wp\/v2\/media?parent=9791"}],"wp:term":[{"taxonomy":"product_cat","embeddable":true,"href":"http:\/\/klubmamgdynia.pl\/index.php\/wp-json\/wp\/v2\/product_cat?post=9791"},{"taxonomy":"product_tag","embeddable":true,"href":"http:\/\/klubmamgdynia.pl\/index.php\/wp-json\/wp\/v2\/product_tag?post=9791"}],"curies":[{"name":"wp","href":"https:\/\/api.w.org\/{rel}","templated":true}]}}