{"id":9793,"date":"2015-07-09T17:47:05","date_gmt":"2015-07-09T15:47:05","guid":{"rendered":"http:\/\/klubmamgdynia.pl\/index.php\/produkt\/playmobil-9419-autobus-szkolny\/"},"modified":"2026-04-19T09:15:25","modified_gmt":"2026-04-19T07:15:25","slug":"playmobil-9419-autobus-szkolny","status":"publish","type":"product","link":"http:\/\/klubmamgdynia.pl\/index.php\/produkt\/playmobil-9419-autobus-szkolny\/","title":{"rendered":"Playmobil 9419 Autobus Szkolny"},"content":{"rendered":"<p>Kod: Playmobil 9419Waga: 1.2 kgWiek: 4+Dost\u0119pno\u015b\u0107: JestProducent: PlaymobilCena: 84,99 z\u0142szt.Dodaj produkt do por\u00f3wnaniaPole\u0107 produktPlaymobil 9419 Autobus szkolny. Autobus szkolny to idealny pojazd do dowozu uczni\u00f3w do szko\u0142y. Wyposa\u017cony w miejsca siedz\u0105ce dla pasa\u017cer\u00f3w, otwierany dach, przesuwane drzwi z boku i podw\u00f3jnie otwierane z ty\u0142u baga\u017cnik, a tak\u017ce zdejmowan\u0105 przedni\u0105 cz\u0119\u015b\u0107 z szyb\u0105, chroni\u0105c\u0105 kierowc\u0119, dodatkowo autobus zawiera podjazd dla w\u00f3zk\u00f3w inwalidzkich, kt\u00f3ry znajduje si\u0119 tak\u017ce w zestawie. W zestawie znajduj\u0105 si\u0119 3 figurki uczni\u00f3w, figurka kierowcy oraz 4 szkolne plecaczki stanowi tematyczne rozszerzenie zestawu Playmobil Szko\u0142a o numerze 6865.Wymiary opakowania: 27 x 13 x 13 cm.Niezwykle szczeg\u00f3\u0142owe i realistycznie wygl\u0105daj\u0105ce detale inspiruj\u0105 Dzieci do budowania w\u0142asnego \u201emini \u015bwiata, w kt\u00f3rym odgrywaj\u0105 scenki i wchodz\u0105 w role poszczeg\u00f3lnych postaci. Dzi\u0119ki temu zabawki PLAYMOBIL wspieraj\u0105 dzieci\u0119cy rozw\u00f3j, pobudzaj\u0105 fantazj\u0119 i kreatywno\u015b\u0107 jednocze\u015bnie zach\u0119caj\u0105c do poznawania otaczaj\u0105cego \u015bwiata. Ogromna paleta produkt\u00f3w obejmuj\u0105ca: zoo, farm\u0119, stadnin\u0119, \u015bwiat rycerzy i pirat\u00f3w, domki z wyposa\u017ceniem, szko\u0142\u0119, szpital, tematyk\u0119 wakacyjn\u0105 czy \u015bwiat staro\u017cytny, sprawi\u0105 \u017ce ka\u017cde dziecko znajdzie tu co\u015b co szczeg\u00f3lnie je zainteresuje.Staranny proces produkcji, zaawansowane technologicznie linie produkcyjne wy\u0142\u0105cznie na terenie Europy, wysokiej jako\u015bci tworzywa o pi\u0119knej kolorystyce oraz bezpiecze\u0144stwo zabawek PLAYMOBIL to kolejne zalety produkt\u00f3w tej marki, sprawiaj\u0105ce \u017ce doro\u015bli darz\u0105 je ogromnym zaufaniem i cz\u0119sto po nie si\u0119gaj\u0105 wybieraj\u0105c zabawki dla swoich Dzieci. To w\u0142a\u015bnie dzi\u0119ki temu ju\u017c 2,1 miliarda figurek PLAYMOBIL mieszka w dzieci\u0119cych pokojach na ca\u0142ym \u015bwiecie.<\/p>\n<h2>Playmobil 9419 Autobus Szkolny Playmobil<\/h2>\n<p>sabina, kolorowanka mia i ja, s\u0142owa do przyjaciela, szopka do druku, cytaty o mi\u0142o\u015bci do dziecka, kolorowanki my little pony<\/p>\n<p>yyyyy<\/p>\n<p>&nbsp;<\/p>\n","protected":false},"excerpt":{"rendered":"<p>Kod: Playmobil 9419Waga: 1.2 kgWiek: 4+Dost\u0119pno\u015b\u0107: JestProducent: PlaymobilCena: 84,99 z\u0142szt.Dodaj produkt do por\u00f3wnaniaPole\u0107 produktPlaymobil 9419 Autobus szkolny. Autobus szkolny to idealny pojazd do dowozu uczni\u00f3w do szko\u0142y. Wyposa\u017cony w miejsca siedz\u0105ce dla pasa\u017cer\u00f3w, otwierany dach, przesuwane drzwi z boku i podw\u00f3jnie otwierane z ty\u0142u baga\u017cnik, a tak\u017ce zdejmowan\u0105 przedni\u0105 cz\u0119\u015b\u0107 z szyb\u0105, chroni\u0105c\u0105 kierowc\u0119, dodatkowo [&hellip;]<\/p>\n","protected":false},"featured_media":9794,"comment_status":"closed","ping_status":"open","template":"","meta":[],"product_cat":[113,466],"product_tag":[704,640,651,586,628],"class_list":["post-9793","product","type-product","status-publish","has-post-thumbnail","hentry","product_cat-klocki","product_cat-playmobil","product_tag-prezent-dla-nastolatka","product_tag-prezent-dla-rocznej-dziewczynki","product_tag-quizy-online","product_tag-smieszne-zagadki","product_tag-zagadka"],"_links":{"self":[{"href":"http:\/\/klubmamgdynia.pl\/index.php\/wp-json\/wp\/v2\/product\/9793","targetHints":{"allow":["GET"]}}],"collection":[{"href":"http:\/\/klubmamgdynia.pl\/index.php\/wp-json\/wp\/v2\/product"}],"about":[{"href":"http:\/\/klubmamgdynia.pl\/index.php\/wp-json\/wp\/v2\/types\/product"}],"replies":[{"embeddable":true,"href":"http:\/\/klubmamgdynia.pl\/index.php\/wp-json\/wp\/v2\/comments?post=9793"}],"wp:featuredmedia":[{"embeddable":true,"href":"http:\/\/klubmamgdynia.pl\/index.php\/wp-json\/wp\/v2\/media\/9794"}],"wp:attachment":[{"href":"http:\/\/klubmamgdynia.pl\/index.php\/wp-json\/wp\/v2\/media?parent=9793"}],"wp:term":[{"taxonomy":"product_cat","embeddable":true,"href":"http:\/\/klubmamgdynia.pl\/index.php\/wp-json\/wp\/v2\/product_cat?post=9793"},{"taxonomy":"product_tag","embeddable":true,"href":"http:\/\/klubmamgdynia.pl\/index.php\/wp-json\/wp\/v2\/product_tag?post=9793"}],"curies":[{"name":"wp","href":"https:\/\/api.w.org\/{rel}","templated":true}]}}