{"id":9795,"date":"2013-10-31T08:42:31","date_gmt":"2013-10-31T07:42:31","guid":{"rendered":"http:\/\/klubmamgdynia.pl\/index.php\/produkt\/3-sprouts-pudelko-zamykane-lampart-3stcle\/"},"modified":"2026-04-29T12:01:34","modified_gmt":"2026-04-29T10:01:34","slug":"3-sprouts-pudelko-zamykane-lampart-3stcle","status":"publish","type":"product","link":"http:\/\/klubmamgdynia.pl\/index.php\/produkt\/3-sprouts-pudelko-zamykane-lampart-3stcle\/","title":{"rendered":"3 Sprouts Pude\u0142ko Zamykane Lampart 3STCLE"},"content":{"rendered":"<p>Marka 3 Sprout to kanadyjska firma istniej\u0105ca na rynku od 2007, przyjazna kolorystyka i ciekawe wzory sprawiaj\u0105, \u017ce produkty tej firmy szybko wpadaj\u0105 w oko i wpasuj\u0105 si\u0119 w klimat ka\u017cdego domu. 3 Sprouts sprawia, \u017ce na twarzach doros\u0142ych i dzieci pojawia si\u0119 u\u015bmiech :).Organizacja pokoju pe\u0142nego zabawek przestanie by\u0107 problemem :)Skrzynia od 3 Sproutsa u\u0142atwia sprz\u0105tanie i sprawia, \u017ce obowi\u0105zek ten staje si\u0119 \u015bwietn\u0105 zabaw\u0105 w ko\u0144cu pomaga nam nie lada pomocnik &#8211; weso\u0142y lampart. Wzmocnione kartonem boki sprawiaj\u0105, \u017ce skrzynia jest stabilna, a sprytne zamykanie ukryje wszystkie skarby.Wymiary:- d\u0142ugo\u015b\u0107: 37 cm- szeroko\u015b\u0107: 62 cm- wysoko\u015b\u0107: 39 cmMateria\u0142y: poliester, filc oraz karton.Spos\u00f3b czyszczenia: czy\u015bci\u0107 wy\u0142\u0105cznie such\u0105 szmatk\u0105.<\/p>\n<h2>3 Sprouts Pude\u0142ko Zamykane Lampart 3STCLE 3 Sprouts<\/h2>\n<p>kolorowanka europa, koty rysunki, smoki rysunek, jaki prezent na roczek dla dziewczynki, kontynenty dla dzieci do druku, znaczenie imienia lilia, kolorowanki konie, imi\u0119 pola, malowanki dla dzieci do druku, nasza zima z\u0142a tekst, zagadki logiczne \u015bmieszne<\/p>\n<p>yyyyy<\/p>\n<p>&nbsp;<\/p>\n","protected":false},"excerpt":{"rendered":"<p>Marka 3 Sprout to kanadyjska firma istniej\u0105ca na rynku od 2007, przyjazna kolorystyka i ciekawe wzory sprawiaj\u0105, \u017ce produkty tej firmy szybko wpadaj\u0105 w oko i wpasuj\u0105 si\u0119 w klimat ka\u017cdego domu. 3 Sprouts sprawia, \u017ce na twarzach doros\u0142ych i dzieci pojawia si\u0119 u\u015bmiech :).Organizacja pokoju pe\u0142nego zabawek przestanie by\u0107 problemem :)Skrzynia od 3 Sproutsa [&hellip;]<\/p>\n","protected":false},"featured_media":9796,"comment_status":"closed","ping_status":"open","template":"","meta":[],"product_cat":[1004,990],"product_tag":[731,591,701],"class_list":["post-9795","product","type-product","status-publish","has-post-thumbnail","hentry","product_cat-3-sprouts","product_cat-skrzynie-i-pojemniki-na-zabawki","product_tag-maly-ksiaze-cytaty","product_tag-quiz-o-minecraft","product_tag-zgadywanki-dla-dzieci"],"_links":{"self":[{"href":"http:\/\/klubmamgdynia.pl\/index.php\/wp-json\/wp\/v2\/product\/9795","targetHints":{"allow":["GET"]}}],"collection":[{"href":"http:\/\/klubmamgdynia.pl\/index.php\/wp-json\/wp\/v2\/product"}],"about":[{"href":"http:\/\/klubmamgdynia.pl\/index.php\/wp-json\/wp\/v2\/types\/product"}],"replies":[{"embeddable":true,"href":"http:\/\/klubmamgdynia.pl\/index.php\/wp-json\/wp\/v2\/comments?post=9795"}],"wp:featuredmedia":[{"embeddable":true,"href":"http:\/\/klubmamgdynia.pl\/index.php\/wp-json\/wp\/v2\/media\/9796"}],"wp:attachment":[{"href":"http:\/\/klubmamgdynia.pl\/index.php\/wp-json\/wp\/v2\/media?parent=9795"}],"wp:term":[{"taxonomy":"product_cat","embeddable":true,"href":"http:\/\/klubmamgdynia.pl\/index.php\/wp-json\/wp\/v2\/product_cat?post=9795"},{"taxonomy":"product_tag","embeddable":true,"href":"http:\/\/klubmamgdynia.pl\/index.php\/wp-json\/wp\/v2\/product_tag?post=9795"}],"curies":[{"name":"wp","href":"https:\/\/api.w.org\/{rel}","templated":true}]}}