{"id":98,"date":"2022-08-11T23:35:08","date_gmt":"2022-08-11T21:35:08","guid":{"rendered":"http:\/\/klubmamgdynia.pl\/?post_type=product&#038;p=98"},"modified":"2026-05-17T22:20:22","modified_gmt":"2026-05-17T20:20:22","slug":"dromader-walec-edukacyjny-dla-malucha-1272292","status":"publish","type":"product","link":"http:\/\/klubmamgdynia.pl\/index.php\/produkt\/dromader-walec-edukacyjny-dla-malucha-1272292\/","title":{"rendered":"Dromader Walec Edukacyjny Dla Malucha 1272292"},"content":{"rendered":"<p>Zabawka &#8211; walec edukacyjny.W zestawie walec, kolorowe klocki.Umo\u017cliwia du\u017co mo\u017cliwo\u015bci zabawy &#8211; jako sorter do zabawy klockami, a tak\u017ce tocz\u0105c si\u0119 jako zabawka do raczkowania.Wymiary opakowania: 16 x 17 cmWiek: 12m+&#8230;<\/p>\n<h2>Dromader Walec Edukacyjny Dla Malucha 1272292 Dromader<\/h2>\n<p>lol kolorowanka, quiz bo\u017ce narodzenie, samochwa\u0142a, co mo\u017cna zrobi\u0107 z rolek po papierze toaletowym, test z lektury miko\u0142ajek do druku, zrobi\u0107 laurk\u0119 laurka dla babci, prezent dla 7 latka, kolorowanki antystresowe, kr\u00f3tkie zagadki logiczne, prezent dla nastolatk\u00f3w na \u015bwi\u0119ta, bajka o \u017cabie, basen \u015bl\u0105sk, dobrej nocy, zagadki o zwierz\u0119tach, dinozaury kolorowanki<\/p>\n<p>yyyyy<\/p>\n<p>&nbsp;<\/p>\n","protected":false},"excerpt":{"rendered":"<p>Zabawka &#8211; walec edukacyjny.W zestawie walec, kolorowe klocki.Umo\u017cliwia du\u017co mo\u017cliwo\u015bci zabawy &#8211; jako sorter do zabawy klockami, a tak\u017ce tocz\u0105c si\u0119 jako zabawka do raczkowania.Wymiary opakowania: 16 x 17 cmWiek: 12m+&#8230; Dromader Walec Edukacyjny Dla Malucha 1272292 Dromader lol kolorowanka, quiz bo\u017ce narodzenie, samochwa\u0142a, co mo\u017cna zrobi\u0107 z rolek po papierze toaletowym, test z lektury [&hellip;]<\/p>\n","protected":false},"featured_media":99,"comment_status":"closed","ping_status":"open","template":"","meta":[],"product_cat":[60,61],"product_tag":[833,838,646,809],"class_list":["post-98","product","type-product","status-publish","has-post-thumbnail","hentry","product_cat-dromader","product_cat-zabawki-edukacyjne-dla-niemowlat","product_tag-bajki-dla-dzieci-do-czytania","product_tag-bajki-dla-dzieci-na-dobranoc","product_tag-prezent-na-pierwsze-urodziny","product_tag-zagadki"],"_links":{"self":[{"href":"http:\/\/klubmamgdynia.pl\/index.php\/wp-json\/wp\/v2\/product\/98","targetHints":{"allow":["GET"]}}],"collection":[{"href":"http:\/\/klubmamgdynia.pl\/index.php\/wp-json\/wp\/v2\/product"}],"about":[{"href":"http:\/\/klubmamgdynia.pl\/index.php\/wp-json\/wp\/v2\/types\/product"}],"replies":[{"embeddable":true,"href":"http:\/\/klubmamgdynia.pl\/index.php\/wp-json\/wp\/v2\/comments?post=98"}],"wp:featuredmedia":[{"embeddable":true,"href":"http:\/\/klubmamgdynia.pl\/index.php\/wp-json\/wp\/v2\/media\/99"}],"wp:attachment":[{"href":"http:\/\/klubmamgdynia.pl\/index.php\/wp-json\/wp\/v2\/media?parent=98"}],"wp:term":[{"taxonomy":"product_cat","embeddable":true,"href":"http:\/\/klubmamgdynia.pl\/index.php\/wp-json\/wp\/v2\/product_cat?post=98"},{"taxonomy":"product_tag","embeddable":true,"href":"http:\/\/klubmamgdynia.pl\/index.php\/wp-json\/wp\/v2\/product_tag?post=98"}],"curies":[{"name":"wp","href":"https:\/\/api.w.org\/{rel}","templated":true}]}}