{"id":980,"date":"2025-10-14T15:38:41","date_gmt":"2025-10-14T13:38:41","guid":{"rendered":"http:\/\/klubmamgdynia.pl\/?post_type=product&#038;p=980"},"modified":"2026-04-19T12:18:44","modified_gmt":"2026-04-19T10:18:44","slug":"ch-kendama-japonska-gra-zrecznosciowa-czarna-niebiesk-jnkend","status":"publish","type":"product","link":"http:\/\/klubmamgdynia.pl\/index.php\/produkt\/ch-kendama-japonska-gra-zrecznosciowa-czarna-niebiesk-jnkend\/","title":{"rendered":"Ch Kendama Japo\u0144ska Gra Zr\u0119czno\u015bciowa Czarna Niebiesk (JNKEND)"},"content":{"rendered":"<p>KENDAMA ROYAL gra zr\u0119czno\u015bciowa drewniana Czarno NiebieskaDrewniana wersja bardzo klasycznej zabawki japo\u0144skiej \u0107wicz\u0105cej zr\u0119czno\u015b\u0107 i refleks. Do m\u0142oteczka z dwoma zag\u0142\u0119bieniami i szpikulcem przymocowana jest drewna kulka na sznurku, z otworem pasuj\u0105cym do szpikulca. Zadaniem jest takie podbijanie kuli tylko z wykorzystaniem m\u0142oteczka, aby ostatecznie trafi\u0107 kul\u0105 na szpikulec.Wymiary: 18,5x7cm<\/p>\n<h2>Ch Kendama Japo\u0144ska Gra Zr\u0119czno\u015bciowa Czarna Niebiesk (JNKEND) <\/h2>\n<p>prezenty na roczek dla ch\u0142opca, prezent dla jedenastolatka, zadania dla 7 latka do druku, logiczne zagadki, imiona postaci z bajek, dyplomy do druku, dzie\u0144 mamy sentencje, wierszyki na lany poniedzia\u0142ek, imi\u0119 pola, kolorowanki andrzejkowe, znaki drogowe quiz, w uk\u0142adzie s\u0142onecznym, kucyki pony kolorowanka, pia, pieski ma\u0142e dwa tekst, bezpieczne kosmetyki do makija\u017cu dla dzieci, wydarzenia warszawa dzisiaj, labirynty dla dzieci, karty matematyczne tabliczka mno\u017cenia do wydruku<\/p>\n<p>yyyyy<\/p>\n<p>&nbsp;<\/p>\n","protected":false},"excerpt":{"rendered":"<p>KENDAMA ROYAL gra zr\u0119czno\u015bciowa drewniana Czarno NiebieskaDrewniana wersja bardzo klasycznej zabawki japo\u0144skiej \u0107wicz\u0105cej zr\u0119czno\u015b\u0107 i refleks. Do m\u0142oteczka z dwoma zag\u0142\u0119bieniami i szpikulcem przymocowana jest drewna kulka na sznurku, z otworem pasuj\u0105cym do szpikulca. Zadaniem jest takie podbijanie kuli tylko z wykorzystaniem m\u0142oteczka, aby ostatecznie trafi\u0107 kul\u0105 na szpikulec.Wymiary: 18,5x7cm Ch Kendama Japo\u0144ska Gra Zr\u0119czno\u015bciowa [&hellip;]<\/p>\n","protected":false},"featured_media":981,"comment_status":"closed","ping_status":"open","template":"","meta":[],"product_cat":[120],"product_tag":[650,750,642,708],"class_list":["post-980","product","type-product","status-publish","has-post-thumbnail","hentry","product_cat-zabawki-i-gry-sportowe","product_tag-choinka-z-bibuly","product_tag-imie-kostek","product_tag-mia-imie","product_tag-zabawy-ruchowe-dla-dzieci"],"_links":{"self":[{"href":"http:\/\/klubmamgdynia.pl\/index.php\/wp-json\/wp\/v2\/product\/980","targetHints":{"allow":["GET"]}}],"collection":[{"href":"http:\/\/klubmamgdynia.pl\/index.php\/wp-json\/wp\/v2\/product"}],"about":[{"href":"http:\/\/klubmamgdynia.pl\/index.php\/wp-json\/wp\/v2\/types\/product"}],"replies":[{"embeddable":true,"href":"http:\/\/klubmamgdynia.pl\/index.php\/wp-json\/wp\/v2\/comments?post=980"}],"wp:featuredmedia":[{"embeddable":true,"href":"http:\/\/klubmamgdynia.pl\/index.php\/wp-json\/wp\/v2\/media\/981"}],"wp:attachment":[{"href":"http:\/\/klubmamgdynia.pl\/index.php\/wp-json\/wp\/v2\/media?parent=980"}],"wp:term":[{"taxonomy":"product_cat","embeddable":true,"href":"http:\/\/klubmamgdynia.pl\/index.php\/wp-json\/wp\/v2\/product_cat?post=980"},{"taxonomy":"product_tag","embeddable":true,"href":"http:\/\/klubmamgdynia.pl\/index.php\/wp-json\/wp\/v2\/product_tag?post=980"}],"curies":[{"name":"wp","href":"https:\/\/api.w.org\/{rel}","templated":true}]}}