{"id":9803,"date":"2011-08-30T20:37:41","date_gmt":"2011-08-30T18:37:41","guid":{"rendered":"http:\/\/klubmamgdynia.pl\/index.php\/produkt\/top-magnesy-neocube-5mm-kulki-magnetyczne-216szt-srebrne\/"},"modified":"2026-04-13T00:30:44","modified_gmt":"2026-04-12T22:30:44","slug":"top-magnesy-neocube-5mm-kulki-magnetyczne-216szt-srebrne","status":"publish","type":"product","link":"http:\/\/klubmamgdynia.pl\/index.php\/produkt\/top-magnesy-neocube-5mm-kulki-magnetyczne-216szt-srebrne\/","title":{"rendered":"Top Magnesy NeoCube 5mm Kulki Magnetyczne 216szt. Srebrne"},"content":{"rendered":"<p>Kulki magnetyczne NeocubeJest to zestaw 216 neodymowych kulek magnetycznych o \u015brednicy 5 mm. Kulki posiadaj\u0105 mocn\u0105 si\u0142\u0119 przyci\u0105gania co pozwala na tworzenie praktycznie ka\u017cdego kszta\u0142tu.Polaryzacja kulek jest trudna do okre\u015blenia, co sprawia, \u017ce ich po\u0142\u0105czenie jest du\u017cym wyzwaniem.Parametry techniczne:\u015brednica: 5 mm (+\/- 0,1 mm)kszta\u0142t: kulakolor: srebrnymateria\u0142: neodympow\u0142oka: Ni-Cu-Nimaksymalna temperatura pracy: 80\u00b0Cilo\u015b\u0107 sztuk w zestawie: 216 sztukUwaga: Dzieci, powinny bawi\u0107 si\u0119 pod nadzorem rodzic\u00f3w, po\u0142kni\u0119cie magnes\u00f3w zagra\u017ca \u017cyciu.<\/p>\n<h2>Top Magnesy NeoCube 5mm Kulki Magnetyczne 216szt. Srebrne Neocube<\/h2>\n<p>pa\u0144stwa europy i ich stolice quiz, marcelina imi\u0119, opisy rodzina, bajki terapeutyczne o emocjach<\/p>\n<p>yyyyy<\/p>\n<p>&nbsp;<\/p>\n","protected":false},"excerpt":{"rendered":"<p>Kulki magnetyczne NeocubeJest to zestaw 216 neodymowych kulek magnetycznych o \u015brednicy 5 mm. Kulki posiadaj\u0105 mocn\u0105 si\u0142\u0119 przyci\u0105gania co pozwala na tworzenie praktycznie ka\u017cdego kszta\u0142tu.Polaryzacja kulek jest trudna do okre\u015blenia, co sprawia, \u017ce ich po\u0142\u0105czenie jest du\u017cym wyzwaniem.Parametry techniczne:\u015brednica: 5 mm (+\/- 0,1 mm)kszta\u0142t: kulakolor: srebrnymateria\u0142: neodympow\u0142oka: Ni-Cu-Nimaksymalna temperatura pracy: 80\u00b0Cilo\u015b\u0107 sztuk w zestawie: 216 [&hellip;]<\/p>\n","protected":false},"featured_media":9804,"comment_status":"closed","ping_status":"open","template":"","meta":[],"product_cat":[1848,537],"product_tag":[864,617,665,724],"class_list":["post-9803","product","type-product","status-publish","has-post-thumbnail","hentry","product_cat-neocube","product_cat-pozostale-zabawki-edukacyjne","product_tag-basen-warszawa","product_tag-keyword","product_tag-proste-zagadki","product_tag-zagadki-podchwytliwe"],"_links":{"self":[{"href":"http:\/\/klubmamgdynia.pl\/index.php\/wp-json\/wp\/v2\/product\/9803","targetHints":{"allow":["GET"]}}],"collection":[{"href":"http:\/\/klubmamgdynia.pl\/index.php\/wp-json\/wp\/v2\/product"}],"about":[{"href":"http:\/\/klubmamgdynia.pl\/index.php\/wp-json\/wp\/v2\/types\/product"}],"replies":[{"embeddable":true,"href":"http:\/\/klubmamgdynia.pl\/index.php\/wp-json\/wp\/v2\/comments?post=9803"}],"wp:featuredmedia":[{"embeddable":true,"href":"http:\/\/klubmamgdynia.pl\/index.php\/wp-json\/wp\/v2\/media\/9804"}],"wp:attachment":[{"href":"http:\/\/klubmamgdynia.pl\/index.php\/wp-json\/wp\/v2\/media?parent=9803"}],"wp:term":[{"taxonomy":"product_cat","embeddable":true,"href":"http:\/\/klubmamgdynia.pl\/index.php\/wp-json\/wp\/v2\/product_cat?post=9803"},{"taxonomy":"product_tag","embeddable":true,"href":"http:\/\/klubmamgdynia.pl\/index.php\/wp-json\/wp\/v2\/product_tag?post=9803"}],"curies":[{"name":"wp","href":"https:\/\/api.w.org\/{rel}","templated":true}]}}