{"id":9805,"date":"2025-04-19T19:23:13","date_gmt":"2025-04-19T17:23:13","guid":{"rendered":"http:\/\/klubmamgdynia.pl\/?post_type=product&#038;p=9805"},"modified":"2026-04-06T00:50:04","modified_gmt":"2026-04-05T22:50:04","slug":"smily-play-szalone-klawisze-ane002509","status":"publish","type":"product","link":"http:\/\/klubmamgdynia.pl\/index.php\/produkt\/smily-play-szalone-klawisze-ane002509\/","title":{"rendered":"Smily Play Szalone Klawisze ANE002509"},"content":{"rendered":"<p>Chcesz, aby Twoje dziecko tworzy\u0142o fantazyjny \u015bwiat muzyki? Szalone klawisze pomog\u0105 Ci w realizacji tego celu. R\u00f3\u017cnorodne melodie, oraz mo\u017cliwo\u015b\u0107 wyboru d\u017awi\u0119ku instrumentu zabior\u0105 Twoje dziecko w niesamowit\u0105 podr\u00f3\u017c.R\u00f3\u017cnorodne funkcje, jakie maj\u0105 Szalone Klawisze, pozwalaj\u0105 na eksperymenty muzyczne. Mo\u017cliwo\u015b\u0107 nagrania d\u017awi\u0119k\u00f3w wzmocni ch\u0119\u0107 udoskonalenia dzie\u0142a, a m\u0142odego tw\u00f3rc\u0119 wspomo\u017ce w cierpliwej pracy.Co zyskuje Twoje dziecko?S\u0142uchaj\u0105c weso\u0142ych melodyjek, rozwija zmys\u0142 s\u0142uchu.Rozwija zmys\u0142 dotyku.Uczy si\u0119 rozpoznawania d\u017awi\u0119k\u00f3w.Rozwija koordynacj\u0119 wzrokowo- ruchow\u0105.B\u0119dzie si\u0119 znakomicie bawi\u0142o.Funkcje zabawki Szalone Klawisze:37 klawiszy,demo,efekty d\u017awi\u0119kowe,8 instrument\u00f3w,nagrywanie,regulacja g\u0142o\u015bno\u015bci i tempa,8 d\u017awi\u0119k\u00f3w perkusji.Zabawka w pe\u0142ni wykonana jest z bezpiecznych materia\u0142\u00f3w.Wiek: od 3+Zasilanie: 3 baterie AA, do\u0142\u0105czone do zestawu<\/p>\n<h2>Smily Play Szalone Klawisze ANE002509 Smily Play<\/h2>\n<p>kiedy dzieci zbieraja cukierki na halloween, prezenty na roczek dla dziewczynki, zagatki, smieszne zagadki<\/p>\n<p>yyyyy<\/p>\n<p>&nbsp;<\/p>\n","protected":false},"excerpt":{"rendered":"<p>Chcesz, aby Twoje dziecko tworzy\u0142o fantazyjny \u015bwiat muzyki? Szalone klawisze pomog\u0105 Ci w realizacji tego celu. R\u00f3\u017cnorodne melodie, oraz mo\u017cliwo\u015b\u0107 wyboru d\u017awi\u0119ku instrumentu zabior\u0105 Twoje dziecko w niesamowit\u0105 podr\u00f3\u017c.R\u00f3\u017cnorodne funkcje, jakie maj\u0105 Szalone Klawisze, pozwalaj\u0105 na eksperymenty muzyczne. Mo\u017cliwo\u015b\u0107 nagrania d\u017awi\u0119k\u00f3w wzmocni ch\u0119\u0107 udoskonalenia dzie\u0142a, a m\u0142odego tw\u00f3rc\u0119 wspomo\u017ce w cierpliwej pracy.Co zyskuje Twoje dziecko?S\u0142uchaj\u0105c [&hellip;]<\/p>\n","protected":false},"featured_media":9806,"comment_status":"closed","ping_status":"open","template":"","meta":[],"product_cat":[62,155],"product_tag":[676,758,810,721,873],"class_list":["post-9805","product","type-product","status-publish","has-post-thumbnail","hentry","product_cat-smily-play","product_cat-zabawki-muzyczne","product_tag-bursztynek","product_tag-julian","product_tag-nauka-zegara-do-druku","product_tag-zagadki-matematyczne","product_tag-zagadki-z-odpowiedziami-dla-dzieci"],"_links":{"self":[{"href":"http:\/\/klubmamgdynia.pl\/index.php\/wp-json\/wp\/v2\/product\/9805","targetHints":{"allow":["GET"]}}],"collection":[{"href":"http:\/\/klubmamgdynia.pl\/index.php\/wp-json\/wp\/v2\/product"}],"about":[{"href":"http:\/\/klubmamgdynia.pl\/index.php\/wp-json\/wp\/v2\/types\/product"}],"replies":[{"embeddable":true,"href":"http:\/\/klubmamgdynia.pl\/index.php\/wp-json\/wp\/v2\/comments?post=9805"}],"wp:featuredmedia":[{"embeddable":true,"href":"http:\/\/klubmamgdynia.pl\/index.php\/wp-json\/wp\/v2\/media\/9806"}],"wp:attachment":[{"href":"http:\/\/klubmamgdynia.pl\/index.php\/wp-json\/wp\/v2\/media?parent=9805"}],"wp:term":[{"taxonomy":"product_cat","embeddable":true,"href":"http:\/\/klubmamgdynia.pl\/index.php\/wp-json\/wp\/v2\/product_cat?post=9805"},{"taxonomy":"product_tag","embeddable":true,"href":"http:\/\/klubmamgdynia.pl\/index.php\/wp-json\/wp\/v2\/product_tag?post=9805"}],"curies":[{"name":"wp","href":"https:\/\/api.w.org\/{rel}","templated":true}]}}