{"id":9807,"date":"2012-03-26T11:22:49","date_gmt":"2012-03-26T09:22:49","guid":{"rendered":"http:\/\/klubmamgdynia.pl\/index.php\/produkt\/cobi-super-wings-pojazd-4-rodzaje-253496\/"},"modified":"2026-05-17T22:38:45","modified_gmt":"2026-05-17T20:38:45","slug":"cobi-super-wings-pojazd-4-rodzaje-253496","status":"publish","type":"product","link":"http:\/\/klubmamgdynia.pl\/index.php\/produkt\/cobi-super-wings-pojazd-4-rodzaje-253496\/","title":{"rendered":"Cobi Super Wings Pojazd 4 Rodzaje (253496)"},"content":{"rendered":"<p>Figurka w akcji zapewni d\u0142ugie godziny zabawy ka\u017cdemu dziecku, kt\u00f3re uwielbia bajk\u0119 &#8222;Super Wings&#8221;. Samoloty Super Wings posiadaj\u0105 nap\u0119d typu Pull-Back i ruchome k\u00f3\u0142eczka.Najwa\u017cniejsze cechy:- bajkowy bohater,- nie wymaga u\u017cycia baterii,- rozmiar zabawki idealny dla ma\u0142ych r\u0105czek,- ruchome k\u00f3\u0142ka,- mo\u017cliwo\u015b\u0107 zebrania ca\u0142ej kolekcji,- zabawka przeznaczona dla dzieci od 3 roku \u017cycia.Do wyboru modele:- D\u017cetek (Jett),- Dizzy (Frunia),- Jerome (Lotek),- Donnie (\u015arubek).Oferta dotyczy zakupu 1szt. Wz\u00f3r wysy\u0142any wedle wyboru. W przypadku braku wyboru zabawka jest wysy\u0142ana losowo.<\/p>\n<h2>Cobi Super Wings Pojazd 4 Rodzaje (253496) Cobi<\/h2>\n<p>uk\u0142ad s\u0142oneczny kolorowanka, najlepsze pranki na prima aprilis, zings kolorowanka, maska kota<\/p>\n<p>yyyyy<\/p>\n<p>&nbsp;<\/p>\n","protected":false},"excerpt":{"rendered":"<p>Figurka w akcji zapewni d\u0142ugie godziny zabawy ka\u017cdemu dziecku, kt\u00f3re uwielbia bajk\u0119 &#8222;Super Wings&#8221;. Samoloty Super Wings posiadaj\u0105 nap\u0119d typu Pull-Back i ruchome k\u00f3\u0142eczka.Najwa\u017cniejsze cechy:- bajkowy bohater,- nie wymaga u\u017cycia baterii,- rozmiar zabawki idealny dla ma\u0142ych r\u0105czek,- ruchome k\u00f3\u0142ka,- mo\u017cliwo\u015b\u0107 zebrania ca\u0142ej kolekcji,- zabawka przeznaczona dla dzieci od 3 roku \u017cycia.Do wyboru modele:- D\u017cetek (Jett),- [&hellip;]<\/p>\n","protected":false},"featured_media":9808,"comment_status":"closed","ping_status":"open","template":"","meta":[],"product_cat":[484,95],"product_tag":[802,685,854,716,775],"class_list":["post-9807","product","type-product","status-publish","has-post-thumbnail","hentry","product_cat-cobi","product_cat-figurki-makiety-i-zestawy","product_tag-co-kupic-dziewczynce-na-roczek","product_tag-cytaty-o-rodzinie","product_tag-cytaty-rodzina","product_tag-filmy-animowane-o-swietach","product_tag-kolorowanki-do-druku-pokemon"],"_links":{"self":[{"href":"http:\/\/klubmamgdynia.pl\/index.php\/wp-json\/wp\/v2\/product\/9807","targetHints":{"allow":["GET"]}}],"collection":[{"href":"http:\/\/klubmamgdynia.pl\/index.php\/wp-json\/wp\/v2\/product"}],"about":[{"href":"http:\/\/klubmamgdynia.pl\/index.php\/wp-json\/wp\/v2\/types\/product"}],"replies":[{"embeddable":true,"href":"http:\/\/klubmamgdynia.pl\/index.php\/wp-json\/wp\/v2\/comments?post=9807"}],"wp:featuredmedia":[{"embeddable":true,"href":"http:\/\/klubmamgdynia.pl\/index.php\/wp-json\/wp\/v2\/media\/9808"}],"wp:attachment":[{"href":"http:\/\/klubmamgdynia.pl\/index.php\/wp-json\/wp\/v2\/media?parent=9807"}],"wp:term":[{"taxonomy":"product_cat","embeddable":true,"href":"http:\/\/klubmamgdynia.pl\/index.php\/wp-json\/wp\/v2\/product_cat?post=9807"},{"taxonomy":"product_tag","embeddable":true,"href":"http:\/\/klubmamgdynia.pl\/index.php\/wp-json\/wp\/v2\/product_tag?post=9807"}],"curies":[{"name":"wp","href":"https:\/\/api.w.org\/{rel}","templated":true}]}}