{"id":9809,"date":"2022-07-08T19:48:12","date_gmt":"2022-07-08T17:48:12","guid":{"rendered":"http:\/\/klubmamgdynia.pl\/index.php\/produkt\/schleich-farm-life-osiolek\/"},"modified":"2026-04-20T10:55:24","modified_gmt":"2026-04-20T08:55:24","slug":"schleich-farm-life-osiolek","status":"publish","type":"product","link":"http:\/\/klubmamgdynia.pl\/index.php\/produkt\/schleich-farm-life-osiolek\/","title":{"rendered":"Schleich Farm Life Osiolek"},"content":{"rendered":"<p>Osio\u0142 domowy wywodzi si\u0119 pierwotnie od os\u0142a afryka\u0144skiego. Dobrze radzi sobie z wysokimi temperaturami i ma niewielkie wymagania \u017cywieniowe. Cz\u0119sto okre\u015bla si\u0119 go mianem upartego i g\u0142upiego, gdy wydaje si\u0119, \u017ce stoi bez powodu i odmawia dalszego dzia\u0142ania. Wr\u0119cz przeciwnie. Os\u0142y nie mog\u0105 biega\u0107 tak szybko jak konie, wi\u0119c absurdem by\u0142oby ucieka\u0107 w panice w niebezpiecznej sytuacji. Najpierw zastanawiaj\u0105 si\u0119, czy s\u0105 rzeczywi\u015bcie w niebezpiecze\u0144stwie, a je\u015bli tak, to kt\u00f3ra droga ucieczki by\u0142aby najlepsza.EAN: 4059433025520G\u0142\u0119boko\u015b\u0107: 30.000000ISBN: 4059433025520Rodzaj: ZabawkiSzeroko\u015b\u0107: 100Wydawnictwo: SCHLEICHWysoko\u015b\u0107: 90<\/p>\n<h2>Schleich Farm Life Osiolek Schleich<\/h2>\n<p>lodowiska w warszawie, izabela imie, \u015bwinka peppa do czytania, cytat o dziecku, imi\u0119 kostek, zagadki dla dzieci 10 lat, rado\u015b\u0107 dziecka cytaty, \u015bmieszne zagadki logiczne, s\u0142oneczko, jak narysowa\u0107 psa krok po kroku, flagi do druku, zagadki logiczne matematyczne dla dzieci, filmy rodzinne na halloween, audiobooki dla dzieci za darmo, psi patrol kolorowanka, quiz o tajemniczym ogrodzie<\/p>\n<p>yyyyy<\/p>\n<p>&nbsp;<\/p>\n","protected":false},"excerpt":{"rendered":"<p>Osio\u0142 domowy wywodzi si\u0119 pierwotnie od os\u0142a afryka\u0144skiego. Dobrze radzi sobie z wysokimi temperaturami i ma niewielkie wymagania \u017cywieniowe. Cz\u0119sto okre\u015bla si\u0119 go mianem upartego i g\u0142upiego, gdy wydaje si\u0119, \u017ce stoi bez powodu i odmawia dalszego dzia\u0142ania. Wr\u0119cz przeciwnie. Os\u0142y nie mog\u0105 biega\u0107 tak szybko jak konie, wi\u0119c absurdem by\u0142oby ucieka\u0107 w panice w [&hellip;]<\/p>\n","protected":false},"featured_media":9810,"comment_status":"closed","ping_status":"open","template":"","meta":[],"product_cat":[95,952],"product_tag":[660,722,729,751,647],"class_list":["post-9809","product","type-product","status-publish","has-post-thumbnail","hentry","product_cat-figurki-makiety-i-zestawy","product_cat-schleich","product_tag-bianka","product_tag-cytaty-o-przyjazni","product_tag-madre-bajki-dla-dzieci-do-czytania","product_tag-psi-patrol-kolorowanka","product_tag-warszawa-z-dzieckiem"],"_links":{"self":[{"href":"http:\/\/klubmamgdynia.pl\/index.php\/wp-json\/wp\/v2\/product\/9809","targetHints":{"allow":["GET"]}}],"collection":[{"href":"http:\/\/klubmamgdynia.pl\/index.php\/wp-json\/wp\/v2\/product"}],"about":[{"href":"http:\/\/klubmamgdynia.pl\/index.php\/wp-json\/wp\/v2\/types\/product"}],"replies":[{"embeddable":true,"href":"http:\/\/klubmamgdynia.pl\/index.php\/wp-json\/wp\/v2\/comments?post=9809"}],"wp:featuredmedia":[{"embeddable":true,"href":"http:\/\/klubmamgdynia.pl\/index.php\/wp-json\/wp\/v2\/media\/9810"}],"wp:attachment":[{"href":"http:\/\/klubmamgdynia.pl\/index.php\/wp-json\/wp\/v2\/media?parent=9809"}],"wp:term":[{"taxonomy":"product_cat","embeddable":true,"href":"http:\/\/klubmamgdynia.pl\/index.php\/wp-json\/wp\/v2\/product_cat?post=9809"},{"taxonomy":"product_tag","embeddable":true,"href":"http:\/\/klubmamgdynia.pl\/index.php\/wp-json\/wp\/v2\/product_tag?post=9809"}],"curies":[{"name":"wp","href":"https:\/\/api.w.org\/{rel}","templated":true}]}}