{"id":9811,"date":"2013-08-31T22:18:54","date_gmt":"2013-08-31T20:18:54","guid":{"rendered":"http:\/\/klubmamgdynia.pl\/index.php\/produkt\/iso-trade-wiszace-gwiazdy-lampki-choinkowe-kurtyna-138-led\/"},"modified":"2026-04-15T06:45:45","modified_gmt":"2026-04-15T04:45:45","slug":"iso-trade-wiszace-gwiazdy-lampki-choinkowe-kurtyna-138-led","status":"publish","type":"product","link":"http:\/\/klubmamgdynia.pl\/index.php\/produkt\/iso-trade-wiszace-gwiazdy-lampki-choinkowe-kurtyna-138-led\/","title":{"rendered":"Iso Trade Wisz\u0105ce Gwiazdy Lampki Choinkowe Kurtyna 138 LED"},"content":{"rendered":"<p>Iso Trade Wisz\u0105ce Gwiazdy Lampki Choinkowe Kurtyna 138 LED                            <\/p>\n<p>SPECYFIKACJA:Ilo\u015b\u0107 tryb\u00f3w: 8;rodzaj o\u015bwietlenia; LED;barwa \u015bwiat\u0142a: multikolor;ilo\u015b\u0107 diod: 138;klasa wodoodporno\u015bci: IP44;sterownik: tak;zasilanie: sie\u0107 energetyczna;moc: 3,6W;napi\u0119cie: 230V \/ 31V;d\u0142ugo\u015b\u0107 sznura z soplami: 250cm;d\u0142ugo\u015b\u0107 ca\u0142kowita sznura z wtyczk\u0105: 570 cm;d\u0142ugo\u015b\u0107 sopla: 100 cm;waga: 0,6 kg;waga w opakowaniu: 0,67 kg<\/p>\n<h2>Iso Trade Wisz\u0105ce Gwiazdy Lampki Choinkowe Kurtyna 138 LED Iso Trade<\/h2>\n<p>minecraft kolorowanki, jak zrobi\u0107 wulkan, zaj\u0119cia dla nastolatk\u00f3w, o b\u0142\u0119dne dyktando, kotki do druku, \u0142\u00f3d\u017a atrakcje dla dzieci, pola imie, zagadki i odpowiedzi, kolorowanki lato, zagadki o zwierz\u0119tach<\/p>\n<p>yyyyy<\/p>\n<p>&nbsp;<\/p>\n","protected":false},"excerpt":{"rendered":"<p>Iso Trade Wisz\u0105ce Gwiazdy Lampki Choinkowe Kurtyna 138 LED SPECYFIKACJA:Ilo\u015b\u0107 tryb\u00f3w: 8;rodzaj o\u015bwietlenia; LED;barwa \u015bwiat\u0142a: multikolor;ilo\u015b\u0107 diod: 138;klasa wodoodporno\u015bci: IP44;sterownik: tak;zasilanie: sie\u0107 energetyczna;moc: 3,6W;napi\u0119cie: 230V \/ 31V;d\u0142ugo\u015b\u0107 sznura z soplami: 250cm;d\u0142ugo\u015b\u0107 ca\u0142kowita sznura z wtyczk\u0105: 570 cm;d\u0142ugo\u015b\u0107 sopla: 100 cm;waga: 0,6 kg;waga w opakowaniu: 0,67 kg Iso Trade Wisz\u0105ce Gwiazdy Lampki Choinkowe Kurtyna 138 LED [&hellip;]<\/p>\n","protected":false},"featured_media":9812,"comment_status":"closed","ping_status":"open","template":"","meta":[],"product_cat":[296,406],"product_tag":[704,876,595],"class_list":["post-9811","product","type-product","status-publish","has-post-thumbnail","hentry","product_cat-iso-trade","product_cat-lampki-i-ozdoby-swietlne","product_tag-prezent-dla-nastolatka","product_tag-przyjazn","product_tag-zagadki-dla-6-latka"],"_links":{"self":[{"href":"http:\/\/klubmamgdynia.pl\/index.php\/wp-json\/wp\/v2\/product\/9811","targetHints":{"allow":["GET"]}}],"collection":[{"href":"http:\/\/klubmamgdynia.pl\/index.php\/wp-json\/wp\/v2\/product"}],"about":[{"href":"http:\/\/klubmamgdynia.pl\/index.php\/wp-json\/wp\/v2\/types\/product"}],"replies":[{"embeddable":true,"href":"http:\/\/klubmamgdynia.pl\/index.php\/wp-json\/wp\/v2\/comments?post=9811"}],"wp:featuredmedia":[{"embeddable":true,"href":"http:\/\/klubmamgdynia.pl\/index.php\/wp-json\/wp\/v2\/media\/9812"}],"wp:attachment":[{"href":"http:\/\/klubmamgdynia.pl\/index.php\/wp-json\/wp\/v2\/media?parent=9811"}],"wp:term":[{"taxonomy":"product_cat","embeddable":true,"href":"http:\/\/klubmamgdynia.pl\/index.php\/wp-json\/wp\/v2\/product_cat?post=9811"},{"taxonomy":"product_tag","embeddable":true,"href":"http:\/\/klubmamgdynia.pl\/index.php\/wp-json\/wp\/v2\/product_tag?post=9811"}],"curies":[{"name":"wp","href":"https:\/\/api.w.org\/{rel}","templated":true}]}}