{"id":9813,"date":"2023-09-08T08:49:59","date_gmt":"2023-09-08T06:49:59","guid":{"rendered":"http:\/\/klubmamgdynia.pl\/?post_type=product&#038;p=9813"},"modified":"2026-05-17T22:46:05","modified_gmt":"2026-05-17T20:46:05","slug":"reig-perkusja-rocker","status":"publish","type":"product","link":"http:\/\/klubmamgdynia.pl\/index.php\/produkt\/reig-perkusja-rocker\/","title":{"rendered":"Reig Perkusja Rocker"},"content":{"rendered":"<h2>Reig Perkusja Rocker REIG<\/h2>\n<p>kolorowanki dla dziewczynek, zaproszenie na urodziny dziecka tekst do druku, zrobi\u0107 laurk\u0119 laurka dla babci, jeziora blisko warszawy, szablony do wyklejania plastelin\u0105, leon imi\u0119, najpi\u0119kniejsze cytaty cytaty dla mamy<\/p>\n<p>yyyyy<\/p>\n<p>&nbsp;<\/p>\n","protected":false},"excerpt":{"rendered":"<p>Reig Perkusja Rocker REIG kolorowanki dla dziewczynek, zaproszenie na urodziny dziecka tekst do druku, zrobi\u0107 laurk\u0119 laurka dla babci, jeziora blisko warszawy, szablony do wyklejania plastelin\u0105, leon imi\u0119, najpi\u0119kniejsze cytaty cytaty dla mamy yyyyy &nbsp;<\/p>\n","protected":false},"featured_media":9814,"comment_status":"closed","ping_status":"open","template":"","meta":[],"product_cat":[1172,155],"product_tag":[792,685,733,805],"class_list":["post-9813","product","type-product","status-publish","has-post-thumbnail","hentry","product_cat-reig","product_cat-zabawki-muzyczne","product_tag-cytaty-o-mamie","product_tag-cytaty-o-rodzinie","product_tag-zarty-na-prima-aprilis","product_tag-znaczenie-imienia-alan"],"_links":{"self":[{"href":"http:\/\/klubmamgdynia.pl\/index.php\/wp-json\/wp\/v2\/product\/9813","targetHints":{"allow":["GET"]}}],"collection":[{"href":"http:\/\/klubmamgdynia.pl\/index.php\/wp-json\/wp\/v2\/product"}],"about":[{"href":"http:\/\/klubmamgdynia.pl\/index.php\/wp-json\/wp\/v2\/types\/product"}],"replies":[{"embeddable":true,"href":"http:\/\/klubmamgdynia.pl\/index.php\/wp-json\/wp\/v2\/comments?post=9813"}],"wp:featuredmedia":[{"embeddable":true,"href":"http:\/\/klubmamgdynia.pl\/index.php\/wp-json\/wp\/v2\/media\/9814"}],"wp:attachment":[{"href":"http:\/\/klubmamgdynia.pl\/index.php\/wp-json\/wp\/v2\/media?parent=9813"}],"wp:term":[{"taxonomy":"product_cat","embeddable":true,"href":"http:\/\/klubmamgdynia.pl\/index.php\/wp-json\/wp\/v2\/product_cat?post=9813"},{"taxonomy":"product_tag","embeddable":true,"href":"http:\/\/klubmamgdynia.pl\/index.php\/wp-json\/wp\/v2\/product_tag?post=9813"}],"curies":[{"name":"wp","href":"https:\/\/api.w.org\/{rel}","templated":true}]}}