{"id":9817,"date":"2017-10-16T07:26:11","date_gmt":"2017-10-16T05:26:11","guid":{"rendered":"http:\/\/klubmamgdynia.pl\/index.php\/produkt\/3-sprouts-torebka-strunowa-na-przekaski-lis-2szt\/"},"modified":"2026-05-01T20:36:12","modified_gmt":"2026-05-01T18:36:12","slug":"3-sprouts-torebka-strunowa-na-przekaski-lis-2szt","status":"publish","type":"product","link":"http:\/\/klubmamgdynia.pl\/index.php\/produkt\/3-sprouts-torebka-strunowa-na-przekaski-lis-2szt\/","title":{"rendered":"3 Sprouts Torebka Strunowa Na Przek\u0105ski Lis 2Szt."},"content":{"rendered":"<p>3 Sprouts Torebka Strunowa na Kanapki Lis Marka: 3 Sprouts W zestawie: nbsp; 2 szt Wymiary: nbsp; 10 cm x nbsp;18 2 cm Wymiary opakowania: nbsp; 17 5 cm x nbsp;19 cm Cechy: szczelna ze strunowym zamkni\u0119ciem \u0142atwa w otwieraniu i zamykaniu utrzymuje \u015bwie\u017co\u015b\u0107 \u017cywno\u015bci i jej miejsce w podr\u00f3\u017cy bez BPA PCV i ftalan\u00f3w wielokrotnego u\u017cytku mo\u017cna my\u0107 w zmywarce doskona\u0142a na przek\u0105ski kanapki warzywa i owoce idealna na ma\u0142e zabawki kredki i wiele innych nbsp; Woreczek strunowy marki 3 Sprouts jest wielokrotnego u\u017cytku Dzi\u0119ki wzmocnionym szwom i nbsp; strunowym zamkni\u0119ciu jest nbsp;odporny i niezawodny nbsp;utrzymuje \u015bwie\u017co\u015b\u0107 ka\u017cdej kanapki i przek\u0105ski Ka\u017cda torebka jest wolna od BPA PVC i ftalan\u00f3w Woreczek jest prze\u017aroczysty i ma kolorow\u0105 aplikacj\u0105 na wierzchu z pewno\u015bci\u0105 przypadnie do gustu ka\u017cdemu dziecku W zestawie znajduj\u0105 si\u0119 dwie torebki dzi\u0119ki kt\u00f3rym \u0142atwo i szybko zapakujesz kanapki lub przek\u0105ski Woreczki doskonale sprawdz\u0105 si\u0119 w domu w przedszkolu szkole i w podr\u00f3\u017cy nbsp;Torebki wielokrotnego u\u017cytku nbsp;to idealna alternatywa dla jednorazowych torebek na przek\u0105ski i kanapki nbsp; nbsp; Torebki s\u0105 \u0142atwe w czyszczeniu ich plusem jest to \u017ce nbsp;mo\u017cna je my\u0107 w zmywarce nbsp;<\/p>\n<h2>3 Sprouts Torebka Strunowa Na Przek\u0105ski Lis 2Szt. 3 Sprouts<\/h2>\n<p>znaki drogowe test, imi\u0119 alan, kawal na prima aprilis, bajki do czytania, milan imie, prezent dla ch\u0142opca na roczek, miko\u0142ajkowe zabawy, konstancja imie, psi patrol do czytania, lato lato lato czeka tekst, karty pracy polsko ukrai\u0144skie, prezent dla dziewczynki na roczek, quiz bajki, cytaty o rodzinie, aurora imi\u0119<\/p>\n<p>yyyyy<\/p>\n<p>&nbsp;<\/p>\n","protected":false},"excerpt":{"rendered":"<p>3 Sprouts Torebka Strunowa na Kanapki Lis Marka: 3 Sprouts W zestawie: nbsp; 2 szt Wymiary: nbsp; 10 cm x nbsp;18 2 cm Wymiary opakowania: nbsp; 17 5 cm x nbsp;19 cm Cechy: szczelna ze strunowym zamkni\u0119ciem \u0142atwa w otwieraniu i zamykaniu utrzymuje \u015bwie\u017co\u015b\u0107 \u017cywno\u015bci i jej miejsce w podr\u00f3\u017cy bez BPA PCV i ftalan\u00f3w [&hellip;]<\/p>\n","protected":false},"featured_media":9818,"comment_status":"closed","ping_status":"open","template":"","meta":[],"product_cat":[1004,1017],"product_tag":[700,613,770,823,812],"class_list":["post-9817","product","type-product","status-publish","has-post-thumbnail","hentry","product_cat-3-sprouts","product_cat-pozostale-akcesoria-do-karmienia-dzieci","product_tag-bajki-do-czytania-dla-dzieci","product_tag-na-wyspach-bergamutach","product_tag-samolot-z-papieru","product_tag-zagadki-dla-dzieci-7-lat","product_tag-zagadki-logiczne-na-inteligencje"],"_links":{"self":[{"href":"http:\/\/klubmamgdynia.pl\/index.php\/wp-json\/wp\/v2\/product\/9817","targetHints":{"allow":["GET"]}}],"collection":[{"href":"http:\/\/klubmamgdynia.pl\/index.php\/wp-json\/wp\/v2\/product"}],"about":[{"href":"http:\/\/klubmamgdynia.pl\/index.php\/wp-json\/wp\/v2\/types\/product"}],"replies":[{"embeddable":true,"href":"http:\/\/klubmamgdynia.pl\/index.php\/wp-json\/wp\/v2\/comments?post=9817"}],"wp:featuredmedia":[{"embeddable":true,"href":"http:\/\/klubmamgdynia.pl\/index.php\/wp-json\/wp\/v2\/media\/9818"}],"wp:attachment":[{"href":"http:\/\/klubmamgdynia.pl\/index.php\/wp-json\/wp\/v2\/media?parent=9817"}],"wp:term":[{"taxonomy":"product_cat","embeddable":true,"href":"http:\/\/klubmamgdynia.pl\/index.php\/wp-json\/wp\/v2\/product_cat?post=9817"},{"taxonomy":"product_tag","embeddable":true,"href":"http:\/\/klubmamgdynia.pl\/index.php\/wp-json\/wp\/v2\/product_tag?post=9817"}],"curies":[{"name":"wp","href":"https:\/\/api.w.org\/{rel}","templated":true}]}}