{"id":9819,"date":"2013-07-02T05:29:42","date_gmt":"2013-07-02T03:29:42","guid":{"rendered":"http:\/\/klubmamgdynia.pl\/index.php\/produkt\/mega-creative-cymbalki-459877\/"},"modified":"2026-04-03T15:46:44","modified_gmt":"2026-04-03T13:46:44","slug":"mega-creative-cymbalki-459877","status":"publish","type":"product","link":"http:\/\/klubmamgdynia.pl\/index.php\/produkt\/mega-creative-cymbalki-459877\/","title":{"rendered":"Mega Creative Cymba\u0142ki 459877"},"content":{"rendered":"<p>Zalety produktu dziecko mo\u017ce wykaza\u0107 si\u0119 zdolno\u015bciami muzycznymi, rozwija umiej\u0119tno\u015b\u0107 s\u0142uchania dziecka. Cymba\u0142ki to zwykle pierwszy prawdziwy instrument naszych dzieci. U\u017cywaj\u0105 ich zar\u00f3wno w szkole jak i w domu. Z Cymba\u0142kami 8-tonowymi MEGA CREATIVE Twoja Pociecha wyka\u017ce si\u0119 du\u017cymi zdolno\u015bciami muzycznymi Zawarto\u015b\u0107 zestawu cymba\u0142ki, 2 x pa\u0142eczki. Wymiary\/waga\/baterie wymiary produktu d\u0142. x wys. x g\u0142. cm 26x13x4, wymiary opakowania d\u0142. x wys.x g\u0142. cm 17x38x3, waga produktu bez opakowania kg 0,21 kg, waga produktu w opakowaniu kg 0,21 kg, nie wymaga zasilania bateriami. Zabawka przeznaczona dla dzieci w wieku 3 . Pakowana na blistrze. W kartonie zbiorczym po 36 szt.<\/p>\n<h2>Mega Creative Cymba\u0142ki 459877 Mega Creative<\/h2>\n<p>park ujazdowski, audiobooki dla dzieci za darmo, zagadki \u015bmieszne z odpowiedziami, gry planszowe dla nastolatk\u00f3w, cytaty o przyja\u017ani, kolorowanki spongebob, test z opowie\u015bci z narnii lew czarownica i stara szafa, malowanki piesek<\/p>\n<p>yyyyy<\/p>\n<p>&nbsp;<\/p>\n","protected":false},"excerpt":{"rendered":"<p>Zalety produktu dziecko mo\u017ce wykaza\u0107 si\u0119 zdolno\u015bciami muzycznymi, rozwija umiej\u0119tno\u015b\u0107 s\u0142uchania dziecka. Cymba\u0142ki to zwykle pierwszy prawdziwy instrument naszych dzieci. U\u017cywaj\u0105 ich zar\u00f3wno w szkole jak i w domu. Z Cymba\u0142kami 8-tonowymi MEGA CREATIVE Twoja Pociecha wyka\u017ce si\u0119 du\u017cymi zdolno\u015bciami muzycznymi Zawarto\u015b\u0107 zestawu cymba\u0142ki, 2 x pa\u0142eczki. Wymiary\/waga\/baterie wymiary produktu d\u0142. x wys. x g\u0142. [&hellip;]<\/p>\n","protected":false},"featured_media":9820,"comment_status":"closed","ping_status":"open","template":"","meta":[],"product_cat":[64,155],"product_tag":[825,859,689,815],"class_list":["post-9819","product","type-product","status-publish","has-post-thumbnail","hentry","product_cat-mega-creative","product_cat-zabawki-muzyczne","product_tag-bajka-na-dobranoc-do-czytania","product_tag-dobranoc-pchly-na-noc","product_tag-linda","product_tag-ozdoby-choinkowe-dla-dzieci"],"_links":{"self":[{"href":"http:\/\/klubmamgdynia.pl\/index.php\/wp-json\/wp\/v2\/product\/9819","targetHints":{"allow":["GET"]}}],"collection":[{"href":"http:\/\/klubmamgdynia.pl\/index.php\/wp-json\/wp\/v2\/product"}],"about":[{"href":"http:\/\/klubmamgdynia.pl\/index.php\/wp-json\/wp\/v2\/types\/product"}],"replies":[{"embeddable":true,"href":"http:\/\/klubmamgdynia.pl\/index.php\/wp-json\/wp\/v2\/comments?post=9819"}],"wp:featuredmedia":[{"embeddable":true,"href":"http:\/\/klubmamgdynia.pl\/index.php\/wp-json\/wp\/v2\/media\/9820"}],"wp:attachment":[{"href":"http:\/\/klubmamgdynia.pl\/index.php\/wp-json\/wp\/v2\/media?parent=9819"}],"wp:term":[{"taxonomy":"product_cat","embeddable":true,"href":"http:\/\/klubmamgdynia.pl\/index.php\/wp-json\/wp\/v2\/product_cat?post=9819"},{"taxonomy":"product_tag","embeddable":true,"href":"http:\/\/klubmamgdynia.pl\/index.php\/wp-json\/wp\/v2\/product_tag?post=9819"}],"curies":[{"name":"wp","href":"https:\/\/api.w.org\/{rel}","templated":true}]}}