{"id":982,"date":"2015-06-30T17:33:55","date_gmt":"2015-06-30T15:33:55","guid":{"rendered":"http:\/\/klubmamgdynia.pl\/index.php\/produkt\/simba-artfun-1000-naklejek-106301447\/"},"modified":"2026-04-29T23:00:45","modified_gmt":"2026-04-29T21:00:45","slug":"simba-artfun-1000-naklejek-106301447","status":"publish","type":"product","link":"http:\/\/klubmamgdynia.pl\/index.php\/produkt\/simba-artfun-1000-naklejek-106301447\/","title":{"rendered":"Simba Art&amp;Fun 1000 Naklejek 106301447"},"content":{"rendered":"<p>Przedstawiamy:Art &amp; Fun1000 naklejek dla dziewczynek Simba 6301447P\u0142e\u0107: dziewczynkaWiek: od 3 latWymiary opakowania: 20 x 20 x 4 cmEfekty \u015bwietlne: nieEfekty d\u017awi\u0119kowe: nieStan: nowy, oryginalnie zapakowanyWersja j\u0119zykowa: polskaCzasami dzieci chc\u0105 co\u015b wyrazi\u0107, ale nie potrafi\u0105 tego narysowa\u0107.W takich przypadkach przydadz\u0105 si\u0119 naklejki!Znajdzie si\u0119 tu wszystko &#8211; jedzenie, ubrania, owoce, kwiatki, symbole i bu\u017aki.Twoje dziecko mo\u017ce ozdabia\u0107 wszystko, co tylko chce.Swoje zaproszenia urodzinowe, wpisy do pami\u0119tnik\u00f3w, sw\u00f3j w\u0142asny pami\u0119tnik, laurki, koperty i wiele, wiele innych rzeczy.Cena dotyczy 1 szt. zabawki.Zabawka wyst\u0119puje w kilku wersjach\/wzorach kolorystycznych -wysy\u0142ka losowa lub po wcze\u015bniejszym potwierdzeniu dost\u0119pno\u015bci przez Sklep<\/p>\n<h2>Simba Art&amp;Fun 1000 Naklejek 106301447 Simba<\/h2>\n<p>zaproszenia urodzinowe do wydruku chomikuj, jagna imi\u0119, kr\u00f3tkie bajki na dobranoc o mi\u0142o\u015bci, pomys\u0142 na laurk\u0119, everest psi patrol<\/p>\n<p>yyyyy<\/p>\n<p>&nbsp;<\/p>\n","protected":false},"excerpt":{"rendered":"<p>Przedstawiamy:Art &amp; Fun1000 naklejek dla dziewczynek Simba 6301447P\u0142e\u0107: dziewczynkaWiek: od 3 latWymiary opakowania: 20 x 20 x 4 cmEfekty \u015bwietlne: nieEfekty d\u017awi\u0119kowe: nieStan: nowy, oryginalnie zapakowanyWersja j\u0119zykowa: polskaCzasami dzieci chc\u0105 co\u015b wyrazi\u0107, ale nie potrafi\u0105 tego narysowa\u0107.W takich przypadkach przydadz\u0105 si\u0119 naklejki!Znajdzie si\u0119 tu wszystko &#8211; jedzenie, ubrania, owoce, kwiatki, symbole i bu\u017aki.Twoje dziecko mo\u017ce [&hellip;]<\/p>\n","protected":false},"featured_media":983,"comment_status":"closed","ping_status":"open","template":"","meta":[],"product_cat":[279,325],"product_tag":[657,751,625,721],"class_list":["post-982","product","type-product","status-publish","has-post-thumbnail","hentry","product_cat-simba","product_cat-szkolne-artykuly-papiernicze","product_tag-lol-kolorowanka","product_tag-psi-patrol-kolorowanka","product_tag-trojmiasto-atrakcje-dla-dzieci","product_tag-zagadki-matematyczne"],"_links":{"self":[{"href":"http:\/\/klubmamgdynia.pl\/index.php\/wp-json\/wp\/v2\/product\/982","targetHints":{"allow":["GET"]}}],"collection":[{"href":"http:\/\/klubmamgdynia.pl\/index.php\/wp-json\/wp\/v2\/product"}],"about":[{"href":"http:\/\/klubmamgdynia.pl\/index.php\/wp-json\/wp\/v2\/types\/product"}],"replies":[{"embeddable":true,"href":"http:\/\/klubmamgdynia.pl\/index.php\/wp-json\/wp\/v2\/comments?post=982"}],"wp:featuredmedia":[{"embeddable":true,"href":"http:\/\/klubmamgdynia.pl\/index.php\/wp-json\/wp\/v2\/media\/983"}],"wp:attachment":[{"href":"http:\/\/klubmamgdynia.pl\/index.php\/wp-json\/wp\/v2\/media?parent=982"}],"wp:term":[{"taxonomy":"product_cat","embeddable":true,"href":"http:\/\/klubmamgdynia.pl\/index.php\/wp-json\/wp\/v2\/product_cat?post=982"},{"taxonomy":"product_tag","embeddable":true,"href":"http:\/\/klubmamgdynia.pl\/index.php\/wp-json\/wp\/v2\/product_tag?post=982"}],"curies":[{"name":"wp","href":"https:\/\/api.w.org\/{rel}","templated":true}]}}