{"id":9821,"date":"2013-04-21T06:41:11","date_gmt":"2013-04-21T04:41:11","guid":{"rendered":"http:\/\/klubmamgdynia.pl\/index.php\/produkt\/chicco-ksylofon-tecza-cymbalki-ze-swiatlem-i-dzwiekiem\/"},"modified":"2026-04-23T00:06:27","modified_gmt":"2026-04-22T22:06:27","slug":"chicco-ksylofon-tecza-cymbalki-ze-swiatlem-i-dzwiekiem","status":"publish","type":"product","link":"http:\/\/klubmamgdynia.pl\/index.php\/produkt\/chicco-ksylofon-tecza-cymbalki-ze-swiatlem-i-dzwiekiem\/","title":{"rendered":"Chicco Ksylofon T\u0119cza Cymba\u0142ki ze \u015awiat\u0142em i D\u017awiekiem"},"content":{"rendered":"<p>Chicco Ksylofon T\u0119czaChicco Ksylofon T\u0119cza jest doskona\u0142ym pomys\u0142em na prezent dla maluszka. Je\u015bli widzisz, \u017ce twoja pociecha t\u0142ucze w garnki czy pokrywki, nie marnuj rodz\u0105cego si\u0119 talentu i daj mu ten ksylofon.Dziecko mo\u017ce u\u017cywa\u0107 ksylofonu na kilka sposob\u00f3w:- Freestyle, czyli co ci w duszy gra &#8211; malec poznaje \u015bwiat d\u017awi\u0119k\u00f3w, graj\u0105c zgodnie ze swoim natchnieniem.- Pod\u0105\u017caj za \u015bwiate\u0142kami, czyli nauka gry. Malec uderza tam, gdzie zapalaj\u0105 si\u0119 \u015bwiate\u0142ka, rozwijaj\u0105c swoje zdolno\u015bci.- Jukebox, czyli ods\u0142uch piosenek. Ksylofon posiada wgrane a\u017c 8 znanych tytu\u0142\u00f3w, w tym ,,Old McDonald&#8221; i ,,La Cucaracha&#8221;Ksylofon opr\u00f3cz d\u017awi\u0119k\u00f3w, zachwyca r\u00f3wnie\u017c \u017cywymi kolorami, kt\u00f3re zainteresuj\u0105 z pewno\u015bci\u0105 niejednego maluszka i pozwol\u0105 \u0142atwej identyfikowa\u0107 poszczeg\u00f3lne d\u017awi\u0119ki.W pude\u0142ku:- Ksylofon Chicco- Pa\u0142eczka do grania- Mn\u00f3stwo \u015bwietnej zabawy<\/p>\n<h2>Chicco Ksylofon T\u0119cza Cymba\u0142ki ze \u015awiat\u0142em i D\u017awiekiem Chicco<\/h2>\n<p>\u015bw przemys\u0142aw, zagadki o zwierz\u0119tach dla dzieci, list do \u015bw miko\u0142aja &#8212; wz\u00f3r, zaproszenia na urodziny dla dzieci do druku, zagadki o zimie, znaki drogowe quizy, laura, zagadki logiczne trudne, karty matematyczne tabliczka mno\u017cenia do wydruku, piosenka dla mamy tekst, atrakcje dla dzieci wroc\u0142aw, izabella imi\u0119, \u0142amig\u0142\u00f3wki dla dzieci, korczak cytaty, zagadki dla dzieci 4-5 lat online, kolorowanka star wars, spongebob kolorowanka, prezent dla nastoletniego ch\u0142opca, gad\u017cety dla nastolatk\u00f3w 2021, zaproszenie na urodziny do druku, kolorowanki dla dziewczynek do druku<\/p>\n<p>yyyyy<\/p>\n<p>&nbsp;<\/p>\n","protected":false},"excerpt":{"rendered":"<p>Chicco Ksylofon T\u0119czaChicco Ksylofon T\u0119cza jest doskona\u0142ym pomys\u0142em na prezent dla maluszka. Je\u015bli widzisz, \u017ce twoja pociecha t\u0142ucze w garnki czy pokrywki, nie marnuj rodz\u0105cego si\u0119 talentu i daj mu ten ksylofon.Dziecko mo\u017ce u\u017cywa\u0107 ksylofonu na kilka sposob\u00f3w:- Freestyle, czyli co ci w duszy gra &#8211; malec poznaje \u015bwiat d\u017awi\u0119k\u00f3w, graj\u0105c zgodnie ze swoim natchnieniem.- [&hellip;]<\/p>\n","protected":false},"featured_media":9822,"comment_status":"closed","ping_status":"open","template":"","meta":[],"product_cat":[312,155],"product_tag":[598,580,862,641,778,713],"class_list":["post-9821","product","type-product","status-publish","has-post-thumbnail","hentry","product_cat-chicco","product_cat-zabawki-muzyczne","product_tag-co-na-roczek-dla-dziewczynki","product_tag-janusz","product_tag-nasza-zima-zla-tekst","product_tag-trudne-zagadki-logiczne","product_tag-zabawki-na-roczek-dla-chlopca","product_tag-zagadki-logiczne-z-odpowiedziami"],"_links":{"self":[{"href":"http:\/\/klubmamgdynia.pl\/index.php\/wp-json\/wp\/v2\/product\/9821","targetHints":{"allow":["GET"]}}],"collection":[{"href":"http:\/\/klubmamgdynia.pl\/index.php\/wp-json\/wp\/v2\/product"}],"about":[{"href":"http:\/\/klubmamgdynia.pl\/index.php\/wp-json\/wp\/v2\/types\/product"}],"replies":[{"embeddable":true,"href":"http:\/\/klubmamgdynia.pl\/index.php\/wp-json\/wp\/v2\/comments?post=9821"}],"wp:featuredmedia":[{"embeddable":true,"href":"http:\/\/klubmamgdynia.pl\/index.php\/wp-json\/wp\/v2\/media\/9822"}],"wp:attachment":[{"href":"http:\/\/klubmamgdynia.pl\/index.php\/wp-json\/wp\/v2\/media?parent=9821"}],"wp:term":[{"taxonomy":"product_cat","embeddable":true,"href":"http:\/\/klubmamgdynia.pl\/index.php\/wp-json\/wp\/v2\/product_cat?post=9821"},{"taxonomy":"product_tag","embeddable":true,"href":"http:\/\/klubmamgdynia.pl\/index.php\/wp-json\/wp\/v2\/product_tag?post=9821"}],"curies":[{"name":"wp","href":"https:\/\/api.w.org\/{rel}","templated":true}]}}