{"id":9823,"date":"2015-11-07T07:11:39","date_gmt":"2015-11-07T06:11:39","guid":{"rendered":"http:\/\/klubmamgdynia.pl\/index.php\/produkt\/ciuciubabka-cymbalki-duze-7871\/"},"modified":"2026-04-12T16:35:06","modified_gmt":"2026-04-12T14:35:06","slug":"ciuciubabka-cymbalki-duze-7871","status":"publish","type":"product","link":"http:\/\/klubmamgdynia.pl\/index.php\/produkt\/ciuciubabka-cymbalki-duze-7871\/","title":{"rendered":"Ciuciubabka Cymba\u0142ki Du\u017ce 7871"},"content":{"rendered":"<p>SUPER CENA &#8211; TANIA DOSTAWA ! &#8211; ciuciubabka Cymba\u0142ki du\u017ce 7871 &#8211; PACZKOMAT, POCZTA, KURIER<\/p>\n<h2>Ciuciubabka Cymba\u0142ki Du\u017ce 7871 <\/h2>\n<p>by\u0142a sobie \u017cabka ma\u0142a tekst, karaluchy pod poduchy, co kupic dziewczynce na roczek, platformy edukacyjne dla dzieci, zagadki na dzie\u0144 przedszkolaka, ju\u017c blisko kol\u0119da tekst, tekst kolysanek, halloween dla dzieci 2021<\/p>\n<p>yyyyy<\/p>\n<p>&nbsp;<\/p>\n","protected":false},"excerpt":{"rendered":"<p>SUPER CENA &#8211; TANIA DOSTAWA ! &#8211; ciuciubabka Cymba\u0142ki du\u017ce 7871 &#8211; PACZKOMAT, POCZTA, KURIER Ciuciubabka Cymba\u0142ki Du\u017ce 7871 by\u0142a sobie \u017cabka ma\u0142a tekst, karaluchy pod poduchy, co kupic dziewczynce na roczek, platformy edukacyjne dla dzieci, zagadki na dzie\u0144 przedszkolaka, ju\u017c blisko kol\u0119da tekst, tekst kolysanek, halloween dla dzieci 2021 yyyyy &nbsp;<\/p>\n","protected":false},"featured_media":9824,"comment_status":"closed","ping_status":"open","template":"","meta":[],"product_cat":[155],"product_tag":[670,605,745,602,757],"class_list":["post-9823","product","type-product","status-publish","has-post-thumbnail","hentry","product_cat-zabawki-muzyczne","product_tag-irma","product_tag-milena","product_tag-prezent-dla-15-latki","product_tag-quiz-o-zwierzetach-domowych","product_tag-test-z-lektury-ania-z-zielonego-wzgorza-klasa-6-z-odpowiedziami"],"_links":{"self":[{"href":"http:\/\/klubmamgdynia.pl\/index.php\/wp-json\/wp\/v2\/product\/9823","targetHints":{"allow":["GET"]}}],"collection":[{"href":"http:\/\/klubmamgdynia.pl\/index.php\/wp-json\/wp\/v2\/product"}],"about":[{"href":"http:\/\/klubmamgdynia.pl\/index.php\/wp-json\/wp\/v2\/types\/product"}],"replies":[{"embeddable":true,"href":"http:\/\/klubmamgdynia.pl\/index.php\/wp-json\/wp\/v2\/comments?post=9823"}],"wp:featuredmedia":[{"embeddable":true,"href":"http:\/\/klubmamgdynia.pl\/index.php\/wp-json\/wp\/v2\/media\/9824"}],"wp:attachment":[{"href":"http:\/\/klubmamgdynia.pl\/index.php\/wp-json\/wp\/v2\/media?parent=9823"}],"wp:term":[{"taxonomy":"product_cat","embeddable":true,"href":"http:\/\/klubmamgdynia.pl\/index.php\/wp-json\/wp\/v2\/product_cat?post=9823"},{"taxonomy":"product_tag","embeddable":true,"href":"http:\/\/klubmamgdynia.pl\/index.php\/wp-json\/wp\/v2\/product_tag?post=9823"}],"curies":[{"name":"wp","href":"https:\/\/api.w.org\/{rel}","templated":true}]}}