{"id":9827,"date":"2016-07-04T13:04:53","date_gmt":"2016-07-04T11:04:53","guid":{"rendered":"http:\/\/klubmamgdynia.pl\/index.php\/produkt\/brio-wyscigowka-30344\/"},"modified":"2026-04-19T07:31:26","modified_gmt":"2026-04-19T05:31:26","slug":"brio-wyscigowka-30344","status":"publish","type":"product","link":"http:\/\/klubmamgdynia.pl\/index.php\/produkt\/brio-wyscigowka-30344\/","title":{"rendered":"BRIO Wy\u015bcig\u00f3wka 30344"},"content":{"rendered":"<p>Wy\u015bcig\u00f3wka Numer katalogowy: 30077 Klasyczny samoch\u00f3d wy\u015bcigowy z drewna marki BRIO jest \u0142atwy do uchwycenia oraz gwarantuje fantastyczn\u0105 zabaw\u0119. Nawet dzieci, kt\u00f3re jeszcze nie potrafi\u0105 sta\u0107, mog\u0105 w pozycji siedz\u0105cej toczy\u0107 autko. Poruszanie si\u0119 oraz wyci\u0105ganie r\u0105czek do poruszaj\u0105cych si\u0119 obiekt\u00f3w wspiera rozw\u00f3j koordynacji ruchowej oraz pomaga w odkrywaniu \u015bwiata. Produkt dost\u0119pny jest obecnie w kolorze zielonym, czarnym, czerwonym oraz r\u00f3\u017cowym. D\u0142ugo\u015b\u0107 140 mm Wyb\u00f3r koloru jest niestety niemo\u017cliwy! Produkt przeznaczony dla dzieci od 12 miesi\u0105ca \u017cycia. Szanowny Kliencie, pragniemy poinformow\u0107, \u017ce artyku\u0142 ten mo\u017ce nie zawiera\u0107 instrukcji obs\u0142ugi w j\u0119zyku polskim. Prosimy o uwa\u017cne zapoznanie si\u0119 z umieszczonym powy\u017cej opisem produktu. Je\u015bli \u017cycz\u0105 sobie Pa\u0144stwo otrzyma\u0107 polskoj\u0119zyczn\u0105 instrukcj\u0119 obs\u0142ugi, prosimy o kontakt z Biurem Obs\u0142ugi Klienta.<\/p>\n<h2>BRIO Wy\u015bcig\u00f3wka 30344 Brio<\/h2>\n<p>kolorowanka anio\u0142ek, kartka walentynkow\u0105 przedszkole, audiobooki dla dzieci za darmo, kolorowanki kotka, posz\u0142a ola na spacerek, kolorowanka kotek, opowie\u015bci z narni test, mia i ja kolorowanka, farma dyni poznan, asiunia test, krzy\u017c\u00f3wki dla dzieci, weso\u0142e pisanki tekst piosenki, ostatni dzwonek tekst, rainbow dash kolorowanka, zagadki trudne, smok wawelski bajka<\/p>\n<p>yyyyy<\/p>\n<p>&nbsp;<\/p>\n","protected":false},"excerpt":{"rendered":"<p>Wy\u015bcig\u00f3wka Numer katalogowy: 30077 Klasyczny samoch\u00f3d wy\u015bcigowy z drewna marki BRIO jest \u0142atwy do uchwycenia oraz gwarantuje fantastyczn\u0105 zabaw\u0119. Nawet dzieci, kt\u00f3re jeszcze nie potrafi\u0105 sta\u0107, mog\u0105 w pozycji siedz\u0105cej toczy\u0107 autko. Poruszanie si\u0119 oraz wyci\u0105ganie r\u0105czek do poruszaj\u0105cych si\u0119 obiekt\u00f3w wspiera rozw\u00f3j koordynacji ruchowej oraz pomaga w odkrywaniu \u015bwiata. Produkt dost\u0119pny jest obecnie w [&hellip;]<\/p>\n","protected":false},"featured_media":9828,"comment_status":"closed","ping_status":"open","template":"","meta":[],"product_cat":[83,78],"product_tag":[700,766,853,799,872],"class_list":["post-9827","product","type-product","status-publish","has-post-thumbnail","hentry","product_cat-auta-i-inne-pojazdy-do-zabawy","product_cat-brio","product_tag-bajki-do-czytania-dla-dzieci","product_tag-kira","product_tag-kolorowanki-do-druku-dla-doroslych","product_tag-zagadka-logiczna","product_tag-zagadki-dla-dzieci-6-lat"],"_links":{"self":[{"href":"http:\/\/klubmamgdynia.pl\/index.php\/wp-json\/wp\/v2\/product\/9827","targetHints":{"allow":["GET"]}}],"collection":[{"href":"http:\/\/klubmamgdynia.pl\/index.php\/wp-json\/wp\/v2\/product"}],"about":[{"href":"http:\/\/klubmamgdynia.pl\/index.php\/wp-json\/wp\/v2\/types\/product"}],"replies":[{"embeddable":true,"href":"http:\/\/klubmamgdynia.pl\/index.php\/wp-json\/wp\/v2\/comments?post=9827"}],"wp:featuredmedia":[{"embeddable":true,"href":"http:\/\/klubmamgdynia.pl\/index.php\/wp-json\/wp\/v2\/media\/9828"}],"wp:attachment":[{"href":"http:\/\/klubmamgdynia.pl\/index.php\/wp-json\/wp\/v2\/media?parent=9827"}],"wp:term":[{"taxonomy":"product_cat","embeddable":true,"href":"http:\/\/klubmamgdynia.pl\/index.php\/wp-json\/wp\/v2\/product_cat?post=9827"},{"taxonomy":"product_tag","embeddable":true,"href":"http:\/\/klubmamgdynia.pl\/index.php\/wp-json\/wp\/v2\/product_tag?post=9827"}],"curies":[{"name":"wp","href":"https:\/\/api.w.org\/{rel}","templated":true}]}}