{"id":9829,"date":"2025-08-19T09:45:36","date_gmt":"2025-08-19T07:45:36","guid":{"rendered":"http:\/\/klubmamgdynia.pl\/?post_type=product&#038;p=9829"},"modified":"2026-05-17T22:33:37","modified_gmt":"2026-05-17T20:33:37","slug":"b-toys-pacynki-na-palce-zaloga-z-lasu-bx1741","status":"publish","type":"product","link":"http:\/\/klubmamgdynia.pl\/index.php\/produkt\/b-toys-pacynki-na-palce-zaloga-z-lasu-bx1741\/","title":{"rendered":"B. Toys Pacynki Na Palce Za\u0142oga Z Lasu Bx1741"},"content":{"rendered":"<p>Zabawka rozwija kreatywno\u015b\u0107 i kompetencje spo\u0142eczne dziecka.Pasuj\u0105 na palce dzieci i wi\u0119kszo\u015bci doros\u0142ych.Pacynki nak\u0142adane na palce fantastycznie rozwijaj\u0105 wyobra\u017ani\u0119 dziecka- Maluch ch\u0119tnie b\u0119dzie sam uk\u0142ada\u0142 scenki, w kt\u00f3rych zagraj\u0105 zwierz\u0105tka.Zabawa pacynkami znakomicie rozwija umiej\u0119tno\u015bci komunikacji spo\u0142ecznej,pewno\u015b\u0107 siebie, koordynacj\u0119 wzrokowo-ruchow\u0105 i zdolno\u015bci motoryczne.Wolne od ftalan\u00f3w i BPA (Bisfenolu A).ZESTAW ZAWIERA:- 4 gumowe pacynki na palce: szop, mi\u015b, sowa i lisWYMIARY OPAKOWANIA: 21 x 20 cmWYSOKO\u015a\u0106 POJEDYNCZEJ PACYNKI: 7,6 cmWIEK: od 10 miesi\u0119cyZabawka jest nowa, w my\u015bl zasady \u201eB.\u0105d\u017amy EKO\u201d, opakowanie zosta\u0142o zredukowane do minimum.<\/p>\n<h2>B. Toys Pacynki Na Palce Za\u0142oga Z Lasu Bx1741 B.Toys<\/h2>\n<p>cytaty o dziecku i mamie, jasmin imie, quiz konie, imi\u0119 nadia, zagadki o psach, wiosna zagadki, kundel bury tekst, atrakcje dla dzieci warszawa i okolice, m\u0105dre \u017cyczenia \u015bwi\u0105teczne, wzruszaj\u0105ce s\u0142owa dla przyjaciela, myszka miki kolorowanka, proste origami dla dzieci, cookie dough przepis, test z lektury opowie\u015bci z narni lew czarownica i stara szafa<\/p>\n<p>yyyyy<\/p>\n<p>&nbsp;<\/p>\n","protected":false},"excerpt":{"rendered":"<p>Zabawka rozwija kreatywno\u015b\u0107 i kompetencje spo\u0142eczne dziecka.Pasuj\u0105 na palce dzieci i wi\u0119kszo\u015bci doros\u0142ych.Pacynki nak\u0142adane na palce fantastycznie rozwijaj\u0105 wyobra\u017ani\u0119 dziecka- Maluch ch\u0119tnie b\u0119dzie sam uk\u0142ada\u0142 scenki, w kt\u00f3rych zagraj\u0105 zwierz\u0105tka.Zabawa pacynkami znakomicie rozwija umiej\u0119tno\u015bci komunikacji spo\u0142ecznej,pewno\u015b\u0107 siebie, koordynacj\u0119 wzrokowo-ruchow\u0105 i zdolno\u015bci motoryczne.Wolne od ftalan\u00f3w i BPA (Bisfenolu A).ZESTAW ZAWIERA:- 4 gumowe pacynki na palce: szop, [&hellip;]<\/p>\n","protected":false},"featured_media":9830,"comment_status":"closed","ping_status":"open","template":"","meta":[],"product_cat":[143,963],"product_tag":[765,863,626,673,841],"class_list":["post-9829","product","type-product","status-publish","has-post-thumbnail","hentry","product_cat-b-toys","product_cat-pozostale-zabawki-dla-niemowlat","product_tag-atrakcje-dla-dzieci-warszawa","product_tag-bajki-dla-dziewczynek","product_tag-jacek","product_tag-juz-blisko-koleda-tekst","product_tag-quiz-o-flagach"],"_links":{"self":[{"href":"http:\/\/klubmamgdynia.pl\/index.php\/wp-json\/wp\/v2\/product\/9829","targetHints":{"allow":["GET"]}}],"collection":[{"href":"http:\/\/klubmamgdynia.pl\/index.php\/wp-json\/wp\/v2\/product"}],"about":[{"href":"http:\/\/klubmamgdynia.pl\/index.php\/wp-json\/wp\/v2\/types\/product"}],"replies":[{"embeddable":true,"href":"http:\/\/klubmamgdynia.pl\/index.php\/wp-json\/wp\/v2\/comments?post=9829"}],"wp:featuredmedia":[{"embeddable":true,"href":"http:\/\/klubmamgdynia.pl\/index.php\/wp-json\/wp\/v2\/media\/9830"}],"wp:attachment":[{"href":"http:\/\/klubmamgdynia.pl\/index.php\/wp-json\/wp\/v2\/media?parent=9829"}],"wp:term":[{"taxonomy":"product_cat","embeddable":true,"href":"http:\/\/klubmamgdynia.pl\/index.php\/wp-json\/wp\/v2\/product_cat?post=9829"},{"taxonomy":"product_tag","embeddable":true,"href":"http:\/\/klubmamgdynia.pl\/index.php\/wp-json\/wp\/v2\/product_tag?post=9829"}],"curies":[{"name":"wp","href":"https:\/\/api.w.org\/{rel}","templated":true}]}}