{"id":9831,"date":"2015-07-30T17:24:52","date_gmt":"2015-07-30T15:24:52","guid":{"rendered":"http:\/\/klubmamgdynia.pl\/index.php\/produkt\/lego-friends-41353-kalendarz-adwentowy\/"},"modified":"2026-04-20T16:33:16","modified_gmt":"2026-04-20T14:33:16","slug":"lego-friends-41353-kalendarz-adwentowy","status":"publish","type":"product","link":"http:\/\/klubmamgdynia.pl\/index.php\/produkt\/lego-friends-41353-kalendarz-adwentowy\/","title":{"rendered":"LEGO Friends 41353 Kalendarz adwentowy"},"content":{"rendered":"<p>LEGO FRIENDS KALENDARZ ADWENTOWY 41353<\/p>\n<p>LEGO Friends Kalendarz<br \/>\nadwentowy Zestaw LEGO\u00ae Friends 41353 Kalendarz adwentowy mo\u017cna otwiera\u0107 ka\u017cdego<br \/>\ndnia w grudniu, by zbudowa\u0107 now\u0105 dekoracj\u0119 do ustawienia w domu lub powieszenia<br \/>\nna choince. Kalendarz ma 24 tajne przegr\u00f3dki zawieraj\u0105ce niespodzianki do<br \/>\nzbudowania, takie jak dekoracje przedstawiaj\u0105ce ka\u017cd\u0105 z pi\u0119ciu przyjaci\u00f3\u0142ek z<br \/>\nMiasta Heartlake.                             <\/p>\n<p>W zestawie minilaleczka<br \/>\n\u015awi\u0119tego Miko\u0142aja i cztery figurki zwierz\u0105t. W\u015br\u00f3d 24 prezent\u00f3w znajduj\u0105 si\u0119<br \/>\nm.in. bo\u017conarodzeniowa choinka, cukierek w kszta\u0142cie laski, ludzik z piernika i<br \/>\nniespodzianki przedstawiaj\u0105ce ka\u017cd\u0105 z pi\u0119ciu przyjaci\u00f3\u0142ek z Miasta Heartlake.<br \/>\nOtwieraj now\u0105 przegr\u00f3dk\u0119 ka\u017cdego dnia, odliczaj\u0105c dni do Bo\u017cego Narodzenia i<br \/>\nbawi\u0105c si\u0119 prezentami do zbudowania! 25 grudnia zajrzyj na stron\u0119<br \/>\nLEGO.pl\/friends, by odblokowa\u0107 kolejne niespodzianki!<\/p>\n<h2>LEGO Friends 41353 Kalendarz adwentowy LEGO<\/h2>\n<p>list do miko\u0142aja wz\u00f3r pdf, a \u015bpij kochanie, ch\u0142opcy z placu broni &#8211; test z odpowiedziami, irma, zaproszenie na urodziny dziecka tekst do druku, bajka o emocjach, kolorowanki do druku dla doros\u0142ych, trudne zagadki dla doros\u0142ych, kolorowanki do wydruku postacie z bajek, kolorowanki na andrzejki do wydruku, ma\u0142y ksi\u0105\u017c\u0119 &#8211; test z odpowiedziami<\/p>\n<p>yyyyy<\/p>\n<p>&nbsp;<\/p>\n","protected":false},"excerpt":{"rendered":"<p>LEGO FRIENDS KALENDARZ ADWENTOWY 41353 LEGO Friends Kalendarz adwentowy Zestaw LEGO\u00ae Friends 41353 Kalendarz adwentowy mo\u017cna otwiera\u0107 ka\u017cdego dnia w grudniu, by zbudowa\u0107 now\u0105 dekoracj\u0119 do ustawienia w domu lub powieszenia na choince. Kalendarz ma 24 tajne przegr\u00f3dki zawieraj\u0105ce niespodzianki do zbudowania, takie jak dekoracje przedstawiaj\u0105ce ka\u017cd\u0105 z pi\u0119ciu przyjaci\u00f3\u0142ek z Miasta Heartlake. W zestawie [&hellip;]<\/p>\n","protected":false},"featured_media":9832,"comment_status":"closed","ping_status":"open","template":"","meta":[],"product_cat":[113,540],"product_tag":[654,642,810,704,592,857,788],"class_list":["post-9831","product","type-product","status-publish","has-post-thumbnail","hentry","product_cat-klocki","product_cat-lego","product_tag-krotkie-bajki-dla-dzieci-do-czytania","product_tag-mia-imie","product_tag-nauka-zegara-do-druku","product_tag-prezent-dla-nastolatka","product_tag-zagadki-dla-dzieci","product_tag-zagadki-dla-dzieci-7-8-lat","product_tag-zagadki-krotkie"],"_links":{"self":[{"href":"http:\/\/klubmamgdynia.pl\/index.php\/wp-json\/wp\/v2\/product\/9831","targetHints":{"allow":["GET"]}}],"collection":[{"href":"http:\/\/klubmamgdynia.pl\/index.php\/wp-json\/wp\/v2\/product"}],"about":[{"href":"http:\/\/klubmamgdynia.pl\/index.php\/wp-json\/wp\/v2\/types\/product"}],"replies":[{"embeddable":true,"href":"http:\/\/klubmamgdynia.pl\/index.php\/wp-json\/wp\/v2\/comments?post=9831"}],"wp:featuredmedia":[{"embeddable":true,"href":"http:\/\/klubmamgdynia.pl\/index.php\/wp-json\/wp\/v2\/media\/9832"}],"wp:attachment":[{"href":"http:\/\/klubmamgdynia.pl\/index.php\/wp-json\/wp\/v2\/media?parent=9831"}],"wp:term":[{"taxonomy":"product_cat","embeddable":true,"href":"http:\/\/klubmamgdynia.pl\/index.php\/wp-json\/wp\/v2\/product_cat?post=9831"},{"taxonomy":"product_tag","embeddable":true,"href":"http:\/\/klubmamgdynia.pl\/index.php\/wp-json\/wp\/v2\/product_tag?post=9831"}],"curies":[{"name":"wp","href":"https:\/\/api.w.org\/{rel}","templated":true}]}}