{"id":9835,"date":"2012-12-18T02:02:24","date_gmt":"2012-12-18T01:02:24","guid":{"rendered":"http:\/\/klubmamgdynia.pl\/index.php\/produkt\/mega-creative-import-mega-creative-kostka-magic-16x21x7-cytryna-b-c-60-120\/"},"modified":"2026-04-23T11:26:01","modified_gmt":"2026-04-23T09:26:01","slug":"mega-creative-import-mega-creative-kostka-magic-16x21x7-cytryna-b-c-60-120","status":"publish","type":"product","link":"http:\/\/klubmamgdynia.pl\/index.php\/produkt\/mega-creative-import-mega-creative-kostka-magic-16x21x7-cytryna-b-c-60-120\/","title":{"rendered":"Mega Creative Import Mega Creative Kostka Magic 16X21X7 Cytryna B\/C 60\/120"},"content":{"rendered":"<p>Zalety produktu: nauka koncentracji, nauka rozwijania zdolno\u015bci ruchowo-my\u015blowych, rozwijanie wyobra\u017cni. Pozw\u00f3l swojemu dziecku rozwin\u0105\u0107 zdolno\u015bci ruchowo-my\u015blowe oraz popracowa\u0107 nad zdolno\u015bciami manualnymi i wyobra\u017cni\u0105. MEGA CREATIVE przygotowa\u0142o specjaln\u0105 Kostk\u0119 Magiczn\u0105, by pom\u00f3c dzieciom w nauce logicznego my\u015blenia oraz poprawi\u0107 ich zdolno\u015bci manualne Kostka w kszta\u0142cie wielok\u0105ta na kszta\u0142t Cytryny zbudowana z kilkudziesi\u0119ciu ma\u0142ych cz\u0119\u015bci, kt\u00f3re za pomoc\u0105 ruch\u00f3w palcami nale\u017cy przek\u0142ada\u0107 tak, aby utworzy\u0107 wielok\u0105t dopasowany -Cytryn\u0119 . Zabawka pakowana na blistrze. Zawarto\u015b\u0107 zestawu: kostka Cytryna. Wymiary\/waga\/baterie: wymiary produktu d\u0142. x wys. x g\u0142. cm : 7x9x7, wymiary opakowania d\u0142. x wys. x g\u0142. cm : 16x21x7, waga produktu bez opakowania kg : 0,10, waga produktu w opakowaniu kg : 0,10, nie wymaga zasilania bateriami. Produkt przeznaczony dla dzieci w wieku: 3 . &#8230;<\/p>\n<h2>Mega Creative Import Mega Creative Kostka Magic 16X21X7 Cytryna B\/C 60\/120 Mega Creative<\/h2>\n<p>o mamie, kr\u00f3tkie \u017cyczenia wielkanocne dla dzieci, zdania do pisania dla dzieci do wydruku, pozytywne cytaty mama cytaty, kolorowanki lol, jak narysowa\u0107 oko, zagadki dla dzieci 6-7 lat, zak\u0142adka do ksi\u0105\u017cki szablon, wzruszaj\u0105ce s\u0142owa dla przyjaci\u00f3\u0142ki, wierszyk o wakacjach, opowie\u015bci z narni test, mira imi\u0119, kolorowanki dla dziewczyn, peppa do czytania, zagadki \u015bmieszne dla dzieci, janusz<\/p>\n<p>yyyyy<\/p>\n<p>&nbsp;<\/p>\n","protected":false},"excerpt":{"rendered":"<p>Zalety produktu: nauka koncentracji, nauka rozwijania zdolno\u015bci ruchowo-my\u015blowych, rozwijanie wyobra\u017cni. Pozw\u00f3l swojemu dziecku rozwin\u0105\u0107 zdolno\u015bci ruchowo-my\u015blowe oraz popracowa\u0107 nad zdolno\u015bciami manualnymi i wyobra\u017cni\u0105. MEGA CREATIVE przygotowa\u0142o specjaln\u0105 Kostk\u0119 Magiczn\u0105, by pom\u00f3c dzieciom w nauce logicznego my\u015blenia oraz poprawi\u0107 ich zdolno\u015bci manualne Kostka w kszta\u0142cie wielok\u0105ta na kszta\u0142t Cytryny zbudowana z kilkudziesi\u0119ciu ma\u0142ych cz\u0119\u015bci, kt\u00f3re za [&hellip;]<\/p>\n","protected":false},"featured_media":9836,"comment_status":"closed","ping_status":"open","template":"","meta":[],"product_cat":[64,537],"product_tag":[722,716,593],"class_list":["post-9835","product","type-product","status-publish","has-post-thumbnail","hentry","product_cat-mega-creative","product_cat-pozostale-zabawki-edukacyjne","product_tag-cytaty-o-przyjazni","product_tag-filmy-animowane-o-swietach","product_tag-jak-narysowac-konia"],"_links":{"self":[{"href":"http:\/\/klubmamgdynia.pl\/index.php\/wp-json\/wp\/v2\/product\/9835","targetHints":{"allow":["GET"]}}],"collection":[{"href":"http:\/\/klubmamgdynia.pl\/index.php\/wp-json\/wp\/v2\/product"}],"about":[{"href":"http:\/\/klubmamgdynia.pl\/index.php\/wp-json\/wp\/v2\/types\/product"}],"replies":[{"embeddable":true,"href":"http:\/\/klubmamgdynia.pl\/index.php\/wp-json\/wp\/v2\/comments?post=9835"}],"wp:featuredmedia":[{"embeddable":true,"href":"http:\/\/klubmamgdynia.pl\/index.php\/wp-json\/wp\/v2\/media\/9836"}],"wp:attachment":[{"href":"http:\/\/klubmamgdynia.pl\/index.php\/wp-json\/wp\/v2\/media?parent=9835"}],"wp:term":[{"taxonomy":"product_cat","embeddable":true,"href":"http:\/\/klubmamgdynia.pl\/index.php\/wp-json\/wp\/v2\/product_cat?post=9835"},{"taxonomy":"product_tag","embeddable":true,"href":"http:\/\/klubmamgdynia.pl\/index.php\/wp-json\/wp\/v2\/product_tag?post=9835"}],"curies":[{"name":"wp","href":"https:\/\/api.w.org\/{rel}","templated":true}]}}