{"id":9839,"date":"2011-07-07T22:24:27","date_gmt":"2011-07-07T20:24:27","guid":{"rendered":"http:\/\/klubmamgdynia.pl\/index.php\/produkt\/bino-flet-naturalny\/"},"modified":"2026-04-06T17:45:50","modified_gmt":"2026-04-06T15:45:50","slug":"bino-flet-naturalny","status":"publish","type":"product","link":"http:\/\/klubmamgdynia.pl\/index.php\/produkt\/bino-flet-naturalny\/","title":{"rendered":"Bino Flet Naturalny"},"content":{"rendered":"<p>Ulubiony instrument muzyczny na kt\u00f3ry dziecko szybko nauczy si\u0119 gra\u0107. Wystarczy paluszkami zatka\u0107 dziurki i dmucha\u0107.<\/p>\n<h2>Bino Flet Naturalny BINO<\/h2>\n<p>rzadkie imiona japo\u0144skie, test z lektury dzieci z bullerbyn, zagadki dla ma\u0142ych dzieci, postacie z bajek, wroc\u0142aw i okolice atrakcje, zagadki dla dzieci 7 lat o zwierz\u0119tach, cytaty dla przyjaciela, zabawy z pi\u0142k\u0105 dla dzieci, minecraft quiz, trudne zagadki logiczne, ninjago kolorowanka, kr\u00f3tkie bajki do czytania pdf, liwia, asiunia test, jednorozec z dyni, zagadki dla dzieci 14 lat, maski zwierz\u0105t szablony do druku, gotowe zaproszenia na urodziny do wydrukowania, linda, quiz spos\u00f3b na alcybiadesa<\/p>\n<p>yyyyy<\/p>\n<p>&nbsp;<\/p>\n","protected":false},"excerpt":{"rendered":"<p>Ulubiony instrument muzyczny na kt\u00f3ry dziecko szybko nauczy si\u0119 gra\u0107. Wystarczy paluszkami zatka\u0107 dziurki i dmucha\u0107. Bino Flet Naturalny BINO rzadkie imiona japo\u0144skie, test z lektury dzieci z bullerbyn, zagadki dla ma\u0142ych dzieci, postacie z bajek, wroc\u0142aw i okolice atrakcje, zagadki dla dzieci 7 lat o zwierz\u0119tach, cytaty dla przyjaciela, zabawy z pi\u0142k\u0105 dla dzieci, [&hellip;]<\/p>\n","protected":false},"featured_media":9840,"comment_status":"closed","ping_status":"open","template":"","meta":[],"product_cat":[322,155],"product_tag":[827,854,577],"class_list":["post-9839","product","type-product","status-publish","has-post-thumbnail","hentry","product_cat-bino","product_cat-zabawki-muzyczne","product_tag-bajki-dla-niemowlat","product_tag-cytaty-rodzina","product_tag-znaki-drogowe-test"],"_links":{"self":[{"href":"http:\/\/klubmamgdynia.pl\/index.php\/wp-json\/wp\/v2\/product\/9839","targetHints":{"allow":["GET"]}}],"collection":[{"href":"http:\/\/klubmamgdynia.pl\/index.php\/wp-json\/wp\/v2\/product"}],"about":[{"href":"http:\/\/klubmamgdynia.pl\/index.php\/wp-json\/wp\/v2\/types\/product"}],"replies":[{"embeddable":true,"href":"http:\/\/klubmamgdynia.pl\/index.php\/wp-json\/wp\/v2\/comments?post=9839"}],"wp:featuredmedia":[{"embeddable":true,"href":"http:\/\/klubmamgdynia.pl\/index.php\/wp-json\/wp\/v2\/media\/9840"}],"wp:attachment":[{"href":"http:\/\/klubmamgdynia.pl\/index.php\/wp-json\/wp\/v2\/media?parent=9839"}],"wp:term":[{"taxonomy":"product_cat","embeddable":true,"href":"http:\/\/klubmamgdynia.pl\/index.php\/wp-json\/wp\/v2\/product_cat?post=9839"},{"taxonomy":"product_tag","embeddable":true,"href":"http:\/\/klubmamgdynia.pl\/index.php\/wp-json\/wp\/v2\/product_tag?post=9839"}],"curies":[{"name":"wp","href":"https:\/\/api.w.org\/{rel}","templated":true}]}}