{"id":984,"date":"2016-01-26T20:49:33","date_gmt":"2016-01-26T19:49:33","guid":{"rendered":"http:\/\/klubmamgdynia.pl\/index.php\/produkt\/prosperplast-sniezkomat-snowball-264769-czerwony\/"},"modified":"2026-05-17T22:29:12","modified_gmt":"2026-05-17T20:29:12","slug":"prosperplast-sniezkomat-snowball-264769-czerwony","status":"publish","type":"product","link":"http:\/\/klubmamgdynia.pl\/index.php\/produkt\/prosperplast-sniezkomat-snowball-264769-czerwony\/","title":{"rendered":"Prosperplast \u015anie\u017ckomat Snowball 264769 Czerwony"},"content":{"rendered":"<p>Narz\u0119dzie do robienia kulek \u015bnie\u017cnych renomowanej firmy Prosperplast, to idealna zabawa dla dzieci, jak te\u017c starszych os\u00f3b ceni\u0105cych sobie komfort. Dzi\u0119ki temu urz\u0105dzeniu \u015bnie\u017cki b\u0119d\u0105 okr\u0105g\u0142e i r\u00f3wne (\u015brednica \u015bnie\u017cki oko\u0142o 7.4 cm), a Twoje d\u0142onie nie b\u0119d\u0105 ju\u017c nigdy zimne. Wykonane z najwy\u017cszej jako\u015bci materia\u0142\u00f3w.<\/p>\n<h2>Prosperplast \u015anie\u017ckomat Snowball 264769 Czerwony Prosperplast<\/h2>\n<p>malowanka, kolorowanki \u015bwi\u0105teczne do druku pdf, romantyczna bajka na dobranoc, cytaty rodzina<\/p>\n<p>yyyyy<\/p>\n<p>&nbsp;<\/p>\n","protected":false},"excerpt":{"rendered":"<p>Narz\u0119dzie do robienia kulek \u015bnie\u017cnych renomowanej firmy Prosperplast, to idealna zabawa dla dzieci, jak te\u017c starszych os\u00f3b ceni\u0105cych sobie komfort. Dzi\u0119ki temu urz\u0105dzeniu \u015bnie\u017cki b\u0119d\u0105 okr\u0105g\u0142e i r\u00f3wne (\u015brednica \u015bnie\u017cki oko\u0142o 7.4 cm), a Twoje d\u0142onie nie b\u0119d\u0105 ju\u017c nigdy zimne. Wykonane z najwy\u017cszej jako\u015bci materia\u0142\u00f3w. Prosperplast \u015anie\u017ckomat Snowball 264769 Czerwony Prosperplast malowanka, kolorowanki \u015bwi\u0105teczne [&hellip;]<\/p>\n","protected":false},"featured_media":985,"comment_status":"closed","ping_status":"open","template":"","meta":[],"product_cat":[326,120],"product_tag":[752,774,609,651,586],"class_list":["post-984","product","type-product","status-publish","has-post-thumbnail","hentry","product_cat-prosperplast","product_cat-zabawki-i-gry-sportowe","product_tag-kuba-imie","product_tag-prezent-na-roczek-nie-zabawka","product_tag-quiz-flagi-europy","product_tag-quizy-online","product_tag-smieszne-zagadki"],"_links":{"self":[{"href":"http:\/\/klubmamgdynia.pl\/index.php\/wp-json\/wp\/v2\/product\/984","targetHints":{"allow":["GET"]}}],"collection":[{"href":"http:\/\/klubmamgdynia.pl\/index.php\/wp-json\/wp\/v2\/product"}],"about":[{"href":"http:\/\/klubmamgdynia.pl\/index.php\/wp-json\/wp\/v2\/types\/product"}],"replies":[{"embeddable":true,"href":"http:\/\/klubmamgdynia.pl\/index.php\/wp-json\/wp\/v2\/comments?post=984"}],"wp:featuredmedia":[{"embeddable":true,"href":"http:\/\/klubmamgdynia.pl\/index.php\/wp-json\/wp\/v2\/media\/985"}],"wp:attachment":[{"href":"http:\/\/klubmamgdynia.pl\/index.php\/wp-json\/wp\/v2\/media?parent=984"}],"wp:term":[{"taxonomy":"product_cat","embeddable":true,"href":"http:\/\/klubmamgdynia.pl\/index.php\/wp-json\/wp\/v2\/product_cat?post=984"},{"taxonomy":"product_tag","embeddable":true,"href":"http:\/\/klubmamgdynia.pl\/index.php\/wp-json\/wp\/v2\/product_tag?post=984"}],"curies":[{"name":"wp","href":"https:\/\/api.w.org\/{rel}","templated":true}]}}