{"id":9841,"date":"2024-03-08T11:24:32","date_gmt":"2024-03-08T10:24:32","guid":{"rendered":"http:\/\/klubmamgdynia.pl\/?post_type=product&#038;p=9841"},"modified":"2026-05-17T22:17:22","modified_gmt":"2026-05-17T20:17:22","slug":"skrzynka-z-narzedziami-dla-malego-majstra","status":"publish","type":"product","link":"http:\/\/klubmamgdynia.pl\/index.php\/produkt\/skrzynka-z-narzedziami-dla-malego-majstra\/","title":{"rendered":"Skrzynka z narz\u0119dziami dla ma\u0142ego majstra"},"content":{"rendered":"<p>Zestaw narz\u0119dzi w skrzynce wiertarka wkr\u0119tarkaMa\u0142y majsterkowicz wiertarka dla dzieci narz\u0119dziaTo zestaw, kt\u00f3ry bawi, a przede wszystkim uczy samodzielno\u015bci.Zamontowanie w przysz\u0142o\u015bci haczyka na obraz b\u0119dzie dla nich pestk\u0105.Ma\u0142y Majsterkowicz to inwestycja, kt\u00f3ra si\u0119 zwraca.W zestawie znajdziecie:- wkr\u0119tark\u0119- r\u00f3\u017cnego rodzaju narz\u0119dziaZabawka zapewnia rozw\u00f3j kreatywno\u015bci i zdolno\u015bci motorycznych,a poza tym zabaw\u0119 ponad wszystko!Produkt polecany smykom od 3 roku \u017cycia ze wzgl\u0119du na drobne elementy.<\/p>\n<h2>Skrzynka z narz\u0119dziami dla ma\u0142ego majstra Mega Creative<\/h2>\n<p>prezenty dla nastolatki, origami kotek, kr\u00f3tkie bajki dla dzieci, po\u0142\u0105cz kropki do druku<\/p>\n<p>yyyyy<\/p>\n<p>&nbsp;<\/p>\n","protected":false},"excerpt":{"rendered":"<p>Zestaw narz\u0119dzi w skrzynce wiertarka wkr\u0119tarkaMa\u0142y majsterkowicz wiertarka dla dzieci narz\u0119dziaTo zestaw, kt\u00f3ry bawi, a przede wszystkim uczy samodzielno\u015bci.Zamontowanie w przysz\u0142o\u015bci haczyka na obraz b\u0119dzie dla nich pestk\u0105.Ma\u0142y Majsterkowicz to inwestycja, kt\u00f3ra si\u0119 zwraca.W zestawie znajdziecie:- wkr\u0119tark\u0119- r\u00f3\u017cnego rodzaju narz\u0119dziaZabawka zapewnia rozw\u00f3j kreatywno\u015bci i zdolno\u015bci motorycznych,a poza tym zabaw\u0119 ponad wszystko!Produkt polecany smykom od 3 [&hellip;]<\/p>\n","protected":false},"featured_media":9842,"comment_status":"closed","ping_status":"open","template":"","meta":[],"product_cat":[64,537],"product_tag":[801,777,625,724],"class_list":["post-9841","product","type-product","status-publish","has-post-thumbnail","hentry","product_cat-mega-creative","product_cat-pozostale-zabawki-edukacyjne","product_tag-bajki-terapeutyczne-o-emocjach","product_tag-co-na-roczek","product_tag-trojmiasto-atrakcje-dla-dzieci","product_tag-zagadki-podchwytliwe"],"_links":{"self":[{"href":"http:\/\/klubmamgdynia.pl\/index.php\/wp-json\/wp\/v2\/product\/9841","targetHints":{"allow":["GET"]}}],"collection":[{"href":"http:\/\/klubmamgdynia.pl\/index.php\/wp-json\/wp\/v2\/product"}],"about":[{"href":"http:\/\/klubmamgdynia.pl\/index.php\/wp-json\/wp\/v2\/types\/product"}],"replies":[{"embeddable":true,"href":"http:\/\/klubmamgdynia.pl\/index.php\/wp-json\/wp\/v2\/comments?post=9841"}],"wp:featuredmedia":[{"embeddable":true,"href":"http:\/\/klubmamgdynia.pl\/index.php\/wp-json\/wp\/v2\/media\/9842"}],"wp:attachment":[{"href":"http:\/\/klubmamgdynia.pl\/index.php\/wp-json\/wp\/v2\/media?parent=9841"}],"wp:term":[{"taxonomy":"product_cat","embeddable":true,"href":"http:\/\/klubmamgdynia.pl\/index.php\/wp-json\/wp\/v2\/product_cat?post=9841"},{"taxonomy":"product_tag","embeddable":true,"href":"http:\/\/klubmamgdynia.pl\/index.php\/wp-json\/wp\/v2\/product_tag?post=9841"}],"curies":[{"name":"wp","href":"https:\/\/api.w.org\/{rel}","templated":true}]}}