{"id":9843,"date":"2013-10-10T00:18:48","date_gmt":"2013-10-09T22:18:48","guid":{"rendered":"http:\/\/klubmamgdynia.pl\/index.php\/produkt\/bino-miniorkiestra-86550\/"},"modified":"2026-05-17T22:43:27","modified_gmt":"2026-05-17T20:43:27","slug":"bino-miniorkiestra-86550","status":"publish","type":"product","link":"http:\/\/klubmamgdynia.pl\/index.php\/produkt\/bino-miniorkiestra-86550\/","title":{"rendered":"Bino Miniorkiestra 86550"},"content":{"rendered":"<p>Mini orkiestra marki Bino to zestaw instrument\u00f3w muzycznych przeznaczony dla dzieci od 3 roku \u017cycia. Instrumenty pomog\u0105 maluchom w nauce rozpoznawania ton\u00f3w oraz rozwijaniu zdolno\u015bci muzycznych.<\/p>\n<h2>Bino Miniorkiestra 86550 BINO<\/h2>\n<p>zdania do pisania dla dzieci do wydruku, wz\u00f3r drzewo genealogiczne szablon do wydruku, quiz o samochodach, pa\u0144stwa europy i ich stolice quiz, historia pluszowego misia, wydarzenia dla dzieci warszawa, henryk, prezent dla dziewczynki na roczek, piosenki dla dzieci o jesieni, cytaty o nauczycielach, quiz o \u015bwi\u0119tym miko\u0142aju, mateusz imi\u0119, co oznacza imi\u0119 alan<\/p>\n<p>yyyyy<\/p>\n<p>&nbsp;<\/p>\n","protected":false},"excerpt":{"rendered":"<p>Mini orkiestra marki Bino to zestaw instrument\u00f3w muzycznych przeznaczony dla dzieci od 3 roku \u017cycia. Instrumenty pomog\u0105 maluchom w nauce rozpoznawania ton\u00f3w oraz rozwijaniu zdolno\u015bci muzycznych. Bino Miniorkiestra 86550 BINO zdania do pisania dla dzieci do wydruku, wz\u00f3r drzewo genealogiczne szablon do wydruku, quiz o samochodach, pa\u0144stwa europy i ich stolice quiz, historia pluszowego misia, [&hellip;]<\/p>\n","protected":false},"featured_media":9844,"comment_status":"closed","ping_status":"open","template":"","meta":[],"product_cat":[322,155],"product_tag":[691,755,789,720,770,738],"class_list":["post-9843","product","type-product","status-publish","has-post-thumbnail","hentry","product_cat-bino","product_cat-zabawki-muzyczne","product_tag-gabriel","product_tag-henryk","product_tag-kaczuszka","product_tag-malowanki","product_tag-samolot-z-papieru","product_tag-wroclaw-dla-dzieci"],"_links":{"self":[{"href":"http:\/\/klubmamgdynia.pl\/index.php\/wp-json\/wp\/v2\/product\/9843","targetHints":{"allow":["GET"]}}],"collection":[{"href":"http:\/\/klubmamgdynia.pl\/index.php\/wp-json\/wp\/v2\/product"}],"about":[{"href":"http:\/\/klubmamgdynia.pl\/index.php\/wp-json\/wp\/v2\/types\/product"}],"replies":[{"embeddable":true,"href":"http:\/\/klubmamgdynia.pl\/index.php\/wp-json\/wp\/v2\/comments?post=9843"}],"wp:featuredmedia":[{"embeddable":true,"href":"http:\/\/klubmamgdynia.pl\/index.php\/wp-json\/wp\/v2\/media\/9844"}],"wp:attachment":[{"href":"http:\/\/klubmamgdynia.pl\/index.php\/wp-json\/wp\/v2\/media?parent=9843"}],"wp:term":[{"taxonomy":"product_cat","embeddable":true,"href":"http:\/\/klubmamgdynia.pl\/index.php\/wp-json\/wp\/v2\/product_cat?post=9843"},{"taxonomy":"product_tag","embeddable":true,"href":"http:\/\/klubmamgdynia.pl\/index.php\/wp-json\/wp\/v2\/product_tag?post=9843"}],"curies":[{"name":"wp","href":"https:\/\/api.w.org\/{rel}","templated":true}]}}