{"id":9845,"date":"2017-11-16T21:52:39","date_gmt":"2017-11-16T20:52:39","guid":{"rendered":"http:\/\/klubmamgdynia.pl\/index.php\/produkt\/bino-ksylofon-musico-86557\/"},"modified":"2026-04-05T23:11:28","modified_gmt":"2026-04-05T21:11:28","slug":"bino-ksylofon-musico-86557","status":"publish","type":"product","link":"http:\/\/klubmamgdynia.pl\/index.php\/produkt\/bino-ksylofon-musico-86557\/","title":{"rendered":"Bino Ksylofon Musico 86557"},"content":{"rendered":"<p>Drewniane cymba\u0142kiKolorowy ksylofon z metalowymi klawiszami w praktycznym designie z wysuwanym drewnianym m\u0142otkiem jest nie tylko tradycyjn\u0105 zabawk\u0105 motywuj\u0105c\u0105 do rozwoju umiej\u0119tno\u015bci muzycznych, ale tak\u017ce instrumentem muzycznym do \u0107wiczenia sensorycznych zdolno\u015bci motorycznych.Informacje o produkcieNr katalogowy86557Marka (Zabawki) BrakObszar (nauka i rozw\u00f3j) EdukacyjneRodzaj (nauka i rozw\u00f3j) Instrumenty muzyczneWymagania wiekowe od 3 latP\u0142e\u0107 (zabawki) Dziewczynki i ch\u0142opcyProdukt na baterie NieBaterie w zestawie NieZasilanie Nie dotyczy<\/p>\n<h2>Bino Ksylofon Musico 86557 BINO<\/h2>\n<p>milan imie, piesek kolorowanka, jan pawe\u0142 2 rysunek \u0142atwy dla dzieci, zagadki o wielkanocy, literki do druku, zagadki dla sze\u015bciolatk\u00f3w<\/p>\n<p>yyyyy<\/p>\n<p>&nbsp;<\/p>\n","protected":false},"excerpt":{"rendered":"<p>Drewniane cymba\u0142kiKolorowy ksylofon z metalowymi klawiszami w praktycznym designie z wysuwanym drewnianym m\u0142otkiem jest nie tylko tradycyjn\u0105 zabawk\u0105 motywuj\u0105c\u0105 do rozwoju umiej\u0119tno\u015bci muzycznych, ale tak\u017ce instrumentem muzycznym do \u0107wiczenia sensorycznych zdolno\u015bci motorycznych.Informacje o produkcieNr katalogowy86557Marka (Zabawki) BrakObszar (nauka i rozw\u00f3j) EdukacyjneRodzaj (nauka i rozw\u00f3j) Instrumenty muzyczneWymagania wiekowe od 3 latP\u0142e\u0107 (zabawki) Dziewczynki i ch\u0142opcyProdukt na [&hellip;]<\/p>\n","protected":false},"featured_media":9846,"comment_status":"closed","ping_status":"open","template":"","meta":[],"product_cat":[322,155],"product_tag":[691,784,601,714],"class_list":["post-9845","product","type-product","status-publish","has-post-thumbnail","hentry","product_cat-bino","product_cat-zabawki-muzyczne","product_tag-gabriel","product_tag-hymn-gorniczy","product_tag-zagadki-co-to-jest","product_tag-zagadki-logiczne"],"_links":{"self":[{"href":"http:\/\/klubmamgdynia.pl\/index.php\/wp-json\/wp\/v2\/product\/9845","targetHints":{"allow":["GET"]}}],"collection":[{"href":"http:\/\/klubmamgdynia.pl\/index.php\/wp-json\/wp\/v2\/product"}],"about":[{"href":"http:\/\/klubmamgdynia.pl\/index.php\/wp-json\/wp\/v2\/types\/product"}],"replies":[{"embeddable":true,"href":"http:\/\/klubmamgdynia.pl\/index.php\/wp-json\/wp\/v2\/comments?post=9845"}],"wp:featuredmedia":[{"embeddable":true,"href":"http:\/\/klubmamgdynia.pl\/index.php\/wp-json\/wp\/v2\/media\/9846"}],"wp:attachment":[{"href":"http:\/\/klubmamgdynia.pl\/index.php\/wp-json\/wp\/v2\/media?parent=9845"}],"wp:term":[{"taxonomy":"product_cat","embeddable":true,"href":"http:\/\/klubmamgdynia.pl\/index.php\/wp-json\/wp\/v2\/product_cat?post=9845"},{"taxonomy":"product_tag","embeddable":true,"href":"http:\/\/klubmamgdynia.pl\/index.php\/wp-json\/wp\/v2\/product_tag?post=9845"}],"curies":[{"name":"wp","href":"https:\/\/api.w.org\/{rel}","templated":true}]}}