{"id":9847,"date":"2018-05-29T10:13:15","date_gmt":"2018-05-29T08:13:15","guid":{"rendered":"http:\/\/klubmamgdynia.pl\/index.php\/produkt\/kosz-cukrowy-sopelek\/"},"modified":"2026-04-03T23:37:29","modified_gmt":"2026-04-03T21:37:29","slug":"kosz-cukrowy-sopelek","status":"publish","type":"product","link":"http:\/\/klubmamgdynia.pl\/index.php\/produkt\/kosz-cukrowy-sopelek\/","title":{"rendered":"Kosz Cukrowy Sopelek"},"content":{"rendered":"<p>Kosz na zabawki \u201eCukrowy sopelek\u201d to idealne rozwi\u0105zanie dla ka\u017cdej mamy i taty by w szybki spos\u00f3b zapanowa\u0107 nad stert\u0105 zabawek, klock\u00f3w, pluszak\u00f3w i innych skarb\u00f3w naszej pociechy.Kosz wykonany jest ze 100% bawe\u0142ny wype\u0142niony w\u0142\u00f3knin\u0105 antyalergiczn\u0105 . Wysoko\u015b\u0107 kosza to 50 cm a jego \u015brednica to 40 cm. Kosz wyposa\u017cony jest w sznurek \u015bci\u0105gaj\u0105cy co pozwala zabezpieczy\u0107 ca\u0142\u0105 zawarto\u015b\u0107 w trakcie transportu np. na pla\u017c\u0119 czy do ogrodu . Kosz mo\u017ce tez nam pos\u0142u\u017cy\u0107 do przechowywania poduszek ko\u0142derki i innych rzeczy w trakcie podr\u00f3\u017cy b\u0105d\u017a gdy nasza pociecha nie korzysta z nich w danej chwili.<\/p>\n<h2>Kosz Cukrowy Sopelek S\u00f3wka Design<\/h2>\n<p>kotek kolorowanka do druku, kolorowanki na andrzejki do wydruku, maurycy, bajka o poci\u0105gu do czytania, quiz o bajkach, opisy do zdj\u0119\u0107 z dzieckiem<\/p>\n<p>yyyyy<\/p>\n<p>&nbsp;<\/p>\n","protected":false},"excerpt":{"rendered":"<p>Kosz na zabawki \u201eCukrowy sopelek\u201d to idealne rozwi\u0105zanie dla ka\u017cdej mamy i taty by w szybki spos\u00f3b zapanowa\u0107 nad stert\u0105 zabawek, klock\u00f3w, pluszak\u00f3w i innych skarb\u00f3w naszej pociechy.Kosz wykonany jest ze 100% bawe\u0142ny wype\u0142niony w\u0142\u00f3knin\u0105 antyalergiczn\u0105 . Wysoko\u015b\u0107 kosza to 50 cm a jego \u015brednica to 40 cm. Kosz wyposa\u017cony jest w sznurek \u015bci\u0105gaj\u0105cy co [&hellip;]<\/p>\n","protected":false},"featured_media":9848,"comment_status":"closed","ping_status":"open","template":"","meta":[],"product_cat":[990,288],"product_tag":[668,848,797,720,764,597],"class_list":["post-9847","product","type-product","status-publish","has-post-thumbnail","hentry","product_cat-skrzynie-i-pojemniki-na-zabawki","product_cat-sowka-design","product_tag-atrakcje-dla-dzieci-wroclaw","product_tag-cytat-o-rodzinie","product_tag-kiekrz","product_tag-malowanki","product_tag-prezenty-na-roczek-dla-dziewczynki","product_tag-zagadki-o-zimie"],"_links":{"self":[{"href":"http:\/\/klubmamgdynia.pl\/index.php\/wp-json\/wp\/v2\/product\/9847","targetHints":{"allow":["GET"]}}],"collection":[{"href":"http:\/\/klubmamgdynia.pl\/index.php\/wp-json\/wp\/v2\/product"}],"about":[{"href":"http:\/\/klubmamgdynia.pl\/index.php\/wp-json\/wp\/v2\/types\/product"}],"replies":[{"embeddable":true,"href":"http:\/\/klubmamgdynia.pl\/index.php\/wp-json\/wp\/v2\/comments?post=9847"}],"wp:featuredmedia":[{"embeddable":true,"href":"http:\/\/klubmamgdynia.pl\/index.php\/wp-json\/wp\/v2\/media\/9848"}],"wp:attachment":[{"href":"http:\/\/klubmamgdynia.pl\/index.php\/wp-json\/wp\/v2\/media?parent=9847"}],"wp:term":[{"taxonomy":"product_cat","embeddable":true,"href":"http:\/\/klubmamgdynia.pl\/index.php\/wp-json\/wp\/v2\/product_cat?post=9847"},{"taxonomy":"product_tag","embeddable":true,"href":"http:\/\/klubmamgdynia.pl\/index.php\/wp-json\/wp\/v2\/product_tag?post=9847"}],"curies":[{"name":"wp","href":"https:\/\/api.w.org\/{rel}","templated":true}]}}