{"id":9849,"date":"2017-07-19T15:04:05","date_gmt":"2017-07-19T13:04:05","guid":{"rendered":"http:\/\/klubmamgdynia.pl\/index.php\/produkt\/dream-baby-jumbo-miekki-hamak-narozny-do-przechowywania-zabawek-bialy\/"},"modified":"2026-04-20T23:04:35","modified_gmt":"2026-04-20T21:04:35","slug":"dream-baby-jumbo-miekki-hamak-narozny-do-przechowywania-zabawek-bialy","status":"publish","type":"product","link":"http:\/\/klubmamgdynia.pl\/index.php\/produkt\/dream-baby-jumbo-miekki-hamak-narozny-do-przechowywania-zabawek-bialy\/","title":{"rendered":"Dream baby Jumbo Mi\u0119kki hamak naro\u017cny do przechowywania zabawek bia\u0142y"},"content":{"rendered":"<p>Strona Dream baby Jumbo Stuffed Animal Storage Hammock to idealny spos\u00f3b na przechowywanie zabawek i akcesori\u00f3w odzie\u017cowych w spos\u00f3b schludny i atrakcyjny. Twoje dzieci b\u0119d\u0105 uwielbia\u0142y eksponowa\u0107 w nim swoje zabawki i pluszaki. Szczeg\u00f3\u0142y produktu: Utrzymuje zabawki z dala od pod\u0142ogi i z dala od drogi! Pasuje do wi\u0119kszo\u015bci naro\u017cnik\u00f3w Uchwyty \u015bcienne w zestawie Kolor: Bia\u0142y Wiek: od 0 miesi\u0119cy Dane techniczne: Wymiary (d\u0142ugo\u015b\u0107 x szeroko\u015b\u0107 x wysoko\u015b\u0107): 185 x 131 x 131 cm. Materia\u0142: 100% siatka poliestrowa, stalowe haki i plastikowe kotwy W zestawie: 1 x Jumbo wypchane zwierz\u0119 hamak naro\u017cny (bez wypchanych zwierz\u0105t).<\/p>\n<h2>Dream baby Jumbo Mi\u0119kki hamak naro\u017cny do przechowywania zabawek bia\u0142y <\/h2>\n<p>imi\u0119 leon, jasmin imi\u0119, prezent dla 17 latka, pies rysunek, opis do zdj\u0119cia dziecka na fb, test miko\u0142ajek, eksperyment dla dzieci wulkan, bycie mam\u0105 cytaty<\/p>\n<p>yyyyy<\/p>\n<p>&nbsp;<\/p>\n","protected":false},"excerpt":{"rendered":"<p>Strona Dream baby Jumbo Stuffed Animal Storage Hammock to idealny spos\u00f3b na przechowywanie zabawek i akcesori\u00f3w odzie\u017cowych w spos\u00f3b schludny i atrakcyjny. Twoje dzieci b\u0119d\u0105 uwielbia\u0142y eksponowa\u0107 w nim swoje zabawki i pluszaki. Szczeg\u00f3\u0142y produktu: Utrzymuje zabawki z dala od pod\u0142ogi i z dala od drogi! Pasuje do wi\u0119kszo\u015bci naro\u017cnik\u00f3w Uchwyty \u015bcienne w zestawie Kolor: [&hellip;]<\/p>\n","protected":false},"featured_media":9850,"comment_status":"closed","ping_status":"open","template":"","meta":[],"product_cat":[990],"product_tag":[622,847,654,866,713],"class_list":["post-9849","product","type-product","status-publish","has-post-thumbnail","hentry","product_cat-skrzynie-i-pojemniki-na-zabawki","product_tag-fajne-zagadki","product_tag-kolorowanki-pokemon","product_tag-krotkie-bajki-dla-dzieci-do-czytania","product_tag-opis-do-zdjecia-dziecka-na-fb","product_tag-zagadki-logiczne-z-odpowiedziami"],"_links":{"self":[{"href":"http:\/\/klubmamgdynia.pl\/index.php\/wp-json\/wp\/v2\/product\/9849","targetHints":{"allow":["GET"]}}],"collection":[{"href":"http:\/\/klubmamgdynia.pl\/index.php\/wp-json\/wp\/v2\/product"}],"about":[{"href":"http:\/\/klubmamgdynia.pl\/index.php\/wp-json\/wp\/v2\/types\/product"}],"replies":[{"embeddable":true,"href":"http:\/\/klubmamgdynia.pl\/index.php\/wp-json\/wp\/v2\/comments?post=9849"}],"wp:featuredmedia":[{"embeddable":true,"href":"http:\/\/klubmamgdynia.pl\/index.php\/wp-json\/wp\/v2\/media\/9850"}],"wp:attachment":[{"href":"http:\/\/klubmamgdynia.pl\/index.php\/wp-json\/wp\/v2\/media?parent=9849"}],"wp:term":[{"taxonomy":"product_cat","embeddable":true,"href":"http:\/\/klubmamgdynia.pl\/index.php\/wp-json\/wp\/v2\/product_cat?post=9849"},{"taxonomy":"product_tag","embeddable":true,"href":"http:\/\/klubmamgdynia.pl\/index.php\/wp-json\/wp\/v2\/product_tag?post=9849"}],"curies":[{"name":"wp","href":"https:\/\/api.w.org\/{rel}","templated":true}]}}