{"id":9851,"date":"2025-10-07T01:22:38","date_gmt":"2025-10-06T23:22:38","guid":{"rendered":"http:\/\/klubmamgdynia.pl\/?post_type=product&#038;p=9851"},"modified":"2026-04-30T02:18:28","modified_gmt":"2026-04-30T00:18:28","slug":"jabadabado-drewniany-pojemnik-na-zabawki-na-sznurku","status":"publish","type":"product","link":"http:\/\/klubmamgdynia.pl\/index.php\/produkt\/jabadabado-drewniany-pojemnik-na-zabawki-na-sznurku\/","title":{"rendered":"Jabadabado Drewniany Pojemnik Na Zabawki Na Sznurku"},"content":{"rendered":"<p>Drewniany pojemnik na zabawki na k\u00f3\u0142kach ze sznureczkiem, niezwykle funkcjonalny i bardzo elegancki &#8211; pomo\u017ce zapanowa\u0107 nad ba\u0142aganem w dzieci\u0119cych zabawek. Drewniana skrzynia na k\u00f3\u0142kach szwedzkiej marki Jabadabado jest w kolorze niezobowi\u0105zuj\u0105cej bieli, idealnie wpasuje si\u0119 w ka\u017cdy styl -a k\u00f3lka w kolorze naturalnego drewna -jest to wr\u0119cz idealne po\u0142\u0105czenie.Dzi\u0119ki pojemnikom na zabawki w prosty, i szybki spos\u00f3b uporasz si\u0119 z porz\u0105dkiem w zabawkach dla dzieci, a dzi\u0119ki sznureczkowi i k\u00f3\u0142kom -jest to niezwykle praktyczny spos\u00f3b na przmieszczanie zabawek, tak aby zawsze mie\u0107 pod r\u0119k\u0105 swoje niezb\u0119dne zabawki. Dzi\u0119ki swojemu stylowemu wygl\u0105dowi, ten drewniany pojemnik na zabawki b\u0119dzie idealnym dodatkiem dekoracyjnym w pokoju Twojego malucha.K\u00f3\u0142ka nie pozostawiaj\u0105 \u017cadnych \u015blad\u00f3w na pod\u0142odze.Wymiary: 27x 21 x12 cmJabadabado to szwedzka firma istniej\u0105ca na rynku od 1993 roku specjalizuj\u0105ca si\u0119 w projektowaniu i produkcji zabawek drewnianych, element\u00f3w wyposa\u017cenia pokoi dzieci\u0119cych. Wszystkie produkty Jabadabado cechuje oryginalny design, pi\u0119kna kolorystyka i niezwykle staranne wykonanie. Wszystkie zabawki marki Jabadabado stworzone s\u0105 z my\u015bl\u0105 o dzieciach i pobudzaj\u0105 do kreatywnej zabawy.<\/p>\n<h2>Jabadabado Drewniany Pojemnik Na Zabawki Na Sznurku Jabadabado<\/h2>\n<p>zaproszenia do druku, kalina imi\u0119, wycinanki dla dzieci do druku, atrakcje we wroc\u0142awiu dla dzieci, zaproszenie na urodziny dziecka do druku, marcel imi\u0119, imi\u0119 kuba, prezent na roczek dziewczynka, bajki do czytania, dobrej nocy i sza, bajka o smoku, ciekawe zagadki, po \u0142\u0105ce biega lato tekst, \u017carty prima aprilis, stare bajki, quizy psi patrol, zak\u0142adka do ksi\u0105\u017cki szablon, co kupi\u0107 nastolatce na \u015bwi\u0119ta, kolorowanka ksi\u0119\u017cniczka<\/p>\n<p>yyyyy<\/p>\n<p>&nbsp;<\/p>\n","protected":false},"excerpt":{"rendered":"<p>Drewniany pojemnik na zabawki na k\u00f3\u0142kach ze sznureczkiem, niezwykle funkcjonalny i bardzo elegancki &#8211; pomo\u017ce zapanowa\u0107 nad ba\u0142aganem w dzieci\u0119cych zabawek. Drewniana skrzynia na k\u00f3\u0142kach szwedzkiej marki Jabadabado jest w kolorze niezobowi\u0105zuj\u0105cej bieli, idealnie wpasuje si\u0119 w ka\u017cdy styl -a k\u00f3lka w kolorze naturalnego drewna -jest to wr\u0119cz idealne po\u0142\u0105czenie.Dzi\u0119ki pojemnikom na zabawki w prosty, [&hellip;]<\/p>\n","protected":false},"featured_media":9852,"comment_status":"closed","ping_status":"open","template":"","meta":[],"product_cat":[483,990],"product_tag":[854,818,602,762],"class_list":["post-9851","product","type-product","status-publish","has-post-thumbnail","hentry","product_cat-jabadabado","product_cat-skrzynie-i-pojemniki-na-zabawki","product_tag-cytaty-rodzina","product_tag-oliwier","product_tag-quiz-o-zwierzetach-domowych","product_tag-trudne-zagadki-dla-dzieci"],"_links":{"self":[{"href":"http:\/\/klubmamgdynia.pl\/index.php\/wp-json\/wp\/v2\/product\/9851","targetHints":{"allow":["GET"]}}],"collection":[{"href":"http:\/\/klubmamgdynia.pl\/index.php\/wp-json\/wp\/v2\/product"}],"about":[{"href":"http:\/\/klubmamgdynia.pl\/index.php\/wp-json\/wp\/v2\/types\/product"}],"replies":[{"embeddable":true,"href":"http:\/\/klubmamgdynia.pl\/index.php\/wp-json\/wp\/v2\/comments?post=9851"}],"wp:featuredmedia":[{"embeddable":true,"href":"http:\/\/klubmamgdynia.pl\/index.php\/wp-json\/wp\/v2\/media\/9852"}],"wp:attachment":[{"href":"http:\/\/klubmamgdynia.pl\/index.php\/wp-json\/wp\/v2\/media?parent=9851"}],"wp:term":[{"taxonomy":"product_cat","embeddable":true,"href":"http:\/\/klubmamgdynia.pl\/index.php\/wp-json\/wp\/v2\/product_cat?post=9851"},{"taxonomy":"product_tag","embeddable":true,"href":"http:\/\/klubmamgdynia.pl\/index.php\/wp-json\/wp\/v2\/product_tag?post=9851"}],"curies":[{"name":"wp","href":"https:\/\/api.w.org\/{rel}","templated":true}]}}