{"id":9855,"date":"2013-05-29T17:54:26","date_gmt":"2013-05-29T15:54:26","guid":{"rendered":"http:\/\/klubmamgdynia.pl\/index.php\/produkt\/toy-story-4-sluchawki-nauszne-dla-dzieci-przewodowe\/"},"modified":"2026-05-17T23:03:08","modified_gmt":"2026-05-17T21:03:08","slug":"toy-story-4-sluchawki-nauszne-dla-dzieci-przewodowe","status":"publish","type":"product","link":"http:\/\/klubmamgdynia.pl\/index.php\/produkt\/toy-story-4-sluchawki-nauszne-dla-dzieci-przewodowe\/","title":{"rendered":"TOY STORY 4 S\u0142uchawki nauszne dla dzieci, przewodowe"},"content":{"rendered":"<p>SPECJALNIE DLA DZIECI\u015awietne s\u0142uchawki nauszne Toy Story 4 zosta\u0142y zaprojektowane specjalnie dla dzieci. S\u0142uchawki s\u0105 bardzo lekkie, dzi\u0119ki czemu mo\u017cna zabra\u0107 je wsz\u0119dzie ze sob\u0105: do szko\u0142y, na wycieczk\u0119 lub na wakacje. S\u0142uchawki mo\u017cna z \u0142atwo\u015bci\u0105 dostosowa\u0107 do ka\u017cdej g\u0142owy, a dzi\u0119ki zastosowaniu mi\u0119kkiego pa\u0142\u0105ka nosi si\u0119 je bardzo wygodnie.KOMPATYBILNO\u015a\u0106Kompatybilne ze wszystkimi odtwarzaczami audio i wideo z wyj\u015bciem jack. Dzi\u0119ki zastosowaniu z\u0142\u0105cza mini jack 3.5 mm, s\u0142uchawki mo\u017cna pod\u0142\u0105czy\u0107 do wszystkich odtwarzaczy mp3, smartfon\u00f3w, tablet\u00f3w i innych urz\u0105dze\u0144 wyposa\u017conych w takie z\u0142\u0105cze.TECHNOLOGIA KID SAFES\u0142uchawki posiadaj\u0105 wbudowany limiter g\u0142o\u015bno\u015bci, dzi\u0119ki czemu g\u0142o\u015bno\u015b\u0107 odtwarzanych utwor\u00f3w zawsze b\u0119dzie bezpieczna dla uszu naszej pociechy. Zaprojektowane specjalnie tak, aby nie niszczy\u0142y s\u0142uchu dziecka.OPAKOWANIES\u0142uchawki s\u0105 zapakowane w gustowne opakowanie, dzi\u0119ki czemu idealnie sprawdz\u0105 si\u0119 jako prezent dla dziecka.SPECYFIKACJAD\u0142ugo\u015b\u0107 kabla 150 cmWtyk mini jack 3.5 mmZakres cz\u0119stotliwo\u015bci 10 Hz &#8211; 20 kHzWaga 98 gWymiary 7 x 19 x 16 cmWiek od 3 latW ZESTAWIES\u0142uchawkiOryginalne opakowanie<\/p>\n<h2>TOY STORY 4 S\u0142uchawki nauszne dla dzieci, przewodowe EKids<\/h2>\n<p>trudne zadania matematyczne, warszawa atrakcje dla m\u0142odzie\u017cy, mamo mamusiu pusto w mym brzusiu tekst, wiosna zagadki s\u0142owne, zagadki dla starszych dzieci, co kupic dziewczynce na roczek, kolorowanki my little pony, quiz o wio\u015bnie, choinka z bibu\u0142y, zagadki \u015bmieszne z odpowiedziami, traktory do druku, my little pony kolorowanki, postacie z bajek, zabawy dla 5-6 latk\u00f3w, prezenty dla nastolatki<\/p>\n<p>yyyyy<\/p>\n<p>&nbsp;<\/p>\n","protected":false},"excerpt":{"rendered":"<p>SPECJALNIE DLA DZIECI\u015awietne s\u0142uchawki nauszne Toy Story 4 zosta\u0142y zaprojektowane specjalnie dla dzieci. S\u0142uchawki s\u0105 bardzo lekkie, dzi\u0119ki czemu mo\u017cna zabra\u0107 je wsz\u0119dzie ze sob\u0105: do szko\u0142y, na wycieczk\u0119 lub na wakacje. S\u0142uchawki mo\u017cna z \u0142atwo\u015bci\u0105 dostosowa\u0107 do ka\u017cdej g\u0142owy, a dzi\u0119ki zastosowaniu mi\u0119kkiego pa\u0142\u0105ka nosi si\u0119 je bardzo wygodnie.KOMPATYBILNO\u015a\u0106Kompatybilne ze wszystkimi odtwarzaczami audio i [&hellip;]<\/p>\n","protected":false},"featured_media":9856,"comment_status":"closed","ping_status":"open","template":"","meta":[],"product_cat":[1850,155],"product_tag":[676,790,586,741],"class_list":["post-9855","product","type-product","status-publish","has-post-thumbnail","hentry","product_cat-ekids","product_cat-zabawki-muzyczne","product_tag-bursztynek","product_tag-gry-planszowe-dla-nastolatkow","product_tag-smieszne-zagadki","product_tag-wlochy"],"_links":{"self":[{"href":"http:\/\/klubmamgdynia.pl\/index.php\/wp-json\/wp\/v2\/product\/9855","targetHints":{"allow":["GET"]}}],"collection":[{"href":"http:\/\/klubmamgdynia.pl\/index.php\/wp-json\/wp\/v2\/product"}],"about":[{"href":"http:\/\/klubmamgdynia.pl\/index.php\/wp-json\/wp\/v2\/types\/product"}],"replies":[{"embeddable":true,"href":"http:\/\/klubmamgdynia.pl\/index.php\/wp-json\/wp\/v2\/comments?post=9855"}],"wp:featuredmedia":[{"embeddable":true,"href":"http:\/\/klubmamgdynia.pl\/index.php\/wp-json\/wp\/v2\/media\/9856"}],"wp:attachment":[{"href":"http:\/\/klubmamgdynia.pl\/index.php\/wp-json\/wp\/v2\/media?parent=9855"}],"wp:term":[{"taxonomy":"product_cat","embeddable":true,"href":"http:\/\/klubmamgdynia.pl\/index.php\/wp-json\/wp\/v2\/product_cat?post=9855"},{"taxonomy":"product_tag","embeddable":true,"href":"http:\/\/klubmamgdynia.pl\/index.php\/wp-json\/wp\/v2\/product_tag?post=9855"}],"curies":[{"name":"wp","href":"https:\/\/api.w.org\/{rel}","templated":true}]}}