{"id":9859,"date":"2018-07-09T21:27:48","date_gmt":"2018-07-09T19:27:48","guid":{"rendered":"http:\/\/klubmamgdynia.pl\/index.php\/produkt\/ricokids-kosz-na-zabawki-bialy-w-gwiazdki-740205\/"},"modified":"2026-05-01T19:26:28","modified_gmt":"2026-05-01T17:26:28","slug":"ricokids-kosz-na-zabawki-bialy-w-gwiazdki-740205","status":"publish","type":"product","link":"http:\/\/klubmamgdynia.pl\/index.php\/produkt\/ricokids-kosz-na-zabawki-bialy-w-gwiazdki-740205\/","title":{"rendered":"Ricokids Kosz Na Zabawki Bia\u0142y W Gwiazdki 740205"},"content":{"rendered":"<p>Du\u017cy i pojemny kosz na zabawki Ricokids\u2757 praktyczna wolnostoj\u0105ca torba na zabawki.bardzo du\u017ca pojemno\u015b\u0107,najwy\u017csza jako\u015b\u0107 i trwa\u0142o\u015b\u0107 materia\u0142u,wykonana z bawe\u0142ny.Idealna do dzieci\u0119cego pokojuTorba pozwala na zachowanie porz\u0105dku w przestrzeni dzieci\u0119cego pokoju. Jest bardzo praktyczna i przemy\u015blana!\u25b6 Dzi\u0119ki wyj\u0105tkowemu designowi dekoruje pok\u00f3j.\u25b6 Posiada mocne uszy.\u25b6 Pomaga utrzyma\u0107 porz\u0105dek i \u0142atwo si\u0119 czy\u015bci.Pozwala na szybkie sprz\u0105tni\u0119cie zabawek!Dzi\u0119ki mocnemu wykonaniu mo\u017cna wykorzysta\u0107 kosz na wiele sposob\u00f3w!Praktyczny element wystrojuTorba jest lekka i pojemnawymiary 60 cm x 35 cm.<\/p>\n<h2>Ricokids Kosz Na Zabawki Bia\u0142y W Gwiazdki 740205 Ricokids<\/h2>\n<p>izabela imie, \u015bwi\u0105teczne filmy familijne, piosenki dla dzieci tekst, choinka kolorowanka szablon, bajka dla dzieci do czytania, harry potter kolorowanka, marianna imi\u0119, ksi\u0105\u017cka dla dzieci online, kolorowanka sky, zagadki dla dzieci 9 10 lat z odpowiedziami, karaluchy pod poduchy a szczypawki<\/p>\n<p>yyyyy<\/p>\n<p>&nbsp;<\/p>\n","protected":false},"excerpt":{"rendered":"<p>Du\u017cy i pojemny kosz na zabawki Ricokids\u2757 praktyczna wolnostoj\u0105ca torba na zabawki.bardzo du\u017ca pojemno\u015b\u0107,najwy\u017csza jako\u015b\u0107 i trwa\u0142o\u015b\u0107 materia\u0142u,wykonana z bawe\u0142ny.Idealna do dzieci\u0119cego pokojuTorba pozwala na zachowanie porz\u0105dku w przestrzeni dzieci\u0119cego pokoju. Jest bardzo praktyczna i przemy\u015blana!\u25b6 Dzi\u0119ki wyj\u0105tkowemu designowi dekoruje pok\u00f3j.\u25b6 Posiada mocne uszy.\u25b6 Pomaga utrzyma\u0107 porz\u0105dek i \u0142atwo si\u0119 czy\u015bci.Pozwala na szybkie sprz\u0105tni\u0119cie zabawek!Dzi\u0119ki [&hellip;]<\/p>\n","protected":false},"featured_media":9860,"comment_status":"closed","ping_status":"open","template":"","meta":[],"product_cat":[1233,990],"product_tag":[838,610,691],"class_list":["post-9859","product","type-product","status-publish","has-post-thumbnail","hentry","product_cat-ricokids","product_cat-skrzynie-i-pojemniki-na-zabawki","product_tag-bajki-dla-dzieci-na-dobranoc","product_tag-co-na-prezent-dla-nastolatkow","product_tag-gabriel"],"_links":{"self":[{"href":"http:\/\/klubmamgdynia.pl\/index.php\/wp-json\/wp\/v2\/product\/9859","targetHints":{"allow":["GET"]}}],"collection":[{"href":"http:\/\/klubmamgdynia.pl\/index.php\/wp-json\/wp\/v2\/product"}],"about":[{"href":"http:\/\/klubmamgdynia.pl\/index.php\/wp-json\/wp\/v2\/types\/product"}],"replies":[{"embeddable":true,"href":"http:\/\/klubmamgdynia.pl\/index.php\/wp-json\/wp\/v2\/comments?post=9859"}],"wp:featuredmedia":[{"embeddable":true,"href":"http:\/\/klubmamgdynia.pl\/index.php\/wp-json\/wp\/v2\/media\/9860"}],"wp:attachment":[{"href":"http:\/\/klubmamgdynia.pl\/index.php\/wp-json\/wp\/v2\/media?parent=9859"}],"wp:term":[{"taxonomy":"product_cat","embeddable":true,"href":"http:\/\/klubmamgdynia.pl\/index.php\/wp-json\/wp\/v2\/product_cat?post=9859"},{"taxonomy":"product_tag","embeddable":true,"href":"http:\/\/klubmamgdynia.pl\/index.php\/wp-json\/wp\/v2\/product_tag?post=9859"}],"curies":[{"name":"wp","href":"https:\/\/api.w.org\/{rel}","templated":true}]}}