{"id":986,"date":"2017-05-08T17:05:49","date_gmt":"2017-05-08T15:05:49","guid":{"rendered":"http:\/\/klubmamgdynia.pl\/index.php\/produkt\/luxma-blender-dla-dzieci-robot-agd-na-baterie-3212z-zabawka\/"},"modified":"2026-05-01T16:19:11","modified_gmt":"2026-05-01T14:19:11","slug":"luxma-blender-dla-dzieci-robot-agd-na-baterie-3212z-zabawka","status":"publish","type":"product","link":"http:\/\/klubmamgdynia.pl\/index.php\/produkt\/luxma-blender-dla-dzieci-robot-agd-na-baterie-3212z-zabawka\/","title":{"rendered":"Luxma Blender Dla Dzieci Robot Agd Na Baterie 3212Z &#8211; Zabawka"},"content":{"rendered":"<p>BLENDER DLA DZIECI ROBOT AGD NA BATERIE 3212DOST\u0118PNY KOLOR :ZIELONYWymiary opakowania:17 x 23 x 11 cmWymiary Blendera:20 x 14 x 10 cmFunkcje:1. Blender posiada nak\u0142adany pojemnik z klapk\u0105.2. Po wlaniu do niego wody naciskamy przycisk uruchamiaj\u0105c blender3. Mikser w \u015brodku zaczyna si\u0119 obraca\u0107 mieszaj\u0105c wod\u0119 i blender wydaje realistyczne d\u017awi\u0119ki.4. Otwierana pokrywaW SK\u0141AD ZESTAWU WCHODZI:BLENDERKOLOROWE OPAKOWANIEZabawka zasilana dwoma bateriami AA(brak baterii w zestawie).ZABAWKI DLA DZIECI POWY\u017bEJ 3 ROKU \u017bYCIA.<\/p>\n<h2>Luxma Blender Dla Dzieci Robot Agd Na Baterie 3212Z &#8211; Zabawka Luxma<\/h2>\n<p>quizy online, znaczenie imienia paula, opowie\u015bci z narni lew czarownica i stara szafa test, gra kulki, park so\u0142acki, opowie\u015bci z narni lew czarownica i stara szafa test, zagadki dla 4 latka, pisanie po \u015bladzie do druku pdf, uk\u0142ad s\u0142oneczny dla dzieci do druku, quizy online, kolorowanki konie do druku, gry i zabawy dla dzieci, kira, tekst ko\u0142ysanki<\/p>\n<p>yyyyy<\/p>\n<p>&nbsp;<\/p>\n","protected":false},"excerpt":{"rendered":"<p>BLENDER DLA DZIECI ROBOT AGD NA BATERIE 3212DOST\u0118PNY KOLOR :ZIELONYWymiary opakowania:17 x 23 x 11 cmWymiary Blendera:20 x 14 x 10 cmFunkcje:1. Blender posiada nak\u0142adany pojemnik z klapk\u0105.2. Po wlaniu do niego wody naciskamy przycisk uruchamiaj\u0105c blender3. Mikser w \u015brodku zaczyna si\u0119 obraca\u0107 mieszaj\u0105c wod\u0119 i blender wydaje realistyczne d\u017awi\u0119ki.4. Otwierana pokrywaW SK\u0141AD ZESTAWU WCHODZI:BLENDERKOLOROWE [&hellip;]<\/p>\n","protected":false},"featured_media":987,"comment_status":"closed","ping_status":"open","template":"","meta":[],"product_cat":[53,327],"product_tag":[662,650,842],"class_list":["post-986","product","type-product","status-publish","has-post-thumbnail","hentry","product_cat-kaciki-zabaw","product_cat-luxma","product_tag-bajki-na-dobranoc","product_tag-choinka-z-bibuly","product_tag-plac-zabaw-poznan"],"_links":{"self":[{"href":"http:\/\/klubmamgdynia.pl\/index.php\/wp-json\/wp\/v2\/product\/986","targetHints":{"allow":["GET"]}}],"collection":[{"href":"http:\/\/klubmamgdynia.pl\/index.php\/wp-json\/wp\/v2\/product"}],"about":[{"href":"http:\/\/klubmamgdynia.pl\/index.php\/wp-json\/wp\/v2\/types\/product"}],"replies":[{"embeddable":true,"href":"http:\/\/klubmamgdynia.pl\/index.php\/wp-json\/wp\/v2\/comments?post=986"}],"wp:featuredmedia":[{"embeddable":true,"href":"http:\/\/klubmamgdynia.pl\/index.php\/wp-json\/wp\/v2\/media\/987"}],"wp:attachment":[{"href":"http:\/\/klubmamgdynia.pl\/index.php\/wp-json\/wp\/v2\/media?parent=986"}],"wp:term":[{"taxonomy":"product_cat","embeddable":true,"href":"http:\/\/klubmamgdynia.pl\/index.php\/wp-json\/wp\/v2\/product_cat?post=986"},{"taxonomy":"product_tag","embeddable":true,"href":"http:\/\/klubmamgdynia.pl\/index.php\/wp-json\/wp\/v2\/product_tag?post=986"}],"curies":[{"name":"wp","href":"https:\/\/api.w.org\/{rel}","templated":true}]}}