{"id":9861,"date":"2013-08-14T18:22:29","date_gmt":"2013-08-14T16:22:29","guid":{"rendered":"http:\/\/klubmamgdynia.pl\/index.php\/produkt\/yellow-tipi-skrzynia-tapicerowana-magic-collection-120x40x40cm-52650014\/"},"modified":"2026-05-17T23:05:52","modified_gmt":"2026-05-17T21:05:52","slug":"yellow-tipi-skrzynia-tapicerowana-magic-collection-120x40x40cm-52650014","status":"publish","type":"product","link":"http:\/\/klubmamgdynia.pl\/index.php\/produkt\/yellow-tipi-skrzynia-tapicerowana-magic-collection-120x40x40cm-52650014\/","title":{"rendered":"Yellow Tipi Skrzynia Tapicerowana Magic Collection 120X40X40Cm 52650014"},"content":{"rendered":"<p>Skrzynia tapicerowana, to fukncjonalny mebel, kt\u00f3ry w dzieci\u0119cym pokoju s\u0142u\u017cy zar\u00f3wno jako schowek i siedzisko. Jej prost\u0105 form\u0119 ozdobisz pi\u0119knymi tkaninami dost\u0119pnymi w naszej ofercie i tym samym nadasz meblowi oraz wn\u0119trzu wyj\u0105tkowy charakter. Skrzynia obita zosta\u0142a puszyst\u0105 w\u0142\u00f3knin\u0105, a wieko wy\u0142o\u017cyli\u015bmy grub\u0105 g\u0105bk\u0105, by siedzia\u0142o si\u0119 naprawd\u0119 przyjemnie. Otwieranie skrzyni u\u0142atwiaj\u0105 wygodne, samoblokuj\u0105ce si\u0119 zawiasy, kt\u00f3re zapobiegaj\u0105 nag\u0142emu opadni\u0119ciu wieka i dbaj\u0105 o bezpiecze\u0144stwo malucha. Skrzynia dost\u0119pna jest w dw\u00f3ch rozmiarach: 90 x 40 x 40 cm lub 120 x 40 x 40 cm.<\/p>\n<h2>Yellow Tipi Skrzynia Tapicerowana Magic Collection 120X40X40Cm 52650014 Yellow Tipi<\/h2>\n<p>znane misie z film\u00f3w animowanych, zabawy z pi\u0142k\u0105 dla dzieci, quiz felix net i nika oraz gang niewidzialnych ludzi, literki dla dzieci, janusz korczak cytaty, testy z lektury opowie\u015bci z narni lew czarownica i stara szafa, tekst ko\u0142ysanki, test na znaki drogowe, jagna, rozrywka dla dzieci, kontynenty do druku, najpi\u0119kniejsze cytaty o przyja\u017ani, zagadki dla dzieci 14 lat<\/p>\n<p>yyyyy<\/p>\n<p>&nbsp;<\/p>\n","protected":false},"excerpt":{"rendered":"<p>Skrzynia tapicerowana, to fukncjonalny mebel, kt\u00f3ry w dzieci\u0119cym pokoju s\u0142u\u017cy zar\u00f3wno jako schowek i siedzisko. Jej prost\u0105 form\u0119 ozdobisz pi\u0119knymi tkaninami dost\u0119pnymi w naszej ofercie i tym samym nadasz meblowi oraz wn\u0119trzu wyj\u0105tkowy charakter. Skrzynia obita zosta\u0142a puszyst\u0105 w\u0142\u00f3knin\u0105, a wieko wy\u0142o\u017cyli\u015bmy grub\u0105 g\u0105bk\u0105, by siedzia\u0142o si\u0119 naprawd\u0119 przyjemnie. Otwieranie skrzyni u\u0142atwiaj\u0105 wygodne, samoblokuj\u0105ce si\u0119 [&hellip;]<\/p>\n","protected":false},"featured_media":9862,"comment_status":"closed","ping_status":"open","template":"","meta":[],"product_cat":[990,287],"product_tag":[871,598,766,770,799,601],"class_list":["post-9861","product","type-product","status-publish","has-post-thumbnail","hentry","product_cat-skrzynie-i-pojemniki-na-zabawki","product_cat-yellow-tipi","product_tag-bajka-o-smoku-wawelskim","product_tag-co-na-roczek-dla-dziewczynki","product_tag-kira","product_tag-samolot-z-papieru","product_tag-zagadka-logiczna","product_tag-zagadki-co-to-jest"],"_links":{"self":[{"href":"http:\/\/klubmamgdynia.pl\/index.php\/wp-json\/wp\/v2\/product\/9861","targetHints":{"allow":["GET"]}}],"collection":[{"href":"http:\/\/klubmamgdynia.pl\/index.php\/wp-json\/wp\/v2\/product"}],"about":[{"href":"http:\/\/klubmamgdynia.pl\/index.php\/wp-json\/wp\/v2\/types\/product"}],"replies":[{"embeddable":true,"href":"http:\/\/klubmamgdynia.pl\/index.php\/wp-json\/wp\/v2\/comments?post=9861"}],"wp:featuredmedia":[{"embeddable":true,"href":"http:\/\/klubmamgdynia.pl\/index.php\/wp-json\/wp\/v2\/media\/9862"}],"wp:attachment":[{"href":"http:\/\/klubmamgdynia.pl\/index.php\/wp-json\/wp\/v2\/media?parent=9861"}],"wp:term":[{"taxonomy":"product_cat","embeddable":true,"href":"http:\/\/klubmamgdynia.pl\/index.php\/wp-json\/wp\/v2\/product_cat?post=9861"},{"taxonomy":"product_tag","embeddable":true,"href":"http:\/\/klubmamgdynia.pl\/index.php\/wp-json\/wp\/v2\/product_tag?post=9861"}],"curies":[{"name":"wp","href":"https:\/\/api.w.org\/{rel}","templated":true}]}}