{"id":9865,"date":"2020-03-05T18:08:06","date_gmt":"2020-03-05T17:08:06","guid":{"rendered":"http:\/\/klubmamgdynia.pl\/index.php\/produkt\/hulajnoga-lucky-recruit-2022-czerwony-niebieski\/"},"modified":"2026-04-06T02:13:12","modified_gmt":"2026-04-06T00:13:12","slug":"hulajnoga-lucky-recruit-2022-czerwony-niebieski","status":"publish","type":"product","link":"http:\/\/klubmamgdynia.pl\/index.php\/produkt\/hulajnoga-lucky-recruit-2022-czerwony-niebieski\/","title":{"rendered":"Hulajnoga Lucky Recruit 2022 Czerwony Niebieski"},"content":{"rendered":"<p>Lucky Recruit 2022 to hulajnoga wyczynowa, kt\u00f3ra \u015bwietnie sprawdzi si\u0119 podczas jazdy na skatepark&#8230;<\/p>\n<h2>Hulajnoga Lucky Recruit 2022 Czerwony Niebieski Lucky<\/h2>\n<p>zaproszenia urodzinowe do wydruku chomikuj, sentencje o przyja\u017ani, zagadki dla dzieci 7 lat o zwierz\u0119tach, spos\u00f3b na elfa test, cytaty dla mamy<\/p>\n<p>yyyyy<\/p>\n<p>&nbsp;<\/p>\n","protected":false},"excerpt":{"rendered":"<p>Lucky Recruit 2022 to hulajnoga wyczynowa, kt\u00f3ra \u015bwietnie sprawdzi si\u0119 podczas jazdy na skatepark&#8230; Hulajnoga Lucky Recruit 2022 Czerwony Niebieski Lucky zaproszenia urodzinowe do wydruku chomikuj, sentencje o przyja\u017ani, zagadki dla dzieci 7 lat o zwierz\u0119tach, spos\u00f3b na elfa test, cytaty dla mamy yyyyy &nbsp;<\/p>\n","protected":false},"featured_media":9866,"comment_status":"closed","ping_status":"open","template":"","meta":[],"product_cat":[1853,1852],"product_tag":[777,612,821],"class_list":["post-9865","product","type-product","status-publish","has-post-thumbnail","hentry","product_cat-hulajnogi","product_cat-lucky","product_tag-co-na-roczek","product_tag-kolorowanki-do-druku","product_tag-marianna"],"_links":{"self":[{"href":"http:\/\/klubmamgdynia.pl\/index.php\/wp-json\/wp\/v2\/product\/9865","targetHints":{"allow":["GET"]}}],"collection":[{"href":"http:\/\/klubmamgdynia.pl\/index.php\/wp-json\/wp\/v2\/product"}],"about":[{"href":"http:\/\/klubmamgdynia.pl\/index.php\/wp-json\/wp\/v2\/types\/product"}],"replies":[{"embeddable":true,"href":"http:\/\/klubmamgdynia.pl\/index.php\/wp-json\/wp\/v2\/comments?post=9865"}],"wp:featuredmedia":[{"embeddable":true,"href":"http:\/\/klubmamgdynia.pl\/index.php\/wp-json\/wp\/v2\/media\/9866"}],"wp:attachment":[{"href":"http:\/\/klubmamgdynia.pl\/index.php\/wp-json\/wp\/v2\/media?parent=9865"}],"wp:term":[{"taxonomy":"product_cat","embeddable":true,"href":"http:\/\/klubmamgdynia.pl\/index.php\/wp-json\/wp\/v2\/product_cat?post=9865"},{"taxonomy":"product_tag","embeddable":true,"href":"http:\/\/klubmamgdynia.pl\/index.php\/wp-json\/wp\/v2\/product_tag?post=9865"}],"curies":[{"name":"wp","href":"https:\/\/api.w.org\/{rel}","templated":true}]}}